{"id":971,"date":"2026-04-07T15:09:11","date_gmt":"2026-04-07T18:09:11","guid":{"rendered":"https:\/\/cirurgiaplasticapassofundo.com.br\/?page_id=971"},"modified":"2026-04-08T09:14:12","modified_gmt":"2026-04-08T12:14:12","slug":"whatsapp","status":"publish","type":"page","link":"https:\/\/cirurgiaplasticapassofundo.com.br\/?page_id=971","title":{"rendered":"WhatsApp"},"content":{"rendered":"\t\t<div data-elementor-type=\"wp-page\" data-elementor-id=\"971\" class=\"elementor elementor-971\" data-elementor-settings=\"[]\">\n\t\t\t\t\t\t\t<div class=\"elementor-section-wrap\">\n\t\t\t\t\t\t\t<section class=\"elementor-section elementor-top-section elementor-element elementor-element-3794b4d elementor-section-boxed elementor-section-height-default elementor-section-height-default\" data-id=\"3794b4d\" data-element_type=\"section\">\n\t\t\t\t\t\t<div class=\"elementor-container elementor-column-gap-default\">\n\t\t\t\t\t<div class=\"elementor-column elementor-col-100 elementor-top-column elementor-element elementor-element-28d9cf0\" data-id=\"28d9cf0\" data-element_type=\"column\">\n\t\t\t<div class=\"elementor-widget-wrap elementor-element-populated\">\n\t\t\t\t\t\t\t\t<div class=\"elementor-element elementor-element-9266ae4 elementor-widget elementor-widget-shortcode\" data-id=\"9266ae4\" data-element_type=\"widget\" data-widget_type=\"shortcode.default\">\n\t\t\t\t<div class=\"elementor-widget-container\">\n\t\t\t\t\t<div class=\"elementor-shortcode\">    <style>\n    #ra_lgJ0Co {\n        --ra-accent: #0ea5e9;\n        --ra-bg:     #0f172a;\n        --ra-fg:     #f8fafc;\n    }\n    #ra_lgJ0Co .ra-wrap {\n        background: var(--ra-bg);\n        color: var(--ra-fg);\n        border-radius: 16px;\n        padding: 40px 32px;\n        max-width: 480px;\n        margin: 40px auto;\n        text-align: center;\n        font-family: -apple-system, BlinkMacSystemFont, 'Segoe UI', Roboto, sans-serif;\n        box-shadow: 0 20px 60px rgba(0,0,0,.35);\n        position: relative;\n        overflow: hidden;\n    }\n    #ra_lgJ0Co .ra-wrap::before {\n        content: '';\n        position: absolute;\n        inset: 0;\n        background: radial-gradient(ellipse at top, rgba(255,255,255,.06) 0%, transparent 70%);\n        pointer-events: none;\n    }\n    #ra_lgJ0Co .ra-icon {\n        font-size: 52px;\n        line-height: 1;\n        margin-bottom: 16px;\n        display: block;\n        animation: ra-pulse 2s ease-in-out infinite;\n    }\n    @keyframes ra-pulse {\n        0%, 100% { transform: scale(1); }\n        50%       { transform: scale(1.1); }\n    }\n    #ra_lgJ0Co .ra-msg {\n        font-size: 16px;\n        opacity: .8;\n        margin: 0 0 8px;\n        line-height: 1.5;\n    }\n    #ra_lgJ0Co .ra-count {\n        font-size: 68px;\n        font-weight: 900;\n        line-height: 1;\n        letter-spacing: -3px;\n        margin: 0 0 28px;\n        color: var(--ra-fg);\n        transition: transform .1s ease;\n    }\n    #ra_lgJ0Co .ra-count span {\n        font-size: 22px;\n        font-weight: 400;\n        opacity: .6;\n        letter-spacing: 0;\n    }\n    #ra_lgJ0Co .ra-bar-track {\n        background: rgba(255,255,255,.15);\n        border-radius: 99px;\n        height: 10px;\n        overflow: hidden;\n        margin-bottom: 28px;\n    }\n    #ra_lgJ0Co .ra-bar-fill {\n        background: var(--ra-accent);\n        height: 100%;\n        width: 100%;\n        border-radius: 99px;\n        transform-origin: left;\n        transition: transform linear;\n        box-shadow: 0 0 12px var(--ra-accent);\n    }\n    #ra_lgJ0Co .ra-btn {\n        display: inline-block;\n        background: var(--ra-accent);\n        color: #fff !important;\n        text-decoration: none !important;\n        border: none;\n        padding: 13px 36px;\n        border-radius: 10px;\n        font-size: 15px;\n        font-weight: 700;\n        cursor: pointer;\n        letter-spacing: .3px;\n        transition: opacity .2s, transform .15s;\n        box-shadow: 0 4px 18px rgba(0,0,0,.25);\n    }\n    #ra_lgJ0Co .ra-btn:hover {\n        opacity: .9;\n        transform: translateY(-2px);\n    }\n    #ra_lgJ0Co .ra-note {\n        font-size: 12px;\n        opacity: .45;\n        margin-top: 16px;\n    }\n    <\/style>\n\n    <div id=\"ra_lgJ0Co\">\n        <div class=\"ra-wrap\">\n            <span class=\"ra-icon\">\ud83d\udcac<\/span>\n            <p class=\"ra-msg\">Voc\u00ea ser\u00e1 redirecionado para o atendimento em<\/p>\n            <p class=\"ra-count\" id=\"ra_lgJ0Co_num\">3<span>s<\/span><\/p>\n            <div class=\"ra-bar-track\">\n                <div class=\"ra-bar-fill\" id=\"ra_lgJ0Co_bar\"><\/div>\n            <\/div>\n            <a href=\"https:\/\/api.whatsapp.com\/send\/?phone=5554999200030&#038;text=Ol%C3%A1+eu+estava+navegando+no+site+https%3A%2F%2Fcirurgiaplasticapassofundo.com.br%2F+e+gostaria+de+tirar+d%C3%BAvidas+para+solicitar+minha+avalia%C3%A7%C3%A3o+para+cirurgia+pl%C3%A1stica+com+Dr.+Willian+Segalin.&#038;type=phone_number&#038;app_absent=0\"\n               target=\"_blank\"\n               rel=\"noopener noreferrer\"               class=\"ra-btn\"\n               id=\"ra_lgJ0Co_btn\">\n                Ir agora            <\/a>\n            <p class=\"ra-note\">Abre em nova aba<\/p>\n        <\/div>\n    <\/div>\n\n    <script>\n    (function() {\n        var uid      = 'ra_lgJ0Co';\n        var totalMs  = 3000;\n        var totalSec = 3;\n        var url      = 'https:\/\/api.whatsapp.com\/send\/?phone=5554999200030&amp;text=Ol%C3%A1+eu+estava+navegando+no+site+https%3A%2F%2Fcirurgiaplasticapassofundo.com.br%2F+e+gostaria+de+tirar+d%C3%BAvidas+para+solicitar+minha+avalia%C3%A7%C3%A3o+para+cirurgia+pl%C3%A1stica+com+Dr.+Willian+Segalin.&amp;type=phone_number&amp;app_absent=0';\n        var target   = '_blank';\n\n        var numEl    = document.getElementById(uid + '_num');\n        var barEl    = document.getElementById(uid + '_bar');\n        var btnEl    = document.getElementById(uid + '_btn');\n\n        \/* Barra come\u00e7a cheia (100%) e encolhe at\u00e9 0% *\/\n        barEl.style.transition = 'transform ' + (totalMs \/ 1000) + 's linear';\n        barEl.style.transform  = 'scaleX(1)';\n\n        \/* For\u00e7a reflow para a transi\u00e7\u00e3o funcionar *\/\n        void barEl.offsetWidth;\n\n        \/* Inicia anima\u00e7\u00e3o da barra *\/\n        setTimeout(function() {\n            barEl.style.transform = 'scaleX(0)';\n        }, 60);\n\n        \/* Contagem regressiva no n\u00famero *\/\n        var remaining = totalSec;\n        var ticker = setInterval(function() {\n            remaining--;\n            if (numEl) {\n                numEl.innerHTML = remaining + '<span>s<\/span>';\n                numEl.style.transform = 'scale(1.15)';\n                setTimeout(function() { numEl.style.transform = 'scale(1)'; }, 120);\n            }\n            if (remaining <= 0) {\n                clearInterval(ticker);\n            }\n        }, 1000);\n\n        \/* Redirecionamento ao fim \u2014 window.location.href nunca dispara bloqueador de popup *\/\n        var redirectTimer = setTimeout(function() {\n            window.location.href = url;\n        }, totalMs);\n\n        \/* Bot\u00e3o navega naturalmente como link \u2014 sem preventDefault,\n           sem window.open, sem risco de bloqueio *\/\n        if (btnEl) {\n            btnEl.addEventListener('click', function() {\n                clearInterval(ticker);\n                clearTimeout(redirectTimer);\n                \/* A navega\u00e7\u00e3o ocorre pelo href nativo do <a> *\/\n            });\n        }\n    })();\n    <\/script>\n    <\/div>\n\t\t\t\t<\/div>\n\t\t\t\t<\/div>\n\t\t\t\t\t<\/div>\n\t\t<\/div>\n\t\t\t\t\t\t\t<\/div>\n\t\t<\/section>\n\t\t\t\t\t\t<\/div>\n\t\t\t\t\t<\/div>\n\t\t","protected":false},"excerpt":{"rendered":"","protected":false},"author":1,"featured_media":0,"parent":0,"menu_order":0,"comment_status":"closed","ping_status":"closed","template":"","meta":{"footnotes":""},"class_list":["post-971","page","type-page","status-publish","hentry"],"yoast_head":"<!-- This site is optimized with the Yoast SEO plugin v22.2 - https:\/\/yoast.com\/wordpress\/plugins\/seo\/ -->\n<title>WhatsApp -<\/title>\n<meta name=\"robots\" content=\"index, follow, max-snippet:-1, max-image-preview:large, max-video-preview:-1\" \/>\n<link rel=\"canonical\" href=\"https:\/\/cirurgiaplasticapassofundo.com.br\/?page_id=971\" \/>\n<meta property=\"og:locale\" content=\"pt_BR\" \/>\n<meta property=\"og:type\" content=\"article\" \/>\n<meta property=\"og:title\" content=\"WhatsApp -\" \/>\n<meta property=\"og:url\" content=\"https:\/\/cirurgiaplasticapassofundo.com.br\/?page_id=971\" \/>\n<meta property=\"article:modified_time\" content=\"2026-04-08T12:14:12+00:00\" \/>\n<meta name=\"twitter:card\" content=\"summary_large_image\" \/>\n<script type=\"application\/ld+json\" class=\"yoast-schema-graph\">{\"@context\":\"https:\/\/schema.org\",\"@graph\":[{\"@type\":\"WebPage\",\"@id\":\"https:\/\/cirurgiaplasticapassofundo.com.br\/?page_id=971\",\"url\":\"https:\/\/cirurgiaplasticapassofundo.com.br\/?page_id=971\",\"name\":\"WhatsApp -\",\"isPartOf\":{\"@id\":\"https:\/\/cirurgiaplasticapassofundo.com.br\/#website\"},\"datePublished\":\"2026-04-07T18:09:11+00:00\",\"dateModified\":\"2026-04-08T12:14:12+00:00\",\"breadcrumb\":{\"@id\":\"https:\/\/cirurgiaplasticapassofundo.com.br\/?page_id=971#breadcrumb\"},\"inLanguage\":\"pt-BR\",\"potentialAction\":[{\"@type\":\"ReadAction\",\"target\":[\"https:\/\/cirurgiaplasticapassofundo.com.br\/?page_id=971\"]}]},{\"@type\":\"BreadcrumbList\",\"@id\":\"https:\/\/cirurgiaplasticapassofundo.com.br\/?page_id=971#breadcrumb\",\"itemListElement\":[{\"@type\":\"ListItem\",\"position\":1,\"name\":\"In\u00edcio\",\"item\":\"https:\/\/cirurgiaplasticapassofundo.com.br\/\"},{\"@type\":\"ListItem\",\"position\":2,\"name\":\"WhatsApp\"}]},{\"@type\":\"WebSite\",\"@id\":\"https:\/\/cirurgiaplasticapassofundo.com.br\/#website\",\"url\":\"https:\/\/cirurgiaplasticapassofundo.com.br\/\",\"name\":\"\",\"description\":\"\",\"potentialAction\":[{\"@type\":\"SearchAction\",\"target\":{\"@type\":\"EntryPoint\",\"urlTemplate\":\"https:\/\/cirurgiaplasticapassofundo.com.br\/?s={search_term_string}\"},\"query-input\":\"required name=search_term_string\"}],\"inLanguage\":\"pt-BR\"}]}<\/script>\n<!-- \/ Yoast SEO plugin. -->","yoast_head_json":{"title":"WhatsApp -","robots":{"index":"index","follow":"follow","max-snippet":"max-snippet:-1","max-image-preview":"max-image-preview:large","max-video-preview":"max-video-preview:-1"},"canonical":"https:\/\/cirurgiaplasticapassofundo.com.br\/?page_id=971","og_locale":"pt_BR","og_type":"article","og_title":"WhatsApp -","og_url":"https:\/\/cirurgiaplasticapassofundo.com.br\/?page_id=971","article_modified_time":"2026-04-08T12:14:12+00:00","twitter_card":"summary_large_image","schema":{"@context":"https:\/\/schema.org","@graph":[{"@type":"WebPage","@id":"https:\/\/cirurgiaplasticapassofundo.com.br\/?page_id=971","url":"https:\/\/cirurgiaplasticapassofundo.com.br\/?page_id=971","name":"WhatsApp -","isPartOf":{"@id":"https:\/\/cirurgiaplasticapassofundo.com.br\/#website"},"datePublished":"2026-04-07T18:09:11+00:00","dateModified":"2026-04-08T12:14:12+00:00","breadcrumb":{"@id":"https:\/\/cirurgiaplasticapassofundo.com.br\/?page_id=971#breadcrumb"},"inLanguage":"pt-BR","potentialAction":[{"@type":"ReadAction","target":["https:\/\/cirurgiaplasticapassofundo.com.br\/?page_id=971"]}]},{"@type":"BreadcrumbList","@id":"https:\/\/cirurgiaplasticapassofundo.com.br\/?page_id=971#breadcrumb","itemListElement":[{"@type":"ListItem","position":1,"name":"In\u00edcio","item":"https:\/\/cirurgiaplasticapassofundo.com.br\/"},{"@type":"ListItem","position":2,"name":"WhatsApp"}]},{"@type":"WebSite","@id":"https:\/\/cirurgiaplasticapassofundo.com.br\/#website","url":"https:\/\/cirurgiaplasticapassofundo.com.br\/","name":"","description":"","potentialAction":[{"@type":"SearchAction","target":{"@type":"EntryPoint","urlTemplate":"https:\/\/cirurgiaplasticapassofundo.com.br\/?s={search_term_string}"},"query-input":"required name=search_term_string"}],"inLanguage":"pt-BR"}]}},"_links":{"self":[{"href":"https:\/\/cirurgiaplasticapassofundo.com.br\/index.php?rest_route=\/wp\/v2\/pages\/971","targetHints":{"allow":["GET"]}}],"collection":[{"href":"https:\/\/cirurgiaplasticapassofundo.com.br\/index.php?rest_route=\/wp\/v2\/pages"}],"about":[{"href":"https:\/\/cirurgiaplasticapassofundo.com.br\/index.php?rest_route=\/wp\/v2\/types\/page"}],"author":[{"embeddable":true,"href":"https:\/\/cirurgiaplasticapassofundo.com.br\/index.php?rest_route=\/wp\/v2\/users\/1"}],"replies":[{"embeddable":true,"href":"https:\/\/cirurgiaplasticapassofundo.com.br\/index.php?rest_route=%2Fwp%2Fv2%2Fcomments&post=971"}],"version-history":[{"count":28,"href":"https:\/\/cirurgiaplasticapassofundo.com.br\/index.php?rest_route=\/wp\/v2\/pages\/971\/revisions"}],"predecessor-version":[{"id":1087,"href":"https:\/\/cirurgiaplasticapassofundo.com.br\/index.php?rest_route=\/wp\/v2\/pages\/971\/revisions\/1087"}],"wp:attachment":[{"href":"https:\/\/cirurgiaplasticapassofundo.com.br\/index.php?rest_route=%2Fwp%2Fv2%2Fmedia&parent=971"}],"curies":[{"name":"wp","href":"https:\/\/api.w.org\/{rel}","templated":true}]}}