{"id":894,"date":"2024-09-26T19:18:41","date_gmt":"2024-09-26T22:18:41","guid":{"rendered":"https:\/\/cirurgiaplasticapassofundo.com.br\/?page_id=894"},"modified":"2024-09-26T19:20:52","modified_gmt":"2024-09-26T22:20:52","slug":"solicite-avaliacao","status":"publish","type":"page","link":"https:\/\/cirurgiaplasticapassofundo.com.br\/?page_id=894","title":{"rendered":"Solicite Avalia\u00e7\u00e3o"},"content":{"rendered":"\t\t<div data-elementor-type=\"wp-page\" data-elementor-id=\"894\" class=\"elementor elementor-894\" data-elementor-settings=\"[]\">\n\t\t\t\t\t\t\t<div class=\"elementor-section-wrap\">\n\t\t\t\t\t\t\t<section class=\"elementor-section elementor-top-section elementor-element elementor-element-e9a744f elementor-section-boxed elementor-section-height-default elementor-section-height-default\" data-id=\"e9a744f\" data-element_type=\"section\">\n\t\t\t\t\t\t<div class=\"elementor-container elementor-column-gap-default\">\n\t\t\t\t\t<div class=\"elementor-column elementor-col-33 elementor-top-column elementor-element elementor-element-11a923f\" data-id=\"11a923f\" data-element_type=\"column\">\n\t\t\t<div class=\"elementor-widget-wrap\">\n\t\t\t\t\t\t\t\t\t<\/div>\n\t\t<\/div>\n\t\t\t\t<div class=\"elementor-column elementor-col-33 elementor-top-column elementor-element elementor-element-81951ef\" data-id=\"81951ef\" data-element_type=\"column\">\n\t\t\t<div class=\"elementor-widget-wrap elementor-element-populated\">\n\t\t\t\t\t\t\t\t<div class=\"elementor-element elementor-element-3d0c657 elementor-widget elementor-widget-spacer\" data-id=\"3d0c657\" data-element_type=\"widget\" data-widget_type=\"spacer.default\">\n\t\t\t\t<div class=\"elementor-widget-container\">\n\t\t\t\t\t<div class=\"elementor-spacer\">\n\t\t\t<div class=\"elementor-spacer-inner\"><\/div>\n\t\t<\/div>\n\t\t\t\t<\/div>\n\t\t\t\t<\/div>\n\t\t\t\t<div class=\"elementor-element elementor-element-3250261 elementor-widget elementor-widget-heading\" data-id=\"3250261\" data-element_type=\"widget\" data-widget_type=\"heading.default\">\n\t\t\t\t<div class=\"elementor-widget-container\">\n\t\t\t<h2 class=\"elementor-heading-title elementor-size-default\">Solicite Sua Avalia\u00e7\u00e3o<\/h2>\t\t<\/div>\n\t\t\t\t<\/div>\n\t\t\t\t<div class=\"elementor-element elementor-element-2adc6f8 elementor-widget elementor-widget-text-editor\" data-id=\"2adc6f8\" data-element_type=\"widget\" data-widget_type=\"text-editor.default\">\n\t\t\t\t<div class=\"elementor-widget-container\">\n\t\t\t\t\t\t\t\t<p>Preencha abaixo corretamente e solicite agora sua avalia\u00e7\u00e3o para cirurgia pl\u00e1stica ou tirar suas d\u00favidas com nossa equipe de atendimento.<\/p>\t\t\t\t\t\t<\/div>\n\t\t\t\t<\/div>\n\t\t\t\t<div class=\"elementor-element elementor-element-64176f4 elementor-widget elementor-widget-html\" data-id=\"64176f4\" data-element_type=\"widget\" data-widget_type=\"html.default\">\n\t\t\t\t<div class=\"elementor-widget-container\">\n\t\t\t<script type=\"text\/javascript\" src=\"\/\/wgw8.com.br\/form\/generate.js?id=1\"><\/script>\t\t<\/div>\n\t\t\t\t<\/div>\n\t\t\t\t\t<\/div>\n\t\t<\/div>\n\t\t\t\t<div class=\"elementor-column elementor-col-33 elementor-top-column elementor-element elementor-element-b6f9424\" data-id=\"b6f9424\" data-element_type=\"column\">\n\t\t\t<div class=\"elementor-widget-wrap\">\n\t\t\t\t\t\t\t\t\t<\/div>\n\t\t<\/div>\n\t\t\t\t\t\t\t<\/div>\n\t\t<\/section>\n\t\t\t\t\t\t<\/div>\n\t\t\t\t\t<\/div>\n\t\t","protected":false},"excerpt":{"rendered":"<p>Solicite Sua Avalia\u00e7\u00e3o Preencha abaixo corretamente e solicite agora sua avalia\u00e7\u00e3o para cirurgia pl\u00e1stica ou tirar suas d\u00favidas com nossa equipe de atendimento.<\/p>\n","protected":false},"author":1,"featured_media":0,"parent":0,"menu_order":0,"comment_status":"closed","ping_status":"closed","template":"","meta":{"footnotes":""},"class_list":["post-894","page","type-page","status-publish","hentry"],"yoast_head":"<!-- This site is optimized with the Yoast SEO plugin v22.2 - https:\/\/yoast.com\/wordpress\/plugins\/seo\/ -->\n<title>Solicite Avalia\u00e7\u00e3o -<\/title>\n<meta name=\"robots\" content=\"index, follow, max-snippet:-1, max-image-preview:large, max-video-preview:-1\" \/>\n<link rel=\"canonical\" href=\"https:\/\/cirurgiaplasticapassofundo.com.br\/?page_id=894\" \/>\n<meta property=\"og:locale\" content=\"pt_BR\" \/>\n<meta property=\"og:type\" content=\"article\" \/>\n<meta property=\"og:title\" content=\"Solicite Avalia\u00e7\u00e3o -\" \/>\n<meta property=\"og:description\" content=\"Solicite Sua Avalia\u00e7\u00e3o Preencha abaixo corretamente e solicite agora sua avalia\u00e7\u00e3o para cirurgia pl\u00e1stica ou tirar suas d\u00favidas com nossa equipe de atendimento.\" \/>\n<meta property=\"og:url\" content=\"https:\/\/cirurgiaplasticapassofundo.com.br\/?page_id=894\" \/>\n<meta property=\"article:modified_time\" content=\"2024-09-26T22:20:52+00:00\" \/>\n<meta name=\"twitter:card\" content=\"summary_large_image\" \/>\n<meta name=\"twitter:label1\" content=\"Est. tempo de leitura\" \/>\n\t<meta name=\"twitter:data1\" content=\"1 minuto\" \/>\n<script type=\"application\/ld+json\" class=\"yoast-schema-graph\">{\"@context\":\"https:\/\/schema.org\",\"@graph\":[{\"@type\":\"WebPage\",\"@id\":\"https:\/\/cirurgiaplasticapassofundo.com.br\/?page_id=894\",\"url\":\"https:\/\/cirurgiaplasticapassofundo.com.br\/?page_id=894\",\"name\":\"Solicite Avalia\u00e7\u00e3o -\",\"isPartOf\":{\"@id\":\"https:\/\/cirurgiaplasticapassofundo.com.br\/#website\"},\"datePublished\":\"2024-09-26T22:18:41+00:00\",\"dateModified\":\"2024-09-26T22:20:52+00:00\",\"breadcrumb\":{\"@id\":\"https:\/\/cirurgiaplasticapassofundo.com.br\/?page_id=894#breadcrumb\"},\"inLanguage\":\"pt-BR\",\"potentialAction\":[{\"@type\":\"ReadAction\",\"target\":[\"https:\/\/cirurgiaplasticapassofundo.com.br\/?page_id=894\"]}]},{\"@type\":\"BreadcrumbList\",\"@id\":\"https:\/\/cirurgiaplasticapassofundo.com.br\/?page_id=894#breadcrumb\",\"itemListElement\":[{\"@type\":\"ListItem\",\"position\":1,\"name\":\"In\u00edcio\",\"item\":\"https:\/\/cirurgiaplasticapassofundo.com.br\/\"},{\"@type\":\"ListItem\",\"position\":2,\"name\":\"Solicite Avalia\u00e7\u00e3o\"}]},{\"@type\":\"WebSite\",\"@id\":\"https:\/\/cirurgiaplasticapassofundo.com.br\/#website\",\"url\":\"https:\/\/cirurgiaplasticapassofundo.com.br\/\",\"name\":\"\",\"description\":\"\",\"potentialAction\":[{\"@type\":\"SearchAction\",\"target\":{\"@type\":\"EntryPoint\",\"urlTemplate\":\"https:\/\/cirurgiaplasticapassofundo.com.br\/?s={search_term_string}\"},\"query-input\":\"required name=search_term_string\"}],\"inLanguage\":\"pt-BR\"}]}<\/script>\n<!-- \/ Yoast SEO plugin. -->","yoast_head_json":{"title":"Solicite Avalia\u00e7\u00e3o -","robots":{"index":"index","follow":"follow","max-snippet":"max-snippet:-1","max-image-preview":"max-image-preview:large","max-video-preview":"max-video-preview:-1"},"canonical":"https:\/\/cirurgiaplasticapassofundo.com.br\/?page_id=894","og_locale":"pt_BR","og_type":"article","og_title":"Solicite Avalia\u00e7\u00e3o -","og_description":"Solicite Sua Avalia\u00e7\u00e3o Preencha abaixo corretamente e solicite agora sua avalia\u00e7\u00e3o para cirurgia pl\u00e1stica ou tirar suas d\u00favidas com nossa equipe de atendimento.","og_url":"https:\/\/cirurgiaplasticapassofundo.com.br\/?page_id=894","article_modified_time":"2024-09-26T22:20:52+00:00","twitter_card":"summary_large_image","twitter_misc":{"Est. tempo de leitura":"1 minuto"},"schema":{"@context":"https:\/\/schema.org","@graph":[{"@type":"WebPage","@id":"https:\/\/cirurgiaplasticapassofundo.com.br\/?page_id=894","url":"https:\/\/cirurgiaplasticapassofundo.com.br\/?page_id=894","name":"Solicite Avalia\u00e7\u00e3o -","isPartOf":{"@id":"https:\/\/cirurgiaplasticapassofundo.com.br\/#website"},"datePublished":"2024-09-26T22:18:41+00:00","dateModified":"2024-09-26T22:20:52+00:00","breadcrumb":{"@id":"https:\/\/cirurgiaplasticapassofundo.com.br\/?page_id=894#breadcrumb"},"inLanguage":"pt-BR","potentialAction":[{"@type":"ReadAction","target":["https:\/\/cirurgiaplasticapassofundo.com.br\/?page_id=894"]}]},{"@type":"BreadcrumbList","@id":"https:\/\/cirurgiaplasticapassofundo.com.br\/?page_id=894#breadcrumb","itemListElement":[{"@type":"ListItem","position":1,"name":"In\u00edcio","item":"https:\/\/cirurgiaplasticapassofundo.com.br\/"},{"@type":"ListItem","position":2,"name":"Solicite Avalia\u00e7\u00e3o"}]},{"@type":"WebSite","@id":"https:\/\/cirurgiaplasticapassofundo.com.br\/#website","url":"https:\/\/cirurgiaplasticapassofundo.com.br\/","name":"","description":"","potentialAction":[{"@type":"SearchAction","target":{"@type":"EntryPoint","urlTemplate":"https:\/\/cirurgiaplasticapassofundo.com.br\/?s={search_term_string}"},"query-input":"required name=search_term_string"}],"inLanguage":"pt-BR"}]}},"_links":{"self":[{"href":"https:\/\/cirurgiaplasticapassofundo.com.br\/index.php?rest_route=\/wp\/v2\/pages\/894","targetHints":{"allow":["GET"]}}],"collection":[{"href":"https:\/\/cirurgiaplasticapassofundo.com.br\/index.php?rest_route=\/wp\/v2\/pages"}],"about":[{"href":"https:\/\/cirurgiaplasticapassofundo.com.br\/index.php?rest_route=\/wp\/v2\/types\/page"}],"author":[{"embeddable":true,"href":"https:\/\/cirurgiaplasticapassofundo.com.br\/index.php?rest_route=\/wp\/v2\/users\/1"}],"replies":[{"embeddable":true,"href":"https:\/\/cirurgiaplasticapassofundo.com.br\/index.php?rest_route=%2Fwp%2Fv2%2Fcomments&post=894"}],"version-history":[{"count":4,"href":"https:\/\/cirurgiaplasticapassofundo.com.br\/index.php?rest_route=\/wp\/v2\/pages\/894\/revisions"}],"predecessor-version":[{"id":898,"href":"https:\/\/cirurgiaplasticapassofundo.com.br\/index.php?rest_route=\/wp\/v2\/pages\/894\/revisions\/898"}],"wp:attachment":[{"href":"https:\/\/cirurgiaplasticapassofundo.com.br\/index.php?rest_route=%2Fwp%2Fv2%2Fmedia&parent=894"}],"curies":[{"name":"wp","href":"https:\/\/api.w.org\/{rel}","templated":true}]}}