{"id":846,"date":"2024-03-19T19:44:49","date_gmt":"2024-03-19T22:44:49","guid":{"rendered":"https:\/\/cirurgiaplasticapassofundo.com.br\/?page_id=846"},"modified":"2024-03-19T19:45:18","modified_gmt":"2024-03-19T22:45:18","slug":"localizacao","status":"publish","type":"page","link":"https:\/\/cirurgiaplasticapassofundo.com.br\/?page_id=846","title":{"rendered":"Localiza\u00e7\u00e3o"},"content":{"rendered":"\t\t<div data-elementor-type=\"wp-page\" data-elementor-id=\"846\" class=\"elementor elementor-846\" data-elementor-settings=\"[]\">\n\t\t\t\t\t\t\t<div class=\"elementor-section-wrap\">\n\t\t\t\t\t\t\t<section class=\"elementor-section elementor-top-section elementor-element elementor-element-a99d693 elementor-section-boxed elementor-section-height-default elementor-section-height-default\" data-id=\"a99d693\" data-element_type=\"section\" data-settings=\"{&quot;background_background&quot;:&quot;classic&quot;}\">\n\t\t\t\t\t\t<div class=\"elementor-container elementor-column-gap-default\">\n\t\t\t\t\t<div class=\"elementor-column elementor-col-100 elementor-top-column elementor-element elementor-element-ae65d35\" data-id=\"ae65d35\" data-element_type=\"column\">\n\t\t\t<div class=\"elementor-widget-wrap elementor-element-populated\">\n\t\t\t\t\t\t\t\t<section class=\"elementor-section elementor-inner-section elementor-element elementor-element-ce49f59 elementor-section-boxed elementor-section-height-default elementor-section-height-default\" data-id=\"ce49f59\" data-element_type=\"section\">\n\t\t\t\t\t\t<div class=\"elementor-container elementor-column-gap-default\">\n\t\t\t\t\t<div class=\"elementor-column elementor-col-50 elementor-inner-column elementor-element elementor-element-2c5e009\" data-id=\"2c5e009\" data-element_type=\"column\">\n\t\t\t<div class=\"elementor-widget-wrap elementor-element-populated\">\n\t\t\t\t\t\t\t\t<div class=\"elementor-element elementor-element-ae569c9 elementor-widget elementor-widget-text-editor\" data-id=\"ae569c9\" data-element_type=\"widget\" data-widget_type=\"text-editor.default\">\n\t\t\t\t<div class=\"elementor-widget-container\">\n\t\t\t\t\t\t\t\t<p>Passo Fundo\/RS<\/p>\t\t\t\t\t\t<\/div>\n\t\t\t\t<\/div>\n\t\t\t\t<div class=\"elementor-element elementor-element-5ce7cbb elementor-widget elementor-widget-text-editor\" data-id=\"5ce7cbb\" data-element_type=\"widget\" data-widget_type=\"text-editor.default\">\n\t\t\t\t<div class=\"elementor-widget-container\">\n\t\t\t\t\t\t\t\t<p>Edif\u00edcio V\u00e9rtice<br \/>Rua Capit\u00e3o Ara\u00fajo, 297, sala 708<br \/>Telefone &#8211; 54 3048-0002<\/p>\t\t\t\t\t\t<\/div>\n\t\t\t\t<\/div>\n\t\t\t\t<div class=\"elementor-element elementor-element-2287c3a elementor-invisible elementor-widget elementor-widget-google_maps\" data-id=\"2287c3a\" data-element_type=\"widget\" data-settings=\"{&quot;_animation&quot;:&quot;fadeInLeft&quot;}\" data-widget_type=\"google_maps.default\">\n\t\t\t\t<div class=\"elementor-widget-container\">\n\t\t\t<div class=\"elementor-custom-embed\"><iframe frameborder=\"0\" scrolling=\"no\" marginheight=\"0\" marginwidth=\"0\" src=\"https:\/\/maps.google.com\/maps?q=Rua%20Capit%C3%A3o%20Ara%C3%BAjo%2C%20297%20Passo%20Fundo&amp;t=m&amp;z=15&amp;output=embed&amp;iwloc=near\" title=\"Rua Capit\u00e3o Ara\u00fajo, 297 Passo Fundo\" aria-label=\"Rua Capit\u00e3o Ara\u00fajo, 297 Passo Fundo\"><\/iframe><\/div>\t\t<\/div>\n\t\t\t\t<\/div>\n\t\t\t\t\t<\/div>\n\t\t<\/div>\n\t\t\t\t<div class=\"elementor-column elementor-col-50 elementor-inner-column elementor-element elementor-element-dbbebd4\" data-id=\"dbbebd4\" data-element_type=\"column\">\n\t\t\t<div class=\"elementor-widget-wrap elementor-element-populated\">\n\t\t\t\t\t\t\t\t<div class=\"elementor-element elementor-element-e880222 elementor-widget elementor-widget-text-editor\" data-id=\"e880222\" data-element_type=\"widget\" data-widget_type=\"text-editor.default\">\n\t\t\t\t<div class=\"elementor-widget-container\">\n\t\t\t\t\t\t\t\t<p>Frederico Westphalen\/RS<\/p>\t\t\t\t\t\t<\/div>\n\t\t\t\t<\/div>\n\t\t\t\t<div class=\"elementor-element elementor-element-c4649be elementor-widget elementor-widget-text-editor\" data-id=\"c4649be\" data-element_type=\"widget\" data-widget_type=\"text-editor.default\">\n\t\t\t\t<div class=\"elementor-widget-container\">\n\t\t\t\t\t\t\t\t<p>Rua Tenente Portela, 435, Sala 1<br \/>Telefone &#8211; 54 3744-3100<br \/>Agendamento &#8211; 54 98406-3102<\/p>\t\t\t\t\t\t<\/div>\n\t\t\t\t<\/div>\n\t\t\t\t<div class=\"elementor-element elementor-element-24b2e21 elementor-invisible elementor-widget elementor-widget-google_maps\" data-id=\"24b2e21\" data-element_type=\"widget\" data-settings=\"{&quot;_animation&quot;:&quot;fadeInRight&quot;}\" data-widget_type=\"google_maps.default\">\n\t\t\t\t<div class=\"elementor-widget-container\">\n\t\t\t<div class=\"elementor-custom-embed\"><iframe frameborder=\"0\" scrolling=\"no\" marginheight=\"0\" marginwidth=\"0\" src=\"https:\/\/maps.google.com\/maps?q=Rua%20Tenente%20Portela%2C%20435&amp;t=m&amp;z=15&amp;output=embed&amp;iwloc=near\" title=\"Rua Tenente Portela, 435\" aria-label=\"Rua Tenente Portela, 435\"><\/iframe><\/div>\t\t<\/div>\n\t\t\t\t<\/div>\n\t\t\t\t\t<\/div>\n\t\t<\/div>\n\t\t\t\t\t\t\t<\/div>\n\t\t<\/section>\n\t\t\t\t\t<\/div>\n\t\t<\/div>\n\t\t\t\t\t\t\t<\/div>\n\t\t<\/section>\n\t\t\t\t\t\t<\/div>\n\t\t\t\t\t<\/div>\n\t\t","protected":false},"excerpt":{"rendered":"<p>Passo Fundo\/RS Edif\u00edcio V\u00e9rticeRua Capit\u00e3o Ara\u00fajo, 297, sala 708Telefone &#8211; 54 3048-0002 Frederico Westphalen\/RS Rua Tenente Portela, 435, Sala 1Telefone &#8211; 54 3744-3100Agendamento &#8211; 54 98406-3102<\/p>\n","protected":false},"author":1,"featured_media":0,"parent":0,"menu_order":0,"comment_status":"closed","ping_status":"closed","template":"","meta":{"footnotes":""},"class_list":["post-846","page","type-page","status-publish","hentry"],"yoast_head":"<!-- This site is optimized with the Yoast SEO plugin v22.2 - https:\/\/yoast.com\/wordpress\/plugins\/seo\/ -->\n<title>Cl\u00ednica de Cirurgia Pl\u00e1stica em Passo Fundo, Rio Grande do Sul. Dr. Willian Segalin<\/title>\n<meta name=\"description\" content=\"Cl\u00ednica de Cirurgia Pl\u00e1stica em Passo Fundo, Rio Grande do Sul. Dr. Willian Segalin. Conhe\u00e7a Agora Nossa Localiza\u00e7\u00e3o. Marque Sua Consulta\" \/>\n<meta name=\"robots\" content=\"index, follow, max-snippet:-1, max-image-preview:large, max-video-preview:-1\" \/>\n<link rel=\"canonical\" href=\"https:\/\/cirurgiaplasticapassofundo.com.br\/?page_id=846\" \/>\n<meta property=\"og:locale\" content=\"pt_BR\" \/>\n<meta property=\"og:type\" content=\"article\" \/>\n<meta property=\"og:title\" content=\"Cl\u00ednica de Cirurgia Pl\u00e1stica em Passo Fundo, Rio Grande do Sul. Dr. Willian Segalin\" \/>\n<meta property=\"og:description\" content=\"Cl\u00ednica de Cirurgia Pl\u00e1stica em Passo Fundo, Rio Grande do Sul. Dr. Willian Segalin. Conhe\u00e7a Agora Nossa Localiza\u00e7\u00e3o. Marque Sua Consulta\" \/>\n<meta property=\"og:url\" content=\"https:\/\/cirurgiaplasticapassofundo.com.br\/?page_id=846\" \/>\n<meta property=\"article:modified_time\" content=\"2024-03-19T22:45:18+00:00\" \/>\n<meta name=\"twitter:card\" content=\"summary_large_image\" \/>\n<meta name=\"twitter:label1\" content=\"Est. tempo de leitura\" \/>\n\t<meta name=\"twitter:data1\" content=\"1 minuto\" \/>\n<script type=\"application\/ld+json\" class=\"yoast-schema-graph\">{\"@context\":\"https:\/\/schema.org\",\"@graph\":[{\"@type\":\"WebPage\",\"@id\":\"https:\/\/cirurgiaplasticapassofundo.com.br\/?page_id=846\",\"url\":\"https:\/\/cirurgiaplasticapassofundo.com.br\/?page_id=846\",\"name\":\"Cl\u00ednica de Cirurgia Pl\u00e1stica em Passo Fundo, Rio Grande do Sul. Dr. Willian Segalin\",\"isPartOf\":{\"@id\":\"https:\/\/cirurgiaplasticapassofundo.com.br\/#website\"},\"datePublished\":\"2024-03-19T22:44:49+00:00\",\"dateModified\":\"2024-03-19T22:45:18+00:00\",\"description\":\"Cl\u00ednica de Cirurgia Pl\u00e1stica em Passo Fundo, Rio Grande do Sul. Dr. Willian Segalin. Conhe\u00e7a Agora Nossa Localiza\u00e7\u00e3o. Marque Sua Consulta\",\"breadcrumb\":{\"@id\":\"https:\/\/cirurgiaplasticapassofundo.com.br\/?page_id=846#breadcrumb\"},\"inLanguage\":\"pt-BR\",\"potentialAction\":[{\"@type\":\"ReadAction\",\"target\":[\"https:\/\/cirurgiaplasticapassofundo.com.br\/?page_id=846\"]}]},{\"@type\":\"BreadcrumbList\",\"@id\":\"https:\/\/cirurgiaplasticapassofundo.com.br\/?page_id=846#breadcrumb\",\"itemListElement\":[{\"@type\":\"ListItem\",\"position\":1,\"name\":\"In\u00edcio\",\"item\":\"https:\/\/cirurgiaplasticapassofundo.com.br\/\"},{\"@type\":\"ListItem\",\"position\":2,\"name\":\"Localiza\u00e7\u00e3o\"}]},{\"@type\":\"WebSite\",\"@id\":\"https:\/\/cirurgiaplasticapassofundo.com.br\/#website\",\"url\":\"https:\/\/cirurgiaplasticapassofundo.com.br\/\",\"name\":\"\",\"description\":\"\",\"potentialAction\":[{\"@type\":\"SearchAction\",\"target\":{\"@type\":\"EntryPoint\",\"urlTemplate\":\"https:\/\/cirurgiaplasticapassofundo.com.br\/?s={search_term_string}\"},\"query-input\":\"required name=search_term_string\"}],\"inLanguage\":\"pt-BR\"}]}<\/script>\n<!-- \/ Yoast SEO plugin. -->","yoast_head_json":{"title":"Cl\u00ednica de Cirurgia Pl\u00e1stica em Passo Fundo, Rio Grande do Sul. Dr. Willian Segalin","description":"Cl\u00ednica de Cirurgia Pl\u00e1stica em Passo Fundo, Rio Grande do Sul. Dr. Willian Segalin. Conhe\u00e7a Agora Nossa Localiza\u00e7\u00e3o. Marque Sua Consulta","robots":{"index":"index","follow":"follow","max-snippet":"max-snippet:-1","max-image-preview":"max-image-preview:large","max-video-preview":"max-video-preview:-1"},"canonical":"https:\/\/cirurgiaplasticapassofundo.com.br\/?page_id=846","og_locale":"pt_BR","og_type":"article","og_title":"Cl\u00ednica de Cirurgia Pl\u00e1stica em Passo Fundo, Rio Grande do Sul. Dr. Willian Segalin","og_description":"Cl\u00ednica de Cirurgia Pl\u00e1stica em Passo Fundo, Rio Grande do Sul. Dr. Willian Segalin. Conhe\u00e7a Agora Nossa Localiza\u00e7\u00e3o. Marque Sua Consulta","og_url":"https:\/\/cirurgiaplasticapassofundo.com.br\/?page_id=846","article_modified_time":"2024-03-19T22:45:18+00:00","twitter_card":"summary_large_image","twitter_misc":{"Est. tempo de leitura":"1 minuto"},"schema":{"@context":"https:\/\/schema.org","@graph":[{"@type":"WebPage","@id":"https:\/\/cirurgiaplasticapassofundo.com.br\/?page_id=846","url":"https:\/\/cirurgiaplasticapassofundo.com.br\/?page_id=846","name":"Cl\u00ednica de Cirurgia Pl\u00e1stica em Passo Fundo, Rio Grande do Sul. Dr. Willian Segalin","isPartOf":{"@id":"https:\/\/cirurgiaplasticapassofundo.com.br\/#website"},"datePublished":"2024-03-19T22:44:49+00:00","dateModified":"2024-03-19T22:45:18+00:00","description":"Cl\u00ednica de Cirurgia Pl\u00e1stica em Passo Fundo, Rio Grande do Sul. Dr. Willian Segalin. Conhe\u00e7a Agora Nossa Localiza\u00e7\u00e3o. Marque Sua Consulta","breadcrumb":{"@id":"https:\/\/cirurgiaplasticapassofundo.com.br\/?page_id=846#breadcrumb"},"inLanguage":"pt-BR","potentialAction":[{"@type":"ReadAction","target":["https:\/\/cirurgiaplasticapassofundo.com.br\/?page_id=846"]}]},{"@type":"BreadcrumbList","@id":"https:\/\/cirurgiaplasticapassofundo.com.br\/?page_id=846#breadcrumb","itemListElement":[{"@type":"ListItem","position":1,"name":"In\u00edcio","item":"https:\/\/cirurgiaplasticapassofundo.com.br\/"},{"@type":"ListItem","position":2,"name":"Localiza\u00e7\u00e3o"}]},{"@type":"WebSite","@id":"https:\/\/cirurgiaplasticapassofundo.com.br\/#website","url":"https:\/\/cirurgiaplasticapassofundo.com.br\/","name":"","description":"","potentialAction":[{"@type":"SearchAction","target":{"@type":"EntryPoint","urlTemplate":"https:\/\/cirurgiaplasticapassofundo.com.br\/?s={search_term_string}"},"query-input":"required name=search_term_string"}],"inLanguage":"pt-BR"}]}},"_links":{"self":[{"href":"https:\/\/cirurgiaplasticapassofundo.com.br\/index.php?rest_route=\/wp\/v2\/pages\/846","targetHints":{"allow":["GET"]}}],"collection":[{"href":"https:\/\/cirurgiaplasticapassofundo.com.br\/index.php?rest_route=\/wp\/v2\/pages"}],"about":[{"href":"https:\/\/cirurgiaplasticapassofundo.com.br\/index.php?rest_route=\/wp\/v2\/types\/page"}],"author":[{"embeddable":true,"href":"https:\/\/cirurgiaplasticapassofundo.com.br\/index.php?rest_route=\/wp\/v2\/users\/1"}],"replies":[{"embeddable":true,"href":"https:\/\/cirurgiaplasticapassofundo.com.br\/index.php?rest_route=%2Fwp%2Fv2%2Fcomments&post=846"}],"version-history":[{"count":4,"href":"https:\/\/cirurgiaplasticapassofundo.com.br\/index.php?rest_route=\/wp\/v2\/pages\/846\/revisions"}],"predecessor-version":[{"id":850,"href":"https:\/\/cirurgiaplasticapassofundo.com.br\/index.php?rest_route=\/wp\/v2\/pages\/846\/revisions\/850"}],"wp:attachment":[{"href":"https:\/\/cirurgiaplasticapassofundo.com.br\/index.php?rest_route=%2Fwp%2Fv2%2Fmedia&parent=846"}],"curies":[{"name":"wp","href":"https:\/\/api.w.org\/{rel}","templated":true}]}}