{"id":657,"date":"2024-03-19T18:21:37","date_gmt":"2024-03-19T21:21:37","guid":{"rendered":"https:\/\/cirurgiaplasticapassofundo.com.br\/?page_id=657"},"modified":"2026-04-07T15:21:15","modified_gmt":"2026-04-07T18:21:15","slug":"gluteoplastia-2","status":"publish","type":"page","link":"https:\/\/cirurgiaplasticapassofundo.com.br\/?page_id=657","title":{"rendered":"Gluteoplastia"},"content":{"rendered":"\t\t<div data-elementor-type=\"wp-page\" data-elementor-id=\"657\" class=\"elementor elementor-657\" data-elementor-settings=\"[]\">\n\t\t\t\t\t\t\t<div class=\"elementor-section-wrap\">\n\t\t\t\t\t\t\t<section class=\"elementor-section elementor-top-section elementor-element elementor-element-025d29b elementor-section-boxed elementor-section-height-default elementor-section-height-default\" data-id=\"025d29b\" data-element_type=\"section\" data-settings=\"{&quot;background_background&quot;:&quot;classic&quot;}\">\n\t\t\t\t\t\t<div class=\"elementor-container elementor-column-gap-default\">\n\t\t\t\t\t<div class=\"elementor-column elementor-col-50 elementor-top-column elementor-element elementor-element-375cda9\" data-id=\"375cda9\" data-element_type=\"column\">\n\t\t\t<div class=\"elementor-widget-wrap elementor-element-populated\">\n\t\t\t\t\t\t\t\t<div class=\"elementor-element elementor-element-5bb412d elementor-hidden-phone elementor-invisible elementor-widget elementor-widget-spacer\" data-id=\"5bb412d\" data-element_type=\"widget\" data-settings=\"{&quot;_animation&quot;:&quot;fadeInDown&quot;}\" data-widget_type=\"spacer.default\">\n\t\t\t\t<div class=\"elementor-widget-container\">\n\t\t\t\t\t<div class=\"elementor-spacer\">\n\t\t\t<div class=\"elementor-spacer-inner\"><\/div>\n\t\t<\/div>\n\t\t\t\t<\/div>\n\t\t\t\t<\/div>\n\t\t\t\t<div class=\"elementor-element elementor-element-5108487 elementor-invisible elementor-widget elementor-widget-heading\" data-id=\"5108487\" data-element_type=\"widget\" data-settings=\"{&quot;_animation&quot;:&quot;fadeInLeft&quot;}\" data-widget_type=\"heading.default\">\n\t\t\t\t<div class=\"elementor-widget-container\">\n\t\t\t<h1 class=\"elementor-heading-title elementor-size-default\">Gluteoplastia<\/h1>\t\t<\/div>\n\t\t\t\t<\/div>\n\t\t\t\t\t<\/div>\n\t\t<\/div>\n\t\t\t\t<div class=\"elementor-column elementor-col-50 elementor-top-column elementor-element elementor-element-7357e0f\" data-id=\"7357e0f\" data-element_type=\"column\">\n\t\t\t<div class=\"elementor-widget-wrap elementor-element-populated\">\n\t\t\t\t\t\t\t\t<div class=\"elementor-element elementor-element-3625e22 elementor-invisible elementor-widget elementor-widget-heading\" data-id=\"3625e22\" data-element_type=\"widget\" data-settings=\"{&quot;_animation&quot;:&quot;fadeIn&quot;}\" data-widget_type=\"heading.default\">\n\t\t\t\t<div class=\"elementor-widget-container\">\n\t\t\t<h5 class=\"elementor-heading-title elementor-size-medium\">rESUMO<\/h5>\t\t<\/div>\n\t\t\t\t<\/div>\n\t\t\t\t<div class=\"elementor-element elementor-element-e10d234 elementor-invisible elementor-widget elementor-widget-text-editor\" data-id=\"e10d234\" data-element_type=\"widget\" data-settings=\"{&quot;_animation&quot;:&quot;fadeIn&quot;}\" data-widget_type=\"text-editor.default\">\n\t\t\t\t<div class=\"elementor-widget-container\">\n\t\t\t\t\t\t\t\t<p>O desejo de corrigir imperfei\u00e7\u00f5es e melhorar a apar\u00eancia, \u00e9 natural em homens e mulheres. A regi\u00e3o gl\u00fatea \u00e9 uma \u00e1rea que nos \u00faltimos anos vem ganhando destaque e sua melhora est\u00e9tica pode ser alcan\u00e7ada atrav\u00e9s do uso de pr\u00f3teses especiais que s\u00e3o escolhidas para cada caso espec\u00edfico.<\/p>\t\t\t\t\t\t<\/div>\n\t\t\t\t<\/div>\n\t\t\t\t\t<\/div>\n\t\t<\/div>\n\t\t\t\t\t\t\t<\/div>\n\t\t<\/section>\n\t\t\t\t<section class=\"elementor-section elementor-top-section elementor-element elementor-element-8a36e82 elementor-section-boxed elementor-section-height-default elementor-section-height-default\" data-id=\"8a36e82\" data-element_type=\"section\">\n\t\t\t\t\t\t<div class=\"elementor-container elementor-column-gap-no\">\n\t\t\t\t\t<div class=\"elementor-column elementor-col-50 elementor-top-column elementor-element elementor-element-28007ed\" data-id=\"28007ed\" data-element_type=\"column\">\n\t\t\t<div class=\"elementor-widget-wrap elementor-element-populated\">\n\t\t\t\t\t\t\t\t<div class=\"elementor-element elementor-element-5859e3f elementor-widget elementor-widget-image\" data-id=\"5859e3f\" data-element_type=\"widget\" data-widget_type=\"image.default\">\n\t\t\t\t<div class=\"elementor-widget-container\">\n\t\t\t\t\t\t\t\t\t\t\t\t\t\t\t<img loading=\"lazy\" decoding=\"async\" width=\"800\" height=\"600\" src=\"https:\/\/cirurgiaplasticapassofundo.com.br\/wp-content\/uploads\/2024\/03\/ccb3cd546c3dc0d6ab90e4f8632b57b3.jpg\" class=\"attachment-large size-large\" alt=\"\" srcset=\"https:\/\/cirurgiaplasticapassofundo.com.br\/wp-content\/uploads\/2024\/03\/ccb3cd546c3dc0d6ab90e4f8632b57b3.jpg 960w, https:\/\/cirurgiaplasticapassofundo.com.br\/wp-content\/uploads\/2024\/03\/ccb3cd546c3dc0d6ab90e4f8632b57b3-300x225.jpg 300w, https:\/\/cirurgiaplasticapassofundo.com.br\/wp-content\/uploads\/2024\/03\/ccb3cd546c3dc0d6ab90e4f8632b57b3-768x576.jpg 768w\" sizes=\"auto, (max-width: 800px) 100vw, 800px\" \/>\t\t\t\t\t\t\t\t\t\t\t\t\t\t\t<\/div>\n\t\t\t\t<\/div>\n\t\t\t\t\t<\/div>\n\t\t<\/div>\n\t\t\t\t<div class=\"elementor-column elementor-col-50 elementor-top-column elementor-element elementor-element-f58fb30\" data-id=\"f58fb30\" data-element_type=\"column\">\n\t\t\t<div class=\"elementor-widget-wrap elementor-element-populated\">\n\t\t\t\t\t\t\t\t<section class=\"elementor-section elementor-inner-section elementor-element elementor-element-aaa0880 elementor-section-boxed elementor-section-height-default elementor-section-height-default\" data-id=\"aaa0880\" data-element_type=\"section\">\n\t\t\t\t\t\t<div class=\"elementor-container elementor-column-gap-default\">\n\t\t\t\t\t<div class=\"elementor-column elementor-col-100 elementor-inner-column elementor-element elementor-element-93f7f39\" data-id=\"93f7f39\" data-element_type=\"column\">\n\t\t\t<div class=\"elementor-widget-wrap elementor-element-populated\">\n\t\t\t\t\t\t\t\t<div class=\"elementor-element elementor-element-0d87f66 elementor-invisible elementor-widget elementor-widget-heading\" data-id=\"0d87f66\" data-element_type=\"widget\" data-settings=\"{&quot;_animation&quot;:&quot;fadeInLeft&quot;}\" data-widget_type=\"heading.default\">\n\t\t\t\t<div class=\"elementor-widget-container\">\n\t\t\t<h1 class=\"elementor-heading-title elementor-size-default\">Itens<\/h1>\t\t<\/div>\n\t\t\t\t<\/div>\n\t\t\t\t<div class=\"elementor-element elementor-element-dffe708 elementor-icon-list--layout-traditional elementor-list-item-link-full_width elementor-widget elementor-widget-icon-list\" data-id=\"dffe708\" data-element_type=\"widget\" data-widget_type=\"icon-list.default\">\n\t\t\t\t<div class=\"elementor-widget-container\">\n\t\t\t\t\t<ul class=\"elementor-icon-list-items\">\n\t\t\t\t\t\t\t<li class=\"elementor-icon-list-item\">\n\t\t\t\t\t\t\t\t\t\t\t<span class=\"elementor-icon-list-icon\">\n\t\t\t\t\t\t\t<i aria-hidden=\"true\" class=\"far fa-clock\"><\/i>\t\t\t\t\t\t<\/span>\n\t\t\t\t\t\t\t\t\t\t<span class=\"elementor-icon-list-text\">INTERVEN\u00c7\u00c3O - 3 horas<\/span>\n\t\t\t\t\t\t\t\t\t<\/li>\n\t\t\t\t\t\t\t\t<li class=\"elementor-icon-list-item\">\n\t\t\t\t\t\t\t\t\t\t\t<span class=\"elementor-icon-list-icon\">\n\t\t\t\t\t\t\t<i aria-hidden=\"true\" class=\"far fa-eye-slash\"><\/i>\t\t\t\t\t\t<\/span>\n\t\t\t\t\t\t\t\t\t\t<span class=\"elementor-icon-list-text\">ANESTESIA - geral<\/span>\n\t\t\t\t\t\t\t\t\t<\/li>\n\t\t\t\t\t\t\t\t<li class=\"elementor-icon-list-item\">\n\t\t\t\t\t\t\t\t\t\t\t<span class=\"elementor-icon-list-icon\">\n\t\t\t\t\t\t\t<i aria-hidden=\"true\" class=\"fas fa-bed\"><\/i>\t\t\t\t\t\t<\/span>\n\t\t\t\t\t\t\t\t\t\t<span class=\"elementor-icon-list-text\">CAMA - 24 horas<\/span>\n\t\t\t\t\t\t\t\t\t<\/li>\n\t\t\t\t\t\t\t\t<li class=\"elementor-icon-list-item\">\n\t\t\t\t\t\t\t\t\t\t\t<span class=\"elementor-icon-list-icon\">\n\t\t\t\t\t\t\t<i aria-hidden=\"true\" class=\"fas fa-check\"><\/i>\t\t\t\t\t\t<\/span>\n\t\t\t\t\t\t\t\t\t\t<span class=\"elementor-icon-list-text\">EFEITO - imediato<\/span>\n\t\t\t\t\t\t\t\t\t<\/li>\n\t\t\t\t\t\t\t\t<li class=\"elementor-icon-list-item\">\n\t\t\t\t\t\t\t\t\t\t\t<span class=\"elementor-icon-list-icon\">\n\t\t\t\t\t\t\t<i aria-hidden=\"true\" class=\"fas fa-check-circle\"><\/i>\t\t\t\t\t\t<\/span>\n\t\t\t\t\t\t\t\t\t\t<span class=\"elementor-icon-list-text\">RECUPERA\u00c7\u00c3O - 3 dias<\/span>\n\t\t\t\t\t\t\t\t\t<\/li>\n\t\t\t\t\t\t\t\t<li class=\"elementor-icon-list-item\">\n\t\t\t\t\t\t\t\t\t\t\t<span class=\"elementor-icon-list-icon\">\n\t\t\t\t\t\t\t<i aria-hidden=\"true\" class=\"far fa-heart\"><\/i>\t\t\t\t\t\t<\/span>\n\t\t\t\t\t\t\t\t\t\t<span class=\"elementor-icon-list-text\">RESULTADO - Dur\u00e1vel<\/span>\n\t\t\t\t\t\t\t\t\t<\/li>\n\t\t\t\t\t\t<\/ul>\n\t\t\t\t<\/div>\n\t\t\t\t<\/div>\n\t\t\t\t<div class=\"elementor-element elementor-element-80c832a elementor-align-justify elementor-widget elementor-widget-button\" data-id=\"80c832a\" data-element_type=\"widget\" data-widget_type=\"button.default\">\n\t\t\t\t<div class=\"elementor-widget-container\">\n\t\t\t\t\t<div class=\"elementor-button-wrapper\">\n\t\t\t<a href=\"https:\/\/cirurgiaplasticapassofundo.com.br\/?page_id=971\" target=\"_blank\" class=\"elementor-button-link elementor-button elementor-size-sm\" role=\"button\">\n\t\t\t\t\t\t<span class=\"elementor-button-content-wrapper\">\n\t\t\t\t\t\t<span class=\"elementor-button-text\">D\u00favidas<\/span>\n\t\t<\/span>\n\t\t\t\t\t<\/a>\n\t\t<\/div>\n\t\t\t\t<\/div>\n\t\t\t\t<\/div>\n\t\t\t\t\t<\/div>\n\t\t<\/div>\n\t\t\t\t\t\t\t<\/div>\n\t\t<\/section>\n\t\t\t\t\t<\/div>\n\t\t<\/div>\n\t\t\t\t\t\t\t<\/div>\n\t\t<\/section>\n\t\t\t\t<section class=\"elementor-section elementor-top-section elementor-element elementor-element-9e3df3b elementor-section-boxed elementor-section-height-default elementor-section-height-default\" data-id=\"9e3df3b\" data-element_type=\"section\" data-settings=\"{&quot;background_background&quot;:&quot;classic&quot;}\">\n\t\t\t\t\t\t<div class=\"elementor-container elementor-column-gap-default\">\n\t\t\t\t\t<div class=\"elementor-column elementor-col-100 elementor-top-column elementor-element elementor-element-0795008\" data-id=\"0795008\" data-element_type=\"column\">\n\t\t\t<div class=\"elementor-widget-wrap elementor-element-populated\">\n\t\t\t\t\t\t\t\t<div class=\"elementor-element elementor-element-2613d77 elementor-hidden-phone elementor-invisible elementor-widget elementor-widget-heading\" data-id=\"2613d77\" data-element_type=\"widget\" data-settings=\"{&quot;_animation&quot;:&quot;fadeIn&quot;}\" data-widget_type=\"heading.default\">\n\t\t\t\t<div class=\"elementor-widget-container\">\n\t\t\t<h5 class=\"elementor-heading-title elementor-size-medium\">Procedimento cir\u00fargico<\/h5>\t\t<\/div>\n\t\t\t\t<\/div>\n\t\t\t\t<div class=\"elementor-element elementor-element-f3e8bfa elementor-invisible elementor-widget elementor-widget-heading\" data-id=\"f3e8bfa\" data-element_type=\"widget\" data-settings=\"{&quot;_animation&quot;:&quot;fadeInRight&quot;}\" data-widget_type=\"heading.default\">\n\t\t\t\t<div class=\"elementor-widget-container\">\n\t\t\t<h2 class=\"elementor-heading-title elementor-size-xxl\">Conhe\u00e7a<\/h2>\t\t<\/div>\n\t\t\t\t<\/div>\n\t\t\t\t<div class=\"elementor-element elementor-element-7852c35 elementor-widget-divider--view-line elementor-invisible elementor-widget elementor-widget-divider\" data-id=\"7852c35\" data-element_type=\"widget\" data-settings=\"{&quot;_animation&quot;:&quot;fadeInUp&quot;}\" data-widget_type=\"divider.default\">\n\t\t\t\t<div class=\"elementor-widget-container\">\n\t\t\t\t\t<div class=\"elementor-divider\">\n\t\t\t<span class=\"elementor-divider-separator\">\n\t\t\t\t\t\t<\/span>\n\t\t<\/div>\n\t\t\t\t<\/div>\n\t\t\t\t<\/div>\n\t\t\t\t<div class=\"elementor-element elementor-element-5a9d97a elementor-invisible elementor-widget elementor-widget-text-editor\" data-id=\"5a9d97a\" data-element_type=\"widget\" data-settings=\"{&quot;_animation&quot;:&quot;fadeIn&quot;}\" data-widget_type=\"text-editor.default\">\n\t\t\t\t<div class=\"elementor-widget-container\">\n\t\t\t\t\t\t\t\t<p><strong>EM QUE CONSISTE<\/strong><\/p><p>A interven\u00e7\u00e3o \u00e9 realizada em dec\u00fabito ventral, ou seja, &#8220;voltada para baixo&#8221; e a cicatriz est\u00e1 escondida na dobra intergl\u00fateo. Atrav\u00e9s desta incis\u00e3o, as pr\u00f3teses gl\u00fateas, especialmente projetadas para essa \u00e1rea, s\u00e3o colocadas em n\u00edvel subfascial, submuscular ou intramuscular, dependendo de cada caso e do volume requerido.<\/p><p>A dura\u00e7\u00e3o da interven\u00e7\u00e3o \u00e9 geralmente de 90 a 120 minutos e a paciente pode retomar sua atividade no dia seguinte \u00e0 interven\u00e7\u00e3o.<\/p><p>O tipo de anestesia pode ser regional e geral. Ser\u00e1 escolhido de acordo com o anestesista, que decidir\u00e1 qual o tipo mais aconselh\u00e1vel para cada paciente.<\/p><p>N\u00e3o requer cuidados p\u00f3s-operat\u00f3rios especiais, exceto o uso de anti-s\u00e9pticos na regi\u00e3o perineal por uma semana.<\/p><p><strong>OS BENEF\u00cdCIOS<\/strong><\/p><p>A paciente sai muito satisfeita porque a cicatriz est\u00e1 bem escondida na prega das n\u00e1degas, e o perfil da \u00e1rea melhora significativamente, al\u00e9m de os tecidos retomarem sua firmeza.<\/p><p>Os resultados s\u00e3o naturais e o volume \u00e9 personalizado atrav\u00e9s do uso de pr\u00f3teses especiais.<\/p><p>A paciente pode retomar sua atividade no dia seguinte \u00e0 interven\u00e7\u00e3o.<\/p><p><strong>PR\u00c9-OPERAT\u00d3RIO<\/strong><\/p><p>Como qualquer interven\u00e7\u00e3o cir\u00fargica, \u00e9 essencial realizar todo um estudo pr\u00e9-operat\u00f3rio que n\u00e3o contraindique o procedimento cir\u00fargico.<\/p><p>Especificamente para esta interven\u00e7\u00e3o, recomendam-se lavagens com subst\u00e2ncias anti-s\u00e9pticas de toda a regi\u00e3o do per\u00edneo tr\u00eas dias antes da interven\u00e7\u00e3o.<\/p><p><strong>P\u00d3S-OPERAT\u00d3RIO<\/strong><\/p><p>As suturas da ferida s\u00e3o removidas ap\u00f3s 15 dias e voc\u00ea pode come\u00e7ar a praticar esportes a partir do m\u00eas da interven\u00e7\u00e3o.<\/p><p>Ap\u00f3s a interven\u00e7\u00e3o, h\u00e1 apenas uma precau\u00e7\u00e3o especial e que, a partir da opera\u00e7\u00e3o, a administra\u00e7\u00e3o de medicamentos por via intramuscular deve ser realizada na coxa e n\u00e3o na n\u00e1dega.<\/p><p>O tempo de perman\u00eancia p\u00f3s-operat\u00f3ria na cl\u00ednica \u00e9 geralmente de 24 a 48 horas.<\/p><p>O paciente pode sentar-se ap\u00f3s 36 horas, deixando a cl\u00ednica apenas com um curativo na cicatriz e uma calcinha m\u00ednima.<\/p><p><strong>QUE RISCOS EST\u00c3O ASSOCIADOS A ESTA INTERVEN\u00c7\u00c3O?<\/strong><\/p><p>Em geral, o mesmo que em qualquer interven\u00e7\u00e3o cir\u00fargica, essencialmente hemorragias, infec\u00e7\u00e3o e complica\u00e7\u00f5es relacionadas ao uso de anestesia.<\/p><p>Em rela\u00e7\u00e3o aos riscos espec\u00edficos, destacam-se: perda tempor\u00e1ria ou permanente da sensibilidade da pele em algumas \u00e1reas; a extrus\u00e3o (exposi\u00e7\u00e3o) da pr\u00f3tese devido \u00e0 falta de uma camada adequada de tecido ou infec\u00e7\u00e3o, tornando necess\u00e1rio remover, contratura capsular ou endurecimento do tecido fibroso que o corpo cria em torno da pr\u00f3tese; o deslocamento da pr\u00f3tese, este caso sempre relacionado a um rein\u00edcio precoce do exerc\u00edcio; a altera\u00e7\u00e3o da cicatriz que, caso ocorra, necessitar\u00e1 de tratamento adicional, seroma ou ac\u00famulo de l\u00edquido ao redor do implante ap\u00f3s cirurgia, trauma ou exerc\u00edcio extenuante, que deve ser corrigido com o tratamento para dren\u00e1-lo.<\/p><p><strong>PODE-SE AUMENTAR O GL\u00daTEO SEM PR\u00d3TESES?<\/strong><\/p><p>Sim, por lipoenxertia da pr\u00f3pria gordura do paciente na mesma \u00e1rea onde a pr\u00f3tese estaria localizada. Isso \u00e9 feito injetando a gordura em diferentes planos.<\/p><p>No entanto, muita quantidade \u00e9 necess\u00e1ria, de modo que s\u00f3 \u00e9 poss\u00edvel se o paciente quiser ao mesmo tempo que um grande excesso de gordura seja removido de suas coxas, abd\u00f4men, etc., atrav\u00e9s de lipoaspira\u00e7\u00e3o e passado para as n\u00e1degas para obter dois benef\u00edcios.<\/p>\t\t\t\t\t\t<\/div>\n\t\t\t\t<\/div>\n\t\t\t\t<div class=\"elementor-element elementor-element-706dbaa elementor-align-left elementor-invisible elementor-widget elementor-widget-button\" data-id=\"706dbaa\" data-element_type=\"widget\" data-settings=\"{&quot;_animation&quot;:&quot;fadeInUp&quot;,&quot;_animation_delay&quot;:800}\" data-widget_type=\"button.default\">\n\t\t\t\t<div class=\"elementor-widget-container\">\n\t\t\t\t\t<div class=\"elementor-button-wrapper\">\n\t\t\t<a href=\"https:\/\/cirurgiaplasticapassofundo.com.br\/?page_id=971\" target=\"_blank\" class=\"elementor-button-link elementor-button elementor-size-md elementor-animation-sink\" role=\"button\">\n\t\t\t\t\t\t<span class=\"elementor-button-content-wrapper\">\n\t\t\t\t\t\t<span class=\"elementor-button-icon elementor-align-icon-right\">\n\t\t\t\t<i aria-hidden=\"true\" class=\"fas fa-angle-right\"><\/i>\t\t\t<\/span>\n\t\t\t\t\t\t<span class=\"elementor-button-text\">Agendar Consulta<\/span>\n\t\t<\/span>\n\t\t\t\t\t<\/a>\n\t\t<\/div>\n\t\t\t\t<\/div>\n\t\t\t\t<\/div>\n\t\t\t\t\t<\/div>\n\t\t<\/div>\n\t\t\t\t\t\t\t<\/div>\n\t\t<\/section>\n\t\t\t\t\t\t<\/div>\n\t\t\t\t\t<\/div>\n\t\t","protected":false},"excerpt":{"rendered":"<p>Gluteoplastia rESUMO O desejo de corrigir imperfei\u00e7\u00f5es e melhorar a apar\u00eancia, \u00e9 natural em homens e mulheres. A regi\u00e3o gl\u00fatea \u00e9 uma \u00e1rea que nos \u00faltimos anos vem ganhando destaque e sua melhora est\u00e9tica pode ser alcan\u00e7ada atrav\u00e9s do uso de pr\u00f3teses especiais que s\u00e3o escolhidas para cada caso espec\u00edfico. Itens INTERVEN\u00c7\u00c3O &#8211; 3 horas [&hellip;]<\/p>\n","protected":false},"author":1,"featured_media":0,"parent":0,"menu_order":0,"comment_status":"closed","ping_status":"closed","template":"","meta":{"footnotes":""},"class_list":["post-657","page","type-page","status-publish","hentry"],"yoast_head":"<!-- This site is optimized with the Yoast SEO plugin v22.2 - https:\/\/yoast.com\/wordpress\/plugins\/seo\/ -->\n<title>Gluteoplastia -<\/title>\n<meta name=\"robots\" content=\"index, follow, max-snippet:-1, max-image-preview:large, max-video-preview:-1\" \/>\n<link rel=\"canonical\" href=\"https:\/\/cirurgiaplasticapassofundo.com.br\/?page_id=657\" \/>\n<meta property=\"og:locale\" content=\"pt_BR\" \/>\n<meta property=\"og:type\" content=\"article\" \/>\n<meta property=\"og:title\" content=\"Gluteoplastia -\" \/>\n<meta property=\"og:description\" content=\"Gluteoplastia rESUMO O desejo de corrigir imperfei\u00e7\u00f5es e melhorar a apar\u00eancia, \u00e9 natural em homens e mulheres. A regi\u00e3o gl\u00fatea \u00e9 uma \u00e1rea que nos \u00faltimos anos vem ganhando destaque e sua melhora est\u00e9tica pode ser alcan\u00e7ada atrav\u00e9s do uso de pr\u00f3teses especiais que s\u00e3o escolhidas para cada caso espec\u00edfico. Itens INTERVEN\u00c7\u00c3O &#8211; 3 horas [&hellip;]\" \/>\n<meta property=\"og:url\" content=\"https:\/\/cirurgiaplasticapassofundo.com.br\/?page_id=657\" \/>\n<meta property=\"article:modified_time\" content=\"2026-04-07T18:21:15+00:00\" \/>\n<meta property=\"og:image\" content=\"https:\/\/cirurgiaplasticapassofundo.com.br\/wp-content\/uploads\/2024\/03\/ccb3cd546c3dc0d6ab90e4f8632b57b3.jpg\" \/>\n<meta name=\"twitter:card\" content=\"summary_large_image\" \/>\n<meta name=\"twitter:label1\" content=\"Est. tempo de leitura\" \/>\n\t<meta name=\"twitter:data1\" content=\"4 minutos\" \/>\n<script type=\"application\/ld+json\" class=\"yoast-schema-graph\">{\"@context\":\"https:\/\/schema.org\",\"@graph\":[{\"@type\":\"WebPage\",\"@id\":\"https:\/\/cirurgiaplasticapassofundo.com.br\/?page_id=657\",\"url\":\"https:\/\/cirurgiaplasticapassofundo.com.br\/?page_id=657\",\"name\":\"Gluteoplastia -\",\"isPartOf\":{\"@id\":\"https:\/\/cirurgiaplasticapassofundo.com.br\/#website\"},\"primaryImageOfPage\":{\"@id\":\"https:\/\/cirurgiaplasticapassofundo.com.br\/?page_id=657#primaryimage\"},\"image\":{\"@id\":\"https:\/\/cirurgiaplasticapassofundo.com.br\/?page_id=657#primaryimage\"},\"thumbnailUrl\":\"https:\/\/cirurgiaplasticapassofundo.com.br\/wp-content\/uploads\/2024\/03\/ccb3cd546c3dc0d6ab90e4f8632b57b3.jpg\",\"datePublished\":\"2024-03-19T21:21:37+00:00\",\"dateModified\":\"2026-04-07T18:21:15+00:00\",\"breadcrumb\":{\"@id\":\"https:\/\/cirurgiaplasticapassofundo.com.br\/?page_id=657#breadcrumb\"},\"inLanguage\":\"pt-BR\",\"potentialAction\":[{\"@type\":\"ReadAction\",\"target\":[\"https:\/\/cirurgiaplasticapassofundo.com.br\/?page_id=657\"]}]},{\"@type\":\"ImageObject\",\"inLanguage\":\"pt-BR\",\"@id\":\"https:\/\/cirurgiaplasticapassofundo.com.br\/?page_id=657#primaryimage\",\"url\":\"https:\/\/cirurgiaplasticapassofundo.com.br\/wp-content\/uploads\/2024\/03\/ccb3cd546c3dc0d6ab90e4f8632b57b3.jpg\",\"contentUrl\":\"https:\/\/cirurgiaplasticapassofundo.com.br\/wp-content\/uploads\/2024\/03\/ccb3cd546c3dc0d6ab90e4f8632b57b3.jpg\",\"width\":960,\"height\":720},{\"@type\":\"BreadcrumbList\",\"@id\":\"https:\/\/cirurgiaplasticapassofundo.com.br\/?page_id=657#breadcrumb\",\"itemListElement\":[{\"@type\":\"ListItem\",\"position\":1,\"name\":\"In\u00edcio\",\"item\":\"https:\/\/cirurgiaplasticapassofundo.com.br\/\"},{\"@type\":\"ListItem\",\"position\":2,\"name\":\"Gluteoplastia\"}]},{\"@type\":\"WebSite\",\"@id\":\"https:\/\/cirurgiaplasticapassofundo.com.br\/#website\",\"url\":\"https:\/\/cirurgiaplasticapassofundo.com.br\/\",\"name\":\"\",\"description\":\"\",\"potentialAction\":[{\"@type\":\"SearchAction\",\"target\":{\"@type\":\"EntryPoint\",\"urlTemplate\":\"https:\/\/cirurgiaplasticapassofundo.com.br\/?s={search_term_string}\"},\"query-input\":\"required name=search_term_string\"}],\"inLanguage\":\"pt-BR\"}]}<\/script>\n<!-- \/ Yoast SEO plugin. -->","yoast_head_json":{"title":"Gluteoplastia -","robots":{"index":"index","follow":"follow","max-snippet":"max-snippet:-1","max-image-preview":"max-image-preview:large","max-video-preview":"max-video-preview:-1"},"canonical":"https:\/\/cirurgiaplasticapassofundo.com.br\/?page_id=657","og_locale":"pt_BR","og_type":"article","og_title":"Gluteoplastia -","og_description":"Gluteoplastia rESUMO O desejo de corrigir imperfei\u00e7\u00f5es e melhorar a apar\u00eancia, \u00e9 natural em homens e mulheres. A regi\u00e3o gl\u00fatea \u00e9 uma \u00e1rea que nos \u00faltimos anos vem ganhando destaque e sua melhora est\u00e9tica pode ser alcan\u00e7ada atrav\u00e9s do uso de pr\u00f3teses especiais que s\u00e3o escolhidas para cada caso espec\u00edfico. Itens INTERVEN\u00c7\u00c3O &#8211; 3 horas [&hellip;]","og_url":"https:\/\/cirurgiaplasticapassofundo.com.br\/?page_id=657","article_modified_time":"2026-04-07T18:21:15+00:00","og_image":[{"url":"https:\/\/cirurgiaplasticapassofundo.com.br\/wp-content\/uploads\/2024\/03\/ccb3cd546c3dc0d6ab90e4f8632b57b3.jpg"}],"twitter_card":"summary_large_image","twitter_misc":{"Est. tempo de leitura":"4 minutos"},"schema":{"@context":"https:\/\/schema.org","@graph":[{"@type":"WebPage","@id":"https:\/\/cirurgiaplasticapassofundo.com.br\/?page_id=657","url":"https:\/\/cirurgiaplasticapassofundo.com.br\/?page_id=657","name":"Gluteoplastia -","isPartOf":{"@id":"https:\/\/cirurgiaplasticapassofundo.com.br\/#website"},"primaryImageOfPage":{"@id":"https:\/\/cirurgiaplasticapassofundo.com.br\/?page_id=657#primaryimage"},"image":{"@id":"https:\/\/cirurgiaplasticapassofundo.com.br\/?page_id=657#primaryimage"},"thumbnailUrl":"https:\/\/cirurgiaplasticapassofundo.com.br\/wp-content\/uploads\/2024\/03\/ccb3cd546c3dc0d6ab90e4f8632b57b3.jpg","datePublished":"2024-03-19T21:21:37+00:00","dateModified":"2026-04-07T18:21:15+00:00","breadcrumb":{"@id":"https:\/\/cirurgiaplasticapassofundo.com.br\/?page_id=657#breadcrumb"},"inLanguage":"pt-BR","potentialAction":[{"@type":"ReadAction","target":["https:\/\/cirurgiaplasticapassofundo.com.br\/?page_id=657"]}]},{"@type":"ImageObject","inLanguage":"pt-BR","@id":"https:\/\/cirurgiaplasticapassofundo.com.br\/?page_id=657#primaryimage","url":"https:\/\/cirurgiaplasticapassofundo.com.br\/wp-content\/uploads\/2024\/03\/ccb3cd546c3dc0d6ab90e4f8632b57b3.jpg","contentUrl":"https:\/\/cirurgiaplasticapassofundo.com.br\/wp-content\/uploads\/2024\/03\/ccb3cd546c3dc0d6ab90e4f8632b57b3.jpg","width":960,"height":720},{"@type":"BreadcrumbList","@id":"https:\/\/cirurgiaplasticapassofundo.com.br\/?page_id=657#breadcrumb","itemListElement":[{"@type":"ListItem","position":1,"name":"In\u00edcio","item":"https:\/\/cirurgiaplasticapassofundo.com.br\/"},{"@type":"ListItem","position":2,"name":"Gluteoplastia"}]},{"@type":"WebSite","@id":"https:\/\/cirurgiaplasticapassofundo.com.br\/#website","url":"https:\/\/cirurgiaplasticapassofundo.com.br\/","name":"","description":"","potentialAction":[{"@type":"SearchAction","target":{"@type":"EntryPoint","urlTemplate":"https:\/\/cirurgiaplasticapassofundo.com.br\/?s={search_term_string}"},"query-input":"required name=search_term_string"}],"inLanguage":"pt-BR"}]}},"_links":{"self":[{"href":"https:\/\/cirurgiaplasticapassofundo.com.br\/index.php?rest_route=\/wp\/v2\/pages\/657","targetHints":{"allow":["GET"]}}],"collection":[{"href":"https:\/\/cirurgiaplasticapassofundo.com.br\/index.php?rest_route=\/wp\/v2\/pages"}],"about":[{"href":"https:\/\/cirurgiaplasticapassofundo.com.br\/index.php?rest_route=\/wp\/v2\/types\/page"}],"author":[{"embeddable":true,"href":"https:\/\/cirurgiaplasticapassofundo.com.br\/index.php?rest_route=\/wp\/v2\/users\/1"}],"replies":[{"embeddable":true,"href":"https:\/\/cirurgiaplasticapassofundo.com.br\/index.php?rest_route=%2Fwp%2Fv2%2Fcomments&post=657"}],"version-history":[{"count":16,"href":"https:\/\/cirurgiaplasticapassofundo.com.br\/index.php?rest_route=\/wp\/v2\/pages\/657\/revisions"}],"predecessor-version":[{"id":1030,"href":"https:\/\/cirurgiaplasticapassofundo.com.br\/index.php?rest_route=\/wp\/v2\/pages\/657\/revisions\/1030"}],"wp:attachment":[{"href":"https:\/\/cirurgiaplasticapassofundo.com.br\/index.php?rest_route=%2Fwp%2Fv2%2Fmedia&parent=657"}],"curies":[{"name":"wp","href":"https:\/\/api.w.org\/{rel}","templated":true}]}}