{"id":533,"date":"2024-03-18T17:07:48","date_gmt":"2024-03-18T20:07:48","guid":{"rendered":"https:\/\/cirurgiaplasticapassofundo.com.br\/?page_id=533"},"modified":"2026-04-07T15:22:31","modified_gmt":"2026-04-07T18:22:31","slug":"gluteoplastia","status":"publish","type":"page","link":"https:\/\/cirurgiaplasticapassofundo.com.br\/?page_id=533","title":{"rendered":"Mentoplastia"},"content":{"rendered":"\t\t<div data-elementor-type=\"wp-page\" data-elementor-id=\"533\" class=\"elementor elementor-533\" data-elementor-settings=\"[]\">\n\t\t\t\t\t\t\t<div class=\"elementor-section-wrap\">\n\t\t\t\t\t\t\t<section class=\"elementor-section elementor-top-section elementor-element elementor-element-080ab82 elementor-section-boxed elementor-section-height-default elementor-section-height-default\" data-id=\"080ab82\" data-element_type=\"section\" data-settings=\"{&quot;background_background&quot;:&quot;classic&quot;}\">\n\t\t\t\t\t\t<div class=\"elementor-container elementor-column-gap-default\">\n\t\t\t\t\t<div class=\"elementor-column elementor-col-50 elementor-top-column elementor-element elementor-element-1735a03\" data-id=\"1735a03\" data-element_type=\"column\">\n\t\t\t<div class=\"elementor-widget-wrap elementor-element-populated\">\n\t\t\t\t\t\t\t\t<div class=\"elementor-element elementor-element-db9cbd8 elementor-hidden-phone elementor-invisible elementor-widget elementor-widget-spacer\" data-id=\"db9cbd8\" data-element_type=\"widget\" data-settings=\"{&quot;_animation&quot;:&quot;fadeInDown&quot;}\" data-widget_type=\"spacer.default\">\n\t\t\t\t<div class=\"elementor-widget-container\">\n\t\t\t\t\t<div class=\"elementor-spacer\">\n\t\t\t<div class=\"elementor-spacer-inner\"><\/div>\n\t\t<\/div>\n\t\t\t\t<\/div>\n\t\t\t\t<\/div>\n\t\t\t\t<div class=\"elementor-element elementor-element-ba3b32e elementor-invisible elementor-widget elementor-widget-heading\" data-id=\"ba3b32e\" data-element_type=\"widget\" data-settings=\"{&quot;_animation&quot;:&quot;fadeInLeft&quot;}\" data-widget_type=\"heading.default\">\n\t\t\t\t<div class=\"elementor-widget-container\">\n\t\t\t<h1 class=\"elementor-heading-title elementor-size-default\">Mentoplastia<\/h1>\t\t<\/div>\n\t\t\t\t<\/div>\n\t\t\t\t\t<\/div>\n\t\t<\/div>\n\t\t\t\t<div class=\"elementor-column elementor-col-50 elementor-top-column elementor-element elementor-element-396b5cb\" data-id=\"396b5cb\" data-element_type=\"column\">\n\t\t\t<div class=\"elementor-widget-wrap elementor-element-populated\">\n\t\t\t\t\t\t\t\t<div class=\"elementor-element elementor-element-e78290c elementor-invisible elementor-widget elementor-widget-heading\" data-id=\"e78290c\" data-element_type=\"widget\" data-settings=\"{&quot;_animation&quot;:&quot;fadeIn&quot;}\" data-widget_type=\"heading.default\">\n\t\t\t\t<div class=\"elementor-widget-container\">\n\t\t\t<h5 class=\"elementor-heading-title elementor-size-medium\">rESUMO<\/h5>\t\t<\/div>\n\t\t\t\t<\/div>\n\t\t\t\t<div class=\"elementor-element elementor-element-e4bae07 elementor-invisible elementor-widget elementor-widget-text-editor\" data-id=\"e4bae07\" data-element_type=\"widget\" data-settings=\"{&quot;_animation&quot;:&quot;fadeIn&quot;}\" data-widget_type=\"text-editor.default\">\n\t\t\t\t<div class=\"elementor-widget-container\">\n\t\t\t\t\t\t\t\t<p>A avalia\u00e7\u00e3o est\u00e9tica da face deve ser realizada com base na rela\u00e7\u00e3o tridimensional entre cada uma de suas zonas. Por esta raz\u00e3o, seus relevos \u00f3sseos adquirem grande import\u00e2ncia, e dentre estes podemos destacar as ma\u00e7\u00e3s do rosto e o queixo.<\/p>\t\t\t\t\t\t<\/div>\n\t\t\t\t<\/div>\n\t\t\t\t\t<\/div>\n\t\t<\/div>\n\t\t\t\t\t\t\t<\/div>\n\t\t<\/section>\n\t\t\t\t<section class=\"elementor-section elementor-top-section elementor-element elementor-element-b14c49a elementor-section-boxed elementor-section-height-default elementor-section-height-default\" data-id=\"b14c49a\" data-element_type=\"section\">\n\t\t\t\t\t\t<div class=\"elementor-container elementor-column-gap-no\">\n\t\t\t\t\t<div class=\"elementor-column elementor-col-50 elementor-top-column elementor-element elementor-element-2d5f095\" data-id=\"2d5f095\" data-element_type=\"column\">\n\t\t\t<div class=\"elementor-widget-wrap elementor-element-populated\">\n\t\t\t\t\t\t\t\t<div class=\"elementor-element elementor-element-94cc0c1 elementor-widget elementor-widget-image\" data-id=\"94cc0c1\" data-element_type=\"widget\" data-widget_type=\"image.default\">\n\t\t\t\t<div class=\"elementor-widget-container\">\n\t\t\t\t\t\t\t\t\t\t\t\t\t\t\t<img loading=\"lazy\" decoding=\"async\" width=\"800\" height=\"600\" src=\"https:\/\/cirurgiaplasticapassofundo.com.br\/wp-content\/uploads\/2024\/03\/fcf86c811329c2b61751f92b1ab42fbe.jpg\" class=\"attachment-large size-large\" alt=\"\" srcset=\"https:\/\/cirurgiaplasticapassofundo.com.br\/wp-content\/uploads\/2024\/03\/fcf86c811329c2b61751f92b1ab42fbe.jpg 960w, https:\/\/cirurgiaplasticapassofundo.com.br\/wp-content\/uploads\/2024\/03\/fcf86c811329c2b61751f92b1ab42fbe-300x225.jpg 300w, https:\/\/cirurgiaplasticapassofundo.com.br\/wp-content\/uploads\/2024\/03\/fcf86c811329c2b61751f92b1ab42fbe-768x576.jpg 768w\" sizes=\"auto, (max-width: 800px) 100vw, 800px\" \/>\t\t\t\t\t\t\t\t\t\t\t\t\t\t\t<\/div>\n\t\t\t\t<\/div>\n\t\t\t\t\t<\/div>\n\t\t<\/div>\n\t\t\t\t<div class=\"elementor-column elementor-col-50 elementor-top-column elementor-element elementor-element-25982d3\" data-id=\"25982d3\" data-element_type=\"column\">\n\t\t\t<div class=\"elementor-widget-wrap elementor-element-populated\">\n\t\t\t\t\t\t\t\t<section class=\"elementor-section elementor-inner-section elementor-element elementor-element-c57328e elementor-section-boxed elementor-section-height-default elementor-section-height-default\" data-id=\"c57328e\" data-element_type=\"section\">\n\t\t\t\t\t\t<div class=\"elementor-container elementor-column-gap-default\">\n\t\t\t\t\t<div class=\"elementor-column elementor-col-100 elementor-inner-column elementor-element elementor-element-cd6d905\" data-id=\"cd6d905\" data-element_type=\"column\">\n\t\t\t<div class=\"elementor-widget-wrap elementor-element-populated\">\n\t\t\t\t\t\t\t\t<div class=\"elementor-element elementor-element-f44399f elementor-invisible elementor-widget elementor-widget-heading\" data-id=\"f44399f\" data-element_type=\"widget\" data-settings=\"{&quot;_animation&quot;:&quot;fadeInLeft&quot;}\" data-widget_type=\"heading.default\">\n\t\t\t\t<div class=\"elementor-widget-container\">\n\t\t\t<h1 class=\"elementor-heading-title elementor-size-default\">Itens<\/h1>\t\t<\/div>\n\t\t\t\t<\/div>\n\t\t\t\t<div class=\"elementor-element elementor-element-43b66c8 elementor-icon-list--layout-traditional elementor-list-item-link-full_width elementor-widget elementor-widget-icon-list\" data-id=\"43b66c8\" data-element_type=\"widget\" data-widget_type=\"icon-list.default\">\n\t\t\t\t<div class=\"elementor-widget-container\">\n\t\t\t\t\t<ul class=\"elementor-icon-list-items\">\n\t\t\t\t\t\t\t<li class=\"elementor-icon-list-item\">\n\t\t\t\t\t\t\t\t\t\t\t<span class=\"elementor-icon-list-icon\">\n\t\t\t\t\t\t\t<i aria-hidden=\"true\" class=\"far fa-clock\"><\/i>\t\t\t\t\t\t<\/span>\n\t\t\t\t\t\t\t\t\t\t<span class=\"elementor-icon-list-text\">INTERVEN\u00c7\u00c3O - 30 minutos<\/span>\n\t\t\t\t\t\t\t\t\t<\/li>\n\t\t\t\t\t\t\t\t<li class=\"elementor-icon-list-item\">\n\t\t\t\t\t\t\t\t\t\t\t<span class=\"elementor-icon-list-icon\">\n\t\t\t\t\t\t\t<i aria-hidden=\"true\" class=\"far fa-eye-slash\"><\/i>\t\t\t\t\t\t<\/span>\n\t\t\t\t\t\t\t\t\t\t<span class=\"elementor-icon-list-text\">ANESTESIA - local<\/span>\n\t\t\t\t\t\t\t\t\t<\/li>\n\t\t\t\t\t\t\t\t<li class=\"elementor-icon-list-item\">\n\t\t\t\t\t\t\t\t\t\t\t<span class=\"elementor-icon-list-icon\">\n\t\t\t\t\t\t\t<i aria-hidden=\"true\" class=\"fas fa-bed\"><\/i>\t\t\t\t\t\t<\/span>\n\t\t\t\t\t\t\t\t\t\t<span class=\"elementor-icon-list-text\">CAMA - n\u00e3o obrigat\u00f3rio<\/span>\n\t\t\t\t\t\t\t\t\t<\/li>\n\t\t\t\t\t\t\t\t<li class=\"elementor-icon-list-item\">\n\t\t\t\t\t\t\t\t\t\t\t<span class=\"elementor-icon-list-icon\">\n\t\t\t\t\t\t\t<i aria-hidden=\"true\" class=\"fas fa-check\"><\/i>\t\t\t\t\t\t<\/span>\n\t\t\t\t\t\t\t\t\t\t<span class=\"elementor-icon-list-text\">EFEITO - imediato<\/span>\n\t\t\t\t\t\t\t\t\t<\/li>\n\t\t\t\t\t\t\t\t<li class=\"elementor-icon-list-item\">\n\t\t\t\t\t\t\t\t\t\t\t<span class=\"elementor-icon-list-icon\">\n\t\t\t\t\t\t\t<i aria-hidden=\"true\" class=\"fas fa-check-circle\"><\/i>\t\t\t\t\t\t<\/span>\n\t\t\t\t\t\t\t\t\t\t<span class=\"elementor-icon-list-text\">RECUPERA\u00c7\u00c3O - 1 dia<\/span>\n\t\t\t\t\t\t\t\t\t<\/li>\n\t\t\t\t\t\t\t\t<li class=\"elementor-icon-list-item\">\n\t\t\t\t\t\t\t\t\t\t\t<span class=\"elementor-icon-list-icon\">\n\t\t\t\t\t\t\t<i aria-hidden=\"true\" class=\"far fa-heart\"><\/i>\t\t\t\t\t\t<\/span>\n\t\t\t\t\t\t\t\t\t\t<span class=\"elementor-icon-list-text\">RESULTADO - permanente<\/span>\n\t\t\t\t\t\t\t\t\t<\/li>\n\t\t\t\t\t\t<\/ul>\n\t\t\t\t<\/div>\n\t\t\t\t<\/div>\n\t\t\t\t<div class=\"elementor-element elementor-element-583956c elementor-align-justify elementor-widget elementor-widget-button\" data-id=\"583956c\" data-element_type=\"widget\" data-widget_type=\"button.default\">\n\t\t\t\t<div class=\"elementor-widget-container\">\n\t\t\t\t\t<div class=\"elementor-button-wrapper\">\n\t\t\t<a href=\"https:\/\/cirurgiaplasticapassofundo.com.br\/?page_id=971\" class=\"elementor-button-link elementor-button elementor-size-sm\" role=\"button\">\n\t\t\t\t\t\t<span class=\"elementor-button-content-wrapper\">\n\t\t\t\t\t\t<span class=\"elementor-button-text\">D\u00favidas<\/span>\n\t\t<\/span>\n\t\t\t\t\t<\/a>\n\t\t<\/div>\n\t\t\t\t<\/div>\n\t\t\t\t<\/div>\n\t\t\t\t\t<\/div>\n\t\t<\/div>\n\t\t\t\t\t\t\t<\/div>\n\t\t<\/section>\n\t\t\t\t\t<\/div>\n\t\t<\/div>\n\t\t\t\t\t\t\t<\/div>\n\t\t<\/section>\n\t\t\t\t<section class=\"elementor-section elementor-top-section elementor-element elementor-element-4a82b34 elementor-section-boxed elementor-section-height-default elementor-section-height-default\" data-id=\"4a82b34\" data-element_type=\"section\" data-settings=\"{&quot;background_background&quot;:&quot;classic&quot;}\">\n\t\t\t\t\t\t<div class=\"elementor-container elementor-column-gap-default\">\n\t\t\t\t\t<div class=\"elementor-column elementor-col-100 elementor-top-column elementor-element elementor-element-2b98e0a\" data-id=\"2b98e0a\" data-element_type=\"column\">\n\t\t\t<div class=\"elementor-widget-wrap elementor-element-populated\">\n\t\t\t\t\t\t\t\t<div class=\"elementor-element elementor-element-893a05d elementor-hidden-phone elementor-invisible elementor-widget elementor-widget-heading\" data-id=\"893a05d\" data-element_type=\"widget\" data-settings=\"{&quot;_animation&quot;:&quot;fadeIn&quot;}\" data-widget_type=\"heading.default\">\n\t\t\t\t<div class=\"elementor-widget-container\">\n\t\t\t<h5 class=\"elementor-heading-title elementor-size-medium\">Procedimento cir\u00fargico<\/h5>\t\t<\/div>\n\t\t\t\t<\/div>\n\t\t\t\t<div class=\"elementor-element elementor-element-6fa13b9 elementor-invisible elementor-widget elementor-widget-heading\" data-id=\"6fa13b9\" data-element_type=\"widget\" data-settings=\"{&quot;_animation&quot;:&quot;fadeInRight&quot;}\" data-widget_type=\"heading.default\">\n\t\t\t\t<div class=\"elementor-widget-container\">\n\t\t\t<h2 class=\"elementor-heading-title elementor-size-xxl\">Conhe\u00e7a<\/h2>\t\t<\/div>\n\t\t\t\t<\/div>\n\t\t\t\t<div class=\"elementor-element elementor-element-c286c44 elementor-widget-divider--view-line elementor-invisible elementor-widget elementor-widget-divider\" data-id=\"c286c44\" data-element_type=\"widget\" data-settings=\"{&quot;_animation&quot;:&quot;fadeInUp&quot;}\" data-widget_type=\"divider.default\">\n\t\t\t\t<div class=\"elementor-widget-container\">\n\t\t\t\t\t<div class=\"elementor-divider\">\n\t\t\t<span class=\"elementor-divider-separator\">\n\t\t\t\t\t\t<\/span>\n\t\t<\/div>\n\t\t\t\t<\/div>\n\t\t\t\t<\/div>\n\t\t\t\t<div class=\"elementor-element elementor-element-1e772b6 elementor-invisible elementor-widget elementor-widget-text-editor\" data-id=\"1e772b6\" data-element_type=\"widget\" data-settings=\"{&quot;_animation&quot;:&quot;fadeIn&quot;}\" data-widget_type=\"text-editor.default\">\n\t\t\t\t<div class=\"elementor-widget-container\">\n\t\t\t\t\t\t\t\t<p>As ma\u00e7\u00e3s do rosto pouco desenvolvidas d\u00e3o ao rosto uma apar\u00eancia plana e envelhecida, mas, se forem excessivas, podem levar a uma apar\u00eancia agressiva e deselegante. Por outro lado, um queixo insuficiente distorce o plano facial e o contorno da boca e tamb\u00e9m encurta a profundidade do pesco\u00e7o. Embora um queixo muito pronunciado seja bastante inst\u00e1vel, especialmente em mulheres.<\/p><p>Nesses casos, a cirurgia pode ser uma boa solu\u00e7\u00e3o est\u00e9tica e \u00e0s vezes \u00e9 combinada com outros procedimentos est\u00e9tico-cir\u00fargicos da face, como o lifting ou a rinoplastia.<\/p><p><strong>EM QUE CONSISTE<\/strong><\/p><p>O aumento do queixo pode ser feito pelos mesmos procedimentos que as ma\u00e7\u00e3s do rosto. Neste caso, o implante prot\u00e9tico \u00e9 feito endobucalmente, o que tamb\u00e9m n\u00e3o deixa cicatrizes.<\/p><p>Existe tamb\u00e9m a possibilidade de aumentar o queixo pela pr\u00f3pria gordura.<\/p><p><strong>OS BENEF\u00cdCIOS<\/strong><\/p><p>A mudan\u00e7a facial que ocorre ap\u00f3s uma opera\u00e7\u00e3o de queixo \u00e9 extraordin\u00e1ria. Propor\u00e7\u00f5es e harmonia facial s\u00e3o recuperadas.<\/p><p><strong>PR\u00c9-OPERAT\u00d3RIO<\/strong><\/p><p>Como no resto das opera\u00e7\u00f5es faciais, o estado da pele \u00e9 importante para o sucesso da interven\u00e7\u00e3o.<\/p><p>No caso do queixo, condi\u00e7\u00f5es orais, como gengivite, ou qualquer tipo de infec\u00e7\u00e3o dent\u00e1ria devem ser descartadas.<\/p><p>Normalmente, apenas um dia de interna\u00e7\u00e3o \u00e9 necess\u00e1rio, a menos que seja um procedimento combinado com outras opera\u00e7\u00f5es que precisem de mais tempo.<\/p><p>A interven\u00e7\u00e3o pode ser realizada sob anestesia local. Quando realizado em combina\u00e7\u00e3o com outros procedimentos cir\u00fargicos, depender\u00e1 da anestesia necess\u00e1ria para eles.<\/p><p><strong>P\u00d3S-OPERAT\u00d3RIO<\/strong><\/p><p>Ap\u00f3s o implante, a desinfec\u00e7\u00e3o cuidadosa da \u00e1rea deve ser mantida, especialmente se o implante tiver sido feito endobucalmente. O edema pode persistir por algum tempo e pode ser melhorado pela massagem de drenagem linf\u00e1tica.<\/p><p><strong>EM QUE IDADE PODE SER FEITA A CIRURGIA?<\/strong><\/p><p>O processo de ossifica\u00e7\u00e3o dos ossos da face termina entre 15 e 17 anos. O especialista deve avaliar se a interven\u00e7\u00e3o \u00e9 poss\u00edvel.<\/p>\t\t\t\t\t\t<\/div>\n\t\t\t\t<\/div>\n\t\t\t\t<div class=\"elementor-element elementor-element-5b7bbb0 elementor-align-left elementor-invisible elementor-widget elementor-widget-button\" data-id=\"5b7bbb0\" data-element_type=\"widget\" data-settings=\"{&quot;_animation&quot;:&quot;fadeInUp&quot;,&quot;_animation_delay&quot;:800}\" data-widget_type=\"button.default\">\n\t\t\t\t<div class=\"elementor-widget-container\">\n\t\t\t\t\t<div class=\"elementor-button-wrapper\">\n\t\t\t<a href=\"https:\/\/cirurgiaplasticapassofundo.com.br\/?page_id=894\" class=\"elementor-button-link elementor-button elementor-size-md elementor-animation-sink\" role=\"button\">\n\t\t\t\t\t\t<span class=\"elementor-button-content-wrapper\">\n\t\t\t\t\t\t<span class=\"elementor-button-icon elementor-align-icon-right\">\n\t\t\t\t<i aria-hidden=\"true\" class=\"fas fa-angle-right\"><\/i>\t\t\t<\/span>\n\t\t\t\t\t\t<span class=\"elementor-button-text\">Agendar Consulta<\/span>\n\t\t<\/span>\n\t\t\t\t\t<\/a>\n\t\t<\/div>\n\t\t\t\t<\/div>\n\t\t\t\t<\/div>\n\t\t\t\t\t<\/div>\n\t\t<\/div>\n\t\t\t\t\t\t\t<\/div>\n\t\t<\/section>\n\t\t\t\t\t\t<\/div>\n\t\t\t\t\t<\/div>\n\t\t","protected":false},"excerpt":{"rendered":"<p>Mentoplastia rESUMO A avalia\u00e7\u00e3o est\u00e9tica da face deve ser realizada com base na rela\u00e7\u00e3o tridimensional entre cada uma de suas zonas. Por esta raz\u00e3o, seus relevos \u00f3sseos adquirem grande import\u00e2ncia, e dentre estes podemos destacar as ma\u00e7\u00e3s do rosto e o queixo. Itens INTERVEN\u00c7\u00c3O &#8211; 30 minutos ANESTESIA &#8211; local CAMA &#8211; n\u00e3o obrigat\u00f3rio EFEITO [&hellip;]<\/p>\n","protected":false},"author":1,"featured_media":0,"parent":0,"menu_order":0,"comment_status":"closed","ping_status":"closed","template":"","meta":{"footnotes":""},"class_list":["post-533","page","type-page","status-publish","hentry"],"yoast_head":"<!-- This site is optimized with the Yoast SEO plugin v22.2 - https:\/\/yoast.com\/wordpress\/plugins\/seo\/ -->\n<title>Mentoplastia -<\/title>\n<meta name=\"robots\" content=\"index, follow, max-snippet:-1, max-image-preview:large, max-video-preview:-1\" \/>\n<link rel=\"canonical\" href=\"https:\/\/cirurgiaplasticapassofundo.com.br\/?page_id=533\" \/>\n<meta property=\"og:locale\" content=\"pt_BR\" \/>\n<meta property=\"og:type\" content=\"article\" \/>\n<meta property=\"og:title\" content=\"Mentoplastia -\" \/>\n<meta property=\"og:description\" content=\"Mentoplastia rESUMO A avalia\u00e7\u00e3o est\u00e9tica da face deve ser realizada com base na rela\u00e7\u00e3o tridimensional entre cada uma de suas zonas. Por esta raz\u00e3o, seus relevos \u00f3sseos adquirem grande import\u00e2ncia, e dentre estes podemos destacar as ma\u00e7\u00e3s do rosto e o queixo. Itens INTERVEN\u00c7\u00c3O &#8211; 30 minutos ANESTESIA &#8211; local CAMA &#8211; n\u00e3o obrigat\u00f3rio EFEITO [&hellip;]\" \/>\n<meta property=\"og:url\" content=\"https:\/\/cirurgiaplasticapassofundo.com.br\/?page_id=533\" \/>\n<meta property=\"article:modified_time\" content=\"2026-04-07T18:22:31+00:00\" \/>\n<meta property=\"og:image\" content=\"https:\/\/cirurgiaplasticapassofundo.com.br\/wp-content\/uploads\/2024\/03\/fcf86c811329c2b61751f92b1ab42fbe.jpg\" \/>\n<meta name=\"twitter:card\" content=\"summary_large_image\" \/>\n<meta name=\"twitter:label1\" content=\"Est. tempo de leitura\" \/>\n\t<meta name=\"twitter:data1\" content=\"3 minutos\" \/>\n<script type=\"application\/ld+json\" class=\"yoast-schema-graph\">{\"@context\":\"https:\/\/schema.org\",\"@graph\":[{\"@type\":\"WebPage\",\"@id\":\"https:\/\/cirurgiaplasticapassofundo.com.br\/?page_id=533\",\"url\":\"https:\/\/cirurgiaplasticapassofundo.com.br\/?page_id=533\",\"name\":\"Mentoplastia -\",\"isPartOf\":{\"@id\":\"https:\/\/cirurgiaplasticapassofundo.com.br\/#website\"},\"primaryImageOfPage\":{\"@id\":\"https:\/\/cirurgiaplasticapassofundo.com.br\/?page_id=533#primaryimage\"},\"image\":{\"@id\":\"https:\/\/cirurgiaplasticapassofundo.com.br\/?page_id=533#primaryimage\"},\"thumbnailUrl\":\"https:\/\/cirurgiaplasticapassofundo.com.br\/wp-content\/uploads\/2024\/03\/fcf86c811329c2b61751f92b1ab42fbe.jpg\",\"datePublished\":\"2024-03-18T20:07:48+00:00\",\"dateModified\":\"2026-04-07T18:22:31+00:00\",\"breadcrumb\":{\"@id\":\"https:\/\/cirurgiaplasticapassofundo.com.br\/?page_id=533#breadcrumb\"},\"inLanguage\":\"pt-BR\",\"potentialAction\":[{\"@type\":\"ReadAction\",\"target\":[\"https:\/\/cirurgiaplasticapassofundo.com.br\/?page_id=533\"]}]},{\"@type\":\"ImageObject\",\"inLanguage\":\"pt-BR\",\"@id\":\"https:\/\/cirurgiaplasticapassofundo.com.br\/?page_id=533#primaryimage\",\"url\":\"https:\/\/cirurgiaplasticapassofundo.com.br\/wp-content\/uploads\/2024\/03\/fcf86c811329c2b61751f92b1ab42fbe.jpg\",\"contentUrl\":\"https:\/\/cirurgiaplasticapassofundo.com.br\/wp-content\/uploads\/2024\/03\/fcf86c811329c2b61751f92b1ab42fbe.jpg\",\"width\":960,\"height\":720},{\"@type\":\"BreadcrumbList\",\"@id\":\"https:\/\/cirurgiaplasticapassofundo.com.br\/?page_id=533#breadcrumb\",\"itemListElement\":[{\"@type\":\"ListItem\",\"position\":1,\"name\":\"In\u00edcio\",\"item\":\"https:\/\/cirurgiaplasticapassofundo.com.br\/\"},{\"@type\":\"ListItem\",\"position\":2,\"name\":\"Mentoplastia\"}]},{\"@type\":\"WebSite\",\"@id\":\"https:\/\/cirurgiaplasticapassofundo.com.br\/#website\",\"url\":\"https:\/\/cirurgiaplasticapassofundo.com.br\/\",\"name\":\"\",\"description\":\"\",\"potentialAction\":[{\"@type\":\"SearchAction\",\"target\":{\"@type\":\"EntryPoint\",\"urlTemplate\":\"https:\/\/cirurgiaplasticapassofundo.com.br\/?s={search_term_string}\"},\"query-input\":\"required name=search_term_string\"}],\"inLanguage\":\"pt-BR\"}]}<\/script>\n<!-- \/ Yoast SEO plugin. -->","yoast_head_json":{"title":"Mentoplastia -","robots":{"index":"index","follow":"follow","max-snippet":"max-snippet:-1","max-image-preview":"max-image-preview:large","max-video-preview":"max-video-preview:-1"},"canonical":"https:\/\/cirurgiaplasticapassofundo.com.br\/?page_id=533","og_locale":"pt_BR","og_type":"article","og_title":"Mentoplastia -","og_description":"Mentoplastia rESUMO A avalia\u00e7\u00e3o est\u00e9tica da face deve ser realizada com base na rela\u00e7\u00e3o tridimensional entre cada uma de suas zonas. Por esta raz\u00e3o, seus relevos \u00f3sseos adquirem grande import\u00e2ncia, e dentre estes podemos destacar as ma\u00e7\u00e3s do rosto e o queixo. Itens INTERVEN\u00c7\u00c3O &#8211; 30 minutos ANESTESIA &#8211; local CAMA &#8211; n\u00e3o obrigat\u00f3rio EFEITO [&hellip;]","og_url":"https:\/\/cirurgiaplasticapassofundo.com.br\/?page_id=533","article_modified_time":"2026-04-07T18:22:31+00:00","og_image":[{"url":"https:\/\/cirurgiaplasticapassofundo.com.br\/wp-content\/uploads\/2024\/03\/fcf86c811329c2b61751f92b1ab42fbe.jpg"}],"twitter_card":"summary_large_image","twitter_misc":{"Est. tempo de leitura":"3 minutos"},"schema":{"@context":"https:\/\/schema.org","@graph":[{"@type":"WebPage","@id":"https:\/\/cirurgiaplasticapassofundo.com.br\/?page_id=533","url":"https:\/\/cirurgiaplasticapassofundo.com.br\/?page_id=533","name":"Mentoplastia -","isPartOf":{"@id":"https:\/\/cirurgiaplasticapassofundo.com.br\/#website"},"primaryImageOfPage":{"@id":"https:\/\/cirurgiaplasticapassofundo.com.br\/?page_id=533#primaryimage"},"image":{"@id":"https:\/\/cirurgiaplasticapassofundo.com.br\/?page_id=533#primaryimage"},"thumbnailUrl":"https:\/\/cirurgiaplasticapassofundo.com.br\/wp-content\/uploads\/2024\/03\/fcf86c811329c2b61751f92b1ab42fbe.jpg","datePublished":"2024-03-18T20:07:48+00:00","dateModified":"2026-04-07T18:22:31+00:00","breadcrumb":{"@id":"https:\/\/cirurgiaplasticapassofundo.com.br\/?page_id=533#breadcrumb"},"inLanguage":"pt-BR","potentialAction":[{"@type":"ReadAction","target":["https:\/\/cirurgiaplasticapassofundo.com.br\/?page_id=533"]}]},{"@type":"ImageObject","inLanguage":"pt-BR","@id":"https:\/\/cirurgiaplasticapassofundo.com.br\/?page_id=533#primaryimage","url":"https:\/\/cirurgiaplasticapassofundo.com.br\/wp-content\/uploads\/2024\/03\/fcf86c811329c2b61751f92b1ab42fbe.jpg","contentUrl":"https:\/\/cirurgiaplasticapassofundo.com.br\/wp-content\/uploads\/2024\/03\/fcf86c811329c2b61751f92b1ab42fbe.jpg","width":960,"height":720},{"@type":"BreadcrumbList","@id":"https:\/\/cirurgiaplasticapassofundo.com.br\/?page_id=533#breadcrumb","itemListElement":[{"@type":"ListItem","position":1,"name":"In\u00edcio","item":"https:\/\/cirurgiaplasticapassofundo.com.br\/"},{"@type":"ListItem","position":2,"name":"Mentoplastia"}]},{"@type":"WebSite","@id":"https:\/\/cirurgiaplasticapassofundo.com.br\/#website","url":"https:\/\/cirurgiaplasticapassofundo.com.br\/","name":"","description":"","potentialAction":[{"@type":"SearchAction","target":{"@type":"EntryPoint","urlTemplate":"https:\/\/cirurgiaplasticapassofundo.com.br\/?s={search_term_string}"},"query-input":"required name=search_term_string"}],"inLanguage":"pt-BR"}]}},"_links":{"self":[{"href":"https:\/\/cirurgiaplasticapassofundo.com.br\/index.php?rest_route=\/wp\/v2\/pages\/533","targetHints":{"allow":["GET"]}}],"collection":[{"href":"https:\/\/cirurgiaplasticapassofundo.com.br\/index.php?rest_route=\/wp\/v2\/pages"}],"about":[{"href":"https:\/\/cirurgiaplasticapassofundo.com.br\/index.php?rest_route=\/wp\/v2\/types\/page"}],"author":[{"embeddable":true,"href":"https:\/\/cirurgiaplasticapassofundo.com.br\/index.php?rest_route=\/wp\/v2\/users\/1"}],"replies":[{"embeddable":true,"href":"https:\/\/cirurgiaplasticapassofundo.com.br\/index.php?rest_route=%2Fwp%2Fv2%2Fcomments&post=533"}],"version-history":[{"count":17,"href":"https:\/\/cirurgiaplasticapassofundo.com.br\/index.php?rest_route=\/wp\/v2\/pages\/533\/revisions"}],"predecessor-version":[{"id":1045,"href":"https:\/\/cirurgiaplasticapassofundo.com.br\/index.php?rest_route=\/wp\/v2\/pages\/533\/revisions\/1045"}],"wp:attachment":[{"href":"https:\/\/cirurgiaplasticapassofundo.com.br\/index.php?rest_route=%2Fwp%2Fv2%2Fmedia&parent=533"}],"curies":[{"name":"wp","href":"https:\/\/api.w.org\/{rel}","templated":true}]}}