{"id":476,"date":"2024-03-18T15:01:17","date_gmt":"2024-03-18T18:01:17","guid":{"rendered":"https:\/\/cirurgiaplasticapassofundo.com.br\/?page_id=476"},"modified":"2026-04-07T15:21:23","modified_gmt":"2026-04-07T18:21:23","slug":"lipoaspiracao-hd","status":"publish","type":"page","link":"https:\/\/cirurgiaplasticapassofundo.com.br\/?page_id=476","title":{"rendered":"Lipoaspira\u00e7\u00e3o HD"},"content":{"rendered":"\t\t<div data-elementor-type=\"wp-page\" data-elementor-id=\"476\" class=\"elementor elementor-476\" data-elementor-settings=\"[]\">\n\t\t\t\t\t\t\t<div class=\"elementor-section-wrap\">\n\t\t\t\t\t\t\t<section class=\"elementor-section elementor-top-section elementor-element elementor-element-1f7f573 elementor-section-boxed elementor-section-height-default elementor-section-height-default\" data-id=\"1f7f573\" data-element_type=\"section\" data-settings=\"{&quot;background_background&quot;:&quot;classic&quot;}\">\n\t\t\t\t\t\t<div class=\"elementor-container elementor-column-gap-default\">\n\t\t\t\t\t<div class=\"elementor-column elementor-col-50 elementor-top-column elementor-element elementor-element-1037021\" data-id=\"1037021\" data-element_type=\"column\">\n\t\t\t<div class=\"elementor-widget-wrap elementor-element-populated\">\n\t\t\t\t\t\t\t\t<div class=\"elementor-element elementor-element-c66b3f9 elementor-hidden-phone elementor-invisible elementor-widget elementor-widget-spacer\" data-id=\"c66b3f9\" data-element_type=\"widget\" data-settings=\"{&quot;_animation&quot;:&quot;fadeInDown&quot;}\" data-widget_type=\"spacer.default\">\n\t\t\t\t<div class=\"elementor-widget-container\">\n\t\t\t\t\t<div class=\"elementor-spacer\">\n\t\t\t<div class=\"elementor-spacer-inner\"><\/div>\n\t\t<\/div>\n\t\t\t\t<\/div>\n\t\t\t\t<\/div>\n\t\t\t\t<div class=\"elementor-element elementor-element-fae06d0 elementor-invisible elementor-widget elementor-widget-heading\" data-id=\"fae06d0\" data-element_type=\"widget\" data-settings=\"{&quot;_animation&quot;:&quot;fadeInLeft&quot;}\" data-widget_type=\"heading.default\">\n\t\t\t\t<div class=\"elementor-widget-container\">\n\t\t\t<h1 class=\"elementor-heading-title elementor-size-default\">Lipoaspira\u00e7\u00e3o HD<\/h1>\t\t<\/div>\n\t\t\t\t<\/div>\n\t\t\t\t\t<\/div>\n\t\t<\/div>\n\t\t\t\t<div class=\"elementor-column elementor-col-50 elementor-top-column elementor-element elementor-element-6dcbc39\" data-id=\"6dcbc39\" data-element_type=\"column\">\n\t\t\t<div class=\"elementor-widget-wrap elementor-element-populated\">\n\t\t\t\t\t\t\t\t<div class=\"elementor-element elementor-element-aec5c47 elementor-invisible elementor-widget elementor-widget-heading\" data-id=\"aec5c47\" data-element_type=\"widget\" data-settings=\"{&quot;_animation&quot;:&quot;fadeIn&quot;}\" data-widget_type=\"heading.default\">\n\t\t\t\t<div class=\"elementor-widget-container\">\n\t\t\t<h5 class=\"elementor-heading-title elementor-size-medium\">rESUMO<\/h5>\t\t<\/div>\n\t\t\t\t<\/div>\n\t\t\t\t<div class=\"elementor-element elementor-element-91855aa elementor-invisible elementor-widget elementor-widget-text-editor\" data-id=\"91855aa\" data-element_type=\"widget\" data-settings=\"{&quot;_animation&quot;:&quot;fadeIn&quot;}\" data-widget_type=\"text-editor.default\">\n\t\t\t\t<div class=\"elementor-widget-container\">\n\t\t\t\t\t\t\t\t<p>O nome dado a este procedimento est\u00e9tico utiliza dois conceito bem difundidos atualmente. O termo \u201clipo&#8221; vem da forma como a lipoaspira\u00e7\u00e3o \u00e9 popularmente conhecida. E a sigla HD vem do termo \u201chigh definition (em ingl\u00eas), que significa alta defini\u00e7\u00e3o.<\/p>\t\t\t\t\t\t<\/div>\n\t\t\t\t<\/div>\n\t\t\t\t\t<\/div>\n\t\t<\/div>\n\t\t\t\t\t\t\t<\/div>\n\t\t<\/section>\n\t\t\t\t<section class=\"elementor-section elementor-top-section elementor-element elementor-element-5ff1da8 elementor-section-boxed elementor-section-height-default elementor-section-height-default\" data-id=\"5ff1da8\" data-element_type=\"section\">\n\t\t\t\t\t\t<div class=\"elementor-container elementor-column-gap-no\">\n\t\t\t\t\t<div class=\"elementor-column elementor-col-50 elementor-top-column elementor-element elementor-element-56d78e7\" data-id=\"56d78e7\" data-element_type=\"column\">\n\t\t\t<div class=\"elementor-widget-wrap elementor-element-populated\">\n\t\t\t\t\t\t\t\t<div class=\"elementor-element elementor-element-ea33efc elementor-widget elementor-widget-image\" data-id=\"ea33efc\" data-element_type=\"widget\" data-widget_type=\"image.default\">\n\t\t\t\t<div class=\"elementor-widget-container\">\n\t\t\t\t\t\t\t\t\t\t\t\t\t\t\t<img loading=\"lazy\" decoding=\"async\" width=\"800\" height=\"600\" src=\"https:\/\/cirurgiaplasticapassofundo.com.br\/wp-content\/uploads\/2024\/03\/4c16a9d15bd1101b8cf38365bb2085b3.jpg\" class=\"attachment-large size-large\" alt=\"\" srcset=\"https:\/\/cirurgiaplasticapassofundo.com.br\/wp-content\/uploads\/2024\/03\/4c16a9d15bd1101b8cf38365bb2085b3.jpg 960w, https:\/\/cirurgiaplasticapassofundo.com.br\/wp-content\/uploads\/2024\/03\/4c16a9d15bd1101b8cf38365bb2085b3-300x225.jpg 300w, https:\/\/cirurgiaplasticapassofundo.com.br\/wp-content\/uploads\/2024\/03\/4c16a9d15bd1101b8cf38365bb2085b3-768x576.jpg 768w\" sizes=\"auto, (max-width: 800px) 100vw, 800px\" \/>\t\t\t\t\t\t\t\t\t\t\t\t\t\t\t<\/div>\n\t\t\t\t<\/div>\n\t\t\t\t\t<\/div>\n\t\t<\/div>\n\t\t\t\t<div class=\"elementor-column elementor-col-50 elementor-top-column elementor-element elementor-element-5c4e51c\" data-id=\"5c4e51c\" data-element_type=\"column\">\n\t\t\t<div class=\"elementor-widget-wrap elementor-element-populated\">\n\t\t\t\t\t\t\t\t<section class=\"elementor-section elementor-inner-section elementor-element elementor-element-29d3f53 elementor-section-boxed elementor-section-height-default elementor-section-height-default\" data-id=\"29d3f53\" data-element_type=\"section\">\n\t\t\t\t\t\t<div class=\"elementor-container elementor-column-gap-default\">\n\t\t\t\t\t<div class=\"elementor-column elementor-col-100 elementor-inner-column elementor-element elementor-element-7ce3901\" data-id=\"7ce3901\" data-element_type=\"column\">\n\t\t\t<div class=\"elementor-widget-wrap elementor-element-populated\">\n\t\t\t\t\t\t\t\t<div class=\"elementor-element elementor-element-ca67493 elementor-invisible elementor-widget elementor-widget-heading\" data-id=\"ca67493\" data-element_type=\"widget\" data-settings=\"{&quot;_animation&quot;:&quot;fadeInLeft&quot;}\" data-widget_type=\"heading.default\">\n\t\t\t\t<div class=\"elementor-widget-container\">\n\t\t\t<h1 class=\"elementor-heading-title elementor-size-default\">Itens<\/h1>\t\t<\/div>\n\t\t\t\t<\/div>\n\t\t\t\t<div class=\"elementor-element elementor-element-c459b4e elementor-icon-list--layout-traditional elementor-list-item-link-full_width elementor-widget elementor-widget-icon-list\" data-id=\"c459b4e\" data-element_type=\"widget\" data-widget_type=\"icon-list.default\">\n\t\t\t\t<div class=\"elementor-widget-container\">\n\t\t\t\t\t<ul class=\"elementor-icon-list-items\">\n\t\t\t\t\t\t\t<li class=\"elementor-icon-list-item\">\n\t\t\t\t\t\t\t\t\t\t\t<span class=\"elementor-icon-list-icon\">\n\t\t\t\t\t\t\t<i aria-hidden=\"true\" class=\"far fa-clock\"><\/i>\t\t\t\t\t\t<\/span>\n\t\t\t\t\t\t\t\t\t\t<span class=\"elementor-icon-list-text\">INTERVEN\u00c7\u00c3O - 2 a 3 horas<\/span>\n\t\t\t\t\t\t\t\t\t<\/li>\n\t\t\t\t\t\t\t\t<li class=\"elementor-icon-list-item\">\n\t\t\t\t\t\t\t\t\t\t\t<span class=\"elementor-icon-list-icon\">\n\t\t\t\t\t\t\t<i aria-hidden=\"true\" class=\"far fa-eye-slash\"><\/i>\t\t\t\t\t\t<\/span>\n\t\t\t\t\t\t\t\t\t\t<span class=\"elementor-icon-list-text\">ANESTESIA - seda\u00e7\u00e3o ou geral<\/span>\n\t\t\t\t\t\t\t\t\t<\/li>\n\t\t\t\t\t\t\t\t<li class=\"elementor-icon-list-item\">\n\t\t\t\t\t\t\t\t\t\t\t<span class=\"elementor-icon-list-icon\">\n\t\t\t\t\t\t\t<i aria-hidden=\"true\" class=\"fas fa-bed\"><\/i>\t\t\t\t\t\t<\/span>\n\t\t\t\t\t\t\t\t\t\t<span class=\"elementor-icon-list-text\">CAMA - ambulat\u00f3rio<\/span>\n\t\t\t\t\t\t\t\t\t<\/li>\n\t\t\t\t\t\t\t\t<li class=\"elementor-icon-list-item\">\n\t\t\t\t\t\t\t\t\t\t\t<span class=\"elementor-icon-list-icon\">\n\t\t\t\t\t\t\t<i aria-hidden=\"true\" class=\"fas fa-check\"><\/i>\t\t\t\t\t\t<\/span>\n\t\t\t\t\t\t\t\t\t\t<span class=\"elementor-icon-list-text\">EFEITO - 3 a 6 meses<\/span>\n\t\t\t\t\t\t\t\t\t<\/li>\n\t\t\t\t\t\t\t\t<li class=\"elementor-icon-list-item\">\n\t\t\t\t\t\t\t\t\t\t\t<span class=\"elementor-icon-list-icon\">\n\t\t\t\t\t\t\t<i aria-hidden=\"true\" class=\"fas fa-check-circle\"><\/i>\t\t\t\t\t\t<\/span>\n\t\t\t\t\t\t\t\t\t\t<span class=\"elementor-icon-list-text\">RECUPERA\u00c7\u00c3O - 3 a 10 dias<\/span>\n\t\t\t\t\t\t\t\t\t<\/li>\n\t\t\t\t\t\t\t\t<li class=\"elementor-icon-list-item\">\n\t\t\t\t\t\t\t\t\t\t\t<span class=\"elementor-icon-list-icon\">\n\t\t\t\t\t\t\t<i aria-hidden=\"true\" class=\"far fa-heart\"><\/i>\t\t\t\t\t\t<\/span>\n\t\t\t\t\t\t\t\t\t\t<span class=\"elementor-icon-list-text\">RESULTADO - Dur\u00e1vel<\/span>\n\t\t\t\t\t\t\t\t\t<\/li>\n\t\t\t\t\t\t<\/ul>\n\t\t\t\t<\/div>\n\t\t\t\t<\/div>\n\t\t\t\t<div class=\"elementor-element elementor-element-83a4c11 elementor-align-justify elementor-widget elementor-widget-button\" data-id=\"83a4c11\" data-element_type=\"widget\" data-widget_type=\"button.default\">\n\t\t\t\t<div class=\"elementor-widget-container\">\n\t\t\t\t\t<div class=\"elementor-button-wrapper\">\n\t\t\t<a href=\"https:\/\/cirurgiaplasticapassofundo.com.br\/?page_id=971\" target=\"_blank\" class=\"elementor-button-link elementor-button elementor-size-sm\" role=\"button\">\n\t\t\t\t\t\t<span class=\"elementor-button-content-wrapper\">\n\t\t\t\t\t\t<span class=\"elementor-button-text\">D\u00favidas<\/span>\n\t\t<\/span>\n\t\t\t\t\t<\/a>\n\t\t<\/div>\n\t\t\t\t<\/div>\n\t\t\t\t<\/div>\n\t\t\t\t\t<\/div>\n\t\t<\/div>\n\t\t\t\t\t\t\t<\/div>\n\t\t<\/section>\n\t\t\t\t\t<\/div>\n\t\t<\/div>\n\t\t\t\t\t\t\t<\/div>\n\t\t<\/section>\n\t\t\t\t<section class=\"elementor-section elementor-top-section elementor-element elementor-element-b42233f elementor-section-boxed elementor-section-height-default elementor-section-height-default\" data-id=\"b42233f\" data-element_type=\"section\" data-settings=\"{&quot;background_background&quot;:&quot;classic&quot;}\">\n\t\t\t\t\t\t<div class=\"elementor-container elementor-column-gap-default\">\n\t\t\t\t\t<div class=\"elementor-column elementor-col-100 elementor-top-column elementor-element elementor-element-c9f15bc\" data-id=\"c9f15bc\" data-element_type=\"column\">\n\t\t\t<div class=\"elementor-widget-wrap elementor-element-populated\">\n\t\t\t\t\t\t\t\t<div class=\"elementor-element elementor-element-553ebc5 elementor-hidden-phone elementor-invisible elementor-widget elementor-widget-heading\" data-id=\"553ebc5\" data-element_type=\"widget\" data-settings=\"{&quot;_animation&quot;:&quot;fadeIn&quot;}\" data-widget_type=\"heading.default\">\n\t\t\t\t<div class=\"elementor-widget-container\">\n\t\t\t<h5 class=\"elementor-heading-title elementor-size-medium\">Procedimento cir\u00fargico<\/h5>\t\t<\/div>\n\t\t\t\t<\/div>\n\t\t\t\t<div class=\"elementor-element elementor-element-d76f449 elementor-invisible elementor-widget elementor-widget-heading\" data-id=\"d76f449\" data-element_type=\"widget\" data-settings=\"{&quot;_animation&quot;:&quot;fadeInRight&quot;}\" data-widget_type=\"heading.default\">\n\t\t\t\t<div class=\"elementor-widget-container\">\n\t\t\t<h2 class=\"elementor-heading-title elementor-size-xxl\">Conhe\u00e7a<\/h2>\t\t<\/div>\n\t\t\t\t<\/div>\n\t\t\t\t<div class=\"elementor-element elementor-element-b7cbe06 elementor-widget-divider--view-line elementor-invisible elementor-widget elementor-widget-divider\" data-id=\"b7cbe06\" data-element_type=\"widget\" data-settings=\"{&quot;_animation&quot;:&quot;fadeInUp&quot;}\" data-widget_type=\"divider.default\">\n\t\t\t\t<div class=\"elementor-widget-container\">\n\t\t\t\t\t<div class=\"elementor-divider\">\n\t\t\t<span class=\"elementor-divider-separator\">\n\t\t\t\t\t\t<\/span>\n\t\t<\/div>\n\t\t\t\t<\/div>\n\t\t\t\t<\/div>\n\t\t\t\t<div class=\"elementor-element elementor-element-39f37cb elementor-invisible elementor-widget elementor-widget-text-editor\" data-id=\"39f37cb\" data-element_type=\"widget\" data-settings=\"{&quot;_animation&quot;:&quot;fadeIn&quot;}\" data-widget_type=\"text-editor.default\">\n\t\t\t\t<div class=\"elementor-widget-container\">\n\t\t\t\t\t\t\t\t<p>No intra-operat\u00f3rio, h\u00e1 tr\u00eas etapas principais na escultura corporal de alta defini\u00e7\u00e3o:<\/p><p>infiltra\u00e7\u00e3o, emulsifica\u00e7\u00e3o e aspira\u00e7\u00e3o. O enxerto de gordura aut\u00f3logo segue para concluir o procedimento de contorno.<\/p><p>A Lipo HD \u00e9 uma t\u00e9cnica de retirada de gordura localizada com mais precis\u00e3o e seguran\u00e7a, possibilitando esculpir os contornos anat\u00f4micos do corpo, m\u00fasculos abdominais e cintura p\u00e9lvica, conforme a estrutura do paciente.<\/p><p>Ela pode ser feita em v\u00e1rias regi\u00f5es do corpo, por\u00e9m ainda a mais desejada \u00e9 o abd\u00f4men. A defini\u00e7\u00e3o do abd\u00f4men acontece quando a gordura superficial do corpo \u00e9 esculpida no formato de m\u00fasculo. Avaliando n\u00e3o apenas a camada de gordura, mas a estrutura interna tamb\u00e9m, ou seja, m\u00fasculos, tend\u00f5es e ossos.\u00a0<\/p><p><strong>PREPARA\u00c7\u00c3O PARA A CIRURGIA<\/strong><\/p><p>\u00c9 muito importante alinhar com o cirurgi\u00e3o as expectativas quanto \u00e0 Lipo HD. Al\u00e9m disso, voc\u00ea deve realizar todos exames e cuidados pr\u00e9-cir\u00fargicos solicitados, tais como per\u00edodo e restri\u00e7\u00e3o ao uso de certos medicamentos, entre outros detalhes.<\/p><p>O procedimento pode requerer interna\u00e7\u00e3o, mas normalmente utiliza anestesia local, j\u00e1 que o volume de gordura retirado do corpo \u00e9 menor do que se faz na lipoaspira\u00e7\u00e3o tradicional. Em alguns casos, pode ser necess\u00e1rio utilizar a anestesia peridural com seda\u00e7\u00e3o ou geral.<\/p><p>Por\u00e9m, essas s\u00e3o decis\u00f5es que dependem de uma s\u00e9rie de fatores e s\u00f3 o m\u00e9dico pode determinar o que \u00e9 melhor para o seu caso, inclusive, entre mini lipo e lipoaspira\u00e7\u00e3o, descubra qual \u00e9 o procedimento ideal para voc\u00ea.<\/p><p><strong>RECOMENDA\u00c7\u00d5ES PR\u00c9-OPERAT\u00d3RIAS<\/strong><\/p><ul><li>Evite qualquer medicamento, toxinas, cigarro e \u00e1lcool por at\u00e9 14 dias antes \u00e0 cirurgia.<\/li><li>Evite esfor\u00e7o f\u00edsico e mantenha uma alimenta\u00e7\u00e3o saud\u00e1vel.<\/li><li>Siga todas as instru\u00e7\u00f5es dadas por seu cirurgi\u00e3o<\/li><\/ul><p><strong>CUIDADOS NO P\u00d3S-OPERAT\u00d3RIO: COMO GARANTIR UMA BOA RECUPERA\u00c7\u00c3O<\/strong><\/p><p>Ap\u00f3s a realiza\u00e7\u00e3o da Lipo HD s\u00e3o as seguintes, o paciente dever\u00e1 manter um per\u00edodo de repouso ( que varia entre 3 a 10 dias, dependendo de cada caso). Isso significa que os exerc\u00edcios f\u00edsicos dever\u00e3o ser suspensos temporiariamente.<\/p><p>\u00c9 muito importante tamb\u00e9m usar a cinta modeladora pelo per\u00edodo recomendado, pois ela ajuda a segurar os tecidos em suas novas posi\u00e7\u00f5es e acelera a cicatriza\u00e7\u00e3o. Al\u00e9m disso, o paciente dever\u00e1 fazer sess\u00f5es de drenagem linf\u00e1tica, conforme indica\u00e7\u00e3o do m\u00e9dico.<\/p><p>A exposi\u00e7\u00e3o ao sol deve ser evitada at\u00e9 que haja libera\u00e7\u00e3o m\u00e9dica, o que geralmente acontece depois que os hematomas desaparecem. Do contr\u00e1rio, a pele pode ficar manchada permanentemente.<\/p><p><strong>RECOMENDA\u00c7\u00d5ES P\u00d3S-OPERAT\u00d3RIAS<\/strong><\/p><ul><li>Use a cinta modeladora pelo tempo que seu m\u00e9dico indicar que seja necess\u00e1rio<\/li><li>Evite atividades f\u00edsicas por at\u00e9 21 dias p\u00f3s operat\u00f3rio.<\/li><li>Os resultados s\u00e3o vis\u00edveis em media ap\u00f3s 90 dias \u00e0 cirurgia.<\/li><\/ul><p><strong>BENEF\u00cdCIOS<\/strong><\/p><p>Ap\u00f3s a cirurgia j\u00e1 \u00e9 poss\u00edvel notar a defini\u00e7\u00e3o dos m\u00fasculos. As marcas desse tipo de procedimento s\u00e3o discretas e podem se tornar impercept\u00edveis ao final da cicatriza\u00e7\u00e3o, que leva de 3 a 6 meses.<\/p><p>Uma das vantagens da Lipo HD \u00e9 o uso de tecnologias associadas que permitem um contorno corporal mais suave e menores riscos de irregularidades. Os resultados desse procedimento s\u00e3o ainda mais aparentes entre pessoas que j\u00e1 praticam exerc\u00edcios f\u00edsicos, mas n\u00e3o conseguiram alcan\u00e7ar a defini\u00e7\u00e3o corporal desejada.<\/p><p>A \u201c High Definition \u201cconsiste em usar laser ou ultrassom para \u201cquebrar \u201c a gordura e facilitar na remo\u00e7\u00e3o de \u00e1reas especificas. A Lipo HD pode proporcionar \u00e0 regi\u00e3o abdominal uma apar\u00eancia mais atl\u00e9tica e esportista, como famoso \u201ctanquinho\u201d.<\/p><p>Mais do que remover o excesso de gordura localizada que provoca um visual pouco est\u00e9tico e remodelar a silhueta, essa nova tend\u00eancia transforma a cl\u00e1ssica lipoaspira\u00e7\u00e3o em uma t\u00e9cnica focada tamb\u00e9m na defini\u00e7\u00e3o dos contornos musculares.<\/p>\t\t\t\t\t\t<\/div>\n\t\t\t\t<\/div>\n\t\t\t\t<div class=\"elementor-element elementor-element-1179f73 elementor-align-left elementor-invisible elementor-widget elementor-widget-button\" data-id=\"1179f73\" data-element_type=\"widget\" data-settings=\"{&quot;_animation&quot;:&quot;fadeInUp&quot;,&quot;_animation_delay&quot;:800}\" data-widget_type=\"button.default\">\n\t\t\t\t<div class=\"elementor-widget-container\">\n\t\t\t\t\t<div class=\"elementor-button-wrapper\">\n\t\t\t<a href=\"https:\/\/cirurgiaplasticapassofundo.com.br\/?page_id=971\" target=\"_blank\" class=\"elementor-button-link elementor-button elementor-size-md elementor-animation-sink\" role=\"button\">\n\t\t\t\t\t\t<span class=\"elementor-button-content-wrapper\">\n\t\t\t\t\t\t<span class=\"elementor-button-icon elementor-align-icon-right\">\n\t\t\t\t<i aria-hidden=\"true\" class=\"fas fa-angle-right\"><\/i>\t\t\t<\/span>\n\t\t\t\t\t\t<span class=\"elementor-button-text\">Agendar Consulta<\/span>\n\t\t<\/span>\n\t\t\t\t\t<\/a>\n\t\t<\/div>\n\t\t\t\t<\/div>\n\t\t\t\t<\/div>\n\t\t\t\t\t<\/div>\n\t\t<\/div>\n\t\t\t\t\t\t\t<\/div>\n\t\t<\/section>\n\t\t\t\t\t\t<\/div>\n\t\t\t\t\t<\/div>\n\t\t","protected":false},"excerpt":{"rendered":"<p>Lipoaspira\u00e7\u00e3o HD rESUMO O nome dado a este procedimento est\u00e9tico utiliza dois conceito bem difundidos atualmente. O termo \u201clipo&#8221; vem da forma como a lipoaspira\u00e7\u00e3o \u00e9 popularmente conhecida. E a sigla HD vem do termo \u201chigh definition (em ingl\u00eas), que significa alta defini\u00e7\u00e3o. Itens INTERVEN\u00c7\u00c3O &#8211; 2 a 3 horas ANESTESIA &#8211; seda\u00e7\u00e3o ou geral [&hellip;]<\/p>\n","protected":false},"author":1,"featured_media":0,"parent":0,"menu_order":0,"comment_status":"closed","ping_status":"closed","template":"","meta":{"footnotes":""},"class_list":["post-476","page","type-page","status-publish","hentry"],"yoast_head":"<!-- This site is optimized with the Yoast SEO plugin v22.2 - https:\/\/yoast.com\/wordpress\/plugins\/seo\/ -->\n<title>Lipoaspira\u00e7\u00e3o HD -<\/title>\n<meta name=\"robots\" content=\"index, follow, max-snippet:-1, max-image-preview:large, max-video-preview:-1\" \/>\n<link rel=\"canonical\" href=\"https:\/\/cirurgiaplasticapassofundo.com.br\/?page_id=476\" \/>\n<meta property=\"og:locale\" content=\"pt_BR\" \/>\n<meta property=\"og:type\" content=\"article\" \/>\n<meta property=\"og:title\" content=\"Lipoaspira\u00e7\u00e3o HD -\" \/>\n<meta property=\"og:description\" content=\"Lipoaspira\u00e7\u00e3o HD rESUMO O nome dado a este procedimento est\u00e9tico utiliza dois conceito bem difundidos atualmente. O termo \u201clipo&#8221; vem da forma como a lipoaspira\u00e7\u00e3o \u00e9 popularmente conhecida. E a sigla HD vem do termo \u201chigh definition (em ingl\u00eas), que significa alta defini\u00e7\u00e3o. Itens INTERVEN\u00c7\u00c3O &#8211; 2 a 3 horas ANESTESIA &#8211; seda\u00e7\u00e3o ou geral [&hellip;]\" \/>\n<meta property=\"og:url\" content=\"https:\/\/cirurgiaplasticapassofundo.com.br\/?page_id=476\" \/>\n<meta property=\"article:modified_time\" content=\"2026-04-07T18:21:23+00:00\" \/>\n<meta property=\"og:image\" content=\"https:\/\/cirurgiaplasticapassofundo.com.br\/wp-content\/uploads\/2024\/03\/4c16a9d15bd1101b8cf38365bb2085b3.jpg\" \/>\n<meta name=\"twitter:card\" content=\"summary_large_image\" \/>\n<meta name=\"twitter:label1\" content=\"Est. tempo de leitura\" \/>\n\t<meta name=\"twitter:data1\" content=\"4 minutos\" \/>\n<script type=\"application\/ld+json\" class=\"yoast-schema-graph\">{\"@context\":\"https:\/\/schema.org\",\"@graph\":[{\"@type\":\"WebPage\",\"@id\":\"https:\/\/cirurgiaplasticapassofundo.com.br\/?page_id=476\",\"url\":\"https:\/\/cirurgiaplasticapassofundo.com.br\/?page_id=476\",\"name\":\"Lipoaspira\u00e7\u00e3o HD -\",\"isPartOf\":{\"@id\":\"https:\/\/cirurgiaplasticapassofundo.com.br\/#website\"},\"primaryImageOfPage\":{\"@id\":\"https:\/\/cirurgiaplasticapassofundo.com.br\/?page_id=476#primaryimage\"},\"image\":{\"@id\":\"https:\/\/cirurgiaplasticapassofundo.com.br\/?page_id=476#primaryimage\"},\"thumbnailUrl\":\"https:\/\/cirurgiaplasticapassofundo.com.br\/wp-content\/uploads\/2024\/03\/4c16a9d15bd1101b8cf38365bb2085b3.jpg\",\"datePublished\":\"2024-03-18T18:01:17+00:00\",\"dateModified\":\"2026-04-07T18:21:23+00:00\",\"breadcrumb\":{\"@id\":\"https:\/\/cirurgiaplasticapassofundo.com.br\/?page_id=476#breadcrumb\"},\"inLanguage\":\"pt-BR\",\"potentialAction\":[{\"@type\":\"ReadAction\",\"target\":[\"https:\/\/cirurgiaplasticapassofundo.com.br\/?page_id=476\"]}]},{\"@type\":\"ImageObject\",\"inLanguage\":\"pt-BR\",\"@id\":\"https:\/\/cirurgiaplasticapassofundo.com.br\/?page_id=476#primaryimage\",\"url\":\"https:\/\/cirurgiaplasticapassofundo.com.br\/wp-content\/uploads\/2024\/03\/4c16a9d15bd1101b8cf38365bb2085b3.jpg\",\"contentUrl\":\"https:\/\/cirurgiaplasticapassofundo.com.br\/wp-content\/uploads\/2024\/03\/4c16a9d15bd1101b8cf38365bb2085b3.jpg\",\"width\":960,\"height\":720},{\"@type\":\"BreadcrumbList\",\"@id\":\"https:\/\/cirurgiaplasticapassofundo.com.br\/?page_id=476#breadcrumb\",\"itemListElement\":[{\"@type\":\"ListItem\",\"position\":1,\"name\":\"In\u00edcio\",\"item\":\"https:\/\/cirurgiaplasticapassofundo.com.br\/\"},{\"@type\":\"ListItem\",\"position\":2,\"name\":\"Lipoaspira\u00e7\u00e3o HD\"}]},{\"@type\":\"WebSite\",\"@id\":\"https:\/\/cirurgiaplasticapassofundo.com.br\/#website\",\"url\":\"https:\/\/cirurgiaplasticapassofundo.com.br\/\",\"name\":\"\",\"description\":\"\",\"potentialAction\":[{\"@type\":\"SearchAction\",\"target\":{\"@type\":\"EntryPoint\",\"urlTemplate\":\"https:\/\/cirurgiaplasticapassofundo.com.br\/?s={search_term_string}\"},\"query-input\":\"required name=search_term_string\"}],\"inLanguage\":\"pt-BR\"}]}<\/script>\n<!-- \/ Yoast SEO plugin. -->","yoast_head_json":{"title":"Lipoaspira\u00e7\u00e3o HD -","robots":{"index":"index","follow":"follow","max-snippet":"max-snippet:-1","max-image-preview":"max-image-preview:large","max-video-preview":"max-video-preview:-1"},"canonical":"https:\/\/cirurgiaplasticapassofundo.com.br\/?page_id=476","og_locale":"pt_BR","og_type":"article","og_title":"Lipoaspira\u00e7\u00e3o HD -","og_description":"Lipoaspira\u00e7\u00e3o HD rESUMO O nome dado a este procedimento est\u00e9tico utiliza dois conceito bem difundidos atualmente. O termo \u201clipo&#8221; vem da forma como a lipoaspira\u00e7\u00e3o \u00e9 popularmente conhecida. E a sigla HD vem do termo \u201chigh definition (em ingl\u00eas), que significa alta defini\u00e7\u00e3o. Itens INTERVEN\u00c7\u00c3O &#8211; 2 a 3 horas ANESTESIA &#8211; seda\u00e7\u00e3o ou geral [&hellip;]","og_url":"https:\/\/cirurgiaplasticapassofundo.com.br\/?page_id=476","article_modified_time":"2026-04-07T18:21:23+00:00","og_image":[{"url":"https:\/\/cirurgiaplasticapassofundo.com.br\/wp-content\/uploads\/2024\/03\/4c16a9d15bd1101b8cf38365bb2085b3.jpg"}],"twitter_card":"summary_large_image","twitter_misc":{"Est. tempo de leitura":"4 minutos"},"schema":{"@context":"https:\/\/schema.org","@graph":[{"@type":"WebPage","@id":"https:\/\/cirurgiaplasticapassofundo.com.br\/?page_id=476","url":"https:\/\/cirurgiaplasticapassofundo.com.br\/?page_id=476","name":"Lipoaspira\u00e7\u00e3o HD -","isPartOf":{"@id":"https:\/\/cirurgiaplasticapassofundo.com.br\/#website"},"primaryImageOfPage":{"@id":"https:\/\/cirurgiaplasticapassofundo.com.br\/?page_id=476#primaryimage"},"image":{"@id":"https:\/\/cirurgiaplasticapassofundo.com.br\/?page_id=476#primaryimage"},"thumbnailUrl":"https:\/\/cirurgiaplasticapassofundo.com.br\/wp-content\/uploads\/2024\/03\/4c16a9d15bd1101b8cf38365bb2085b3.jpg","datePublished":"2024-03-18T18:01:17+00:00","dateModified":"2026-04-07T18:21:23+00:00","breadcrumb":{"@id":"https:\/\/cirurgiaplasticapassofundo.com.br\/?page_id=476#breadcrumb"},"inLanguage":"pt-BR","potentialAction":[{"@type":"ReadAction","target":["https:\/\/cirurgiaplasticapassofundo.com.br\/?page_id=476"]}]},{"@type":"ImageObject","inLanguage":"pt-BR","@id":"https:\/\/cirurgiaplasticapassofundo.com.br\/?page_id=476#primaryimage","url":"https:\/\/cirurgiaplasticapassofundo.com.br\/wp-content\/uploads\/2024\/03\/4c16a9d15bd1101b8cf38365bb2085b3.jpg","contentUrl":"https:\/\/cirurgiaplasticapassofundo.com.br\/wp-content\/uploads\/2024\/03\/4c16a9d15bd1101b8cf38365bb2085b3.jpg","width":960,"height":720},{"@type":"BreadcrumbList","@id":"https:\/\/cirurgiaplasticapassofundo.com.br\/?page_id=476#breadcrumb","itemListElement":[{"@type":"ListItem","position":1,"name":"In\u00edcio","item":"https:\/\/cirurgiaplasticapassofundo.com.br\/"},{"@type":"ListItem","position":2,"name":"Lipoaspira\u00e7\u00e3o HD"}]},{"@type":"WebSite","@id":"https:\/\/cirurgiaplasticapassofundo.com.br\/#website","url":"https:\/\/cirurgiaplasticapassofundo.com.br\/","name":"","description":"","potentialAction":[{"@type":"SearchAction","target":{"@type":"EntryPoint","urlTemplate":"https:\/\/cirurgiaplasticapassofundo.com.br\/?s={search_term_string}"},"query-input":"required name=search_term_string"}],"inLanguage":"pt-BR"}]}},"_links":{"self":[{"href":"https:\/\/cirurgiaplasticapassofundo.com.br\/index.php?rest_route=\/wp\/v2\/pages\/476","targetHints":{"allow":["GET"]}}],"collection":[{"href":"https:\/\/cirurgiaplasticapassofundo.com.br\/index.php?rest_route=\/wp\/v2\/pages"}],"about":[{"href":"https:\/\/cirurgiaplasticapassofundo.com.br\/index.php?rest_route=\/wp\/v2\/types\/page"}],"author":[{"embeddable":true,"href":"https:\/\/cirurgiaplasticapassofundo.com.br\/index.php?rest_route=\/wp\/v2\/users\/1"}],"replies":[{"embeddable":true,"href":"https:\/\/cirurgiaplasticapassofundo.com.br\/index.php?rest_route=%2Fwp%2Fv2%2Fcomments&post=476"}],"version-history":[{"count":22,"href":"https:\/\/cirurgiaplasticapassofundo.com.br\/index.php?rest_route=\/wp\/v2\/pages\/476\/revisions"}],"predecessor-version":[{"id":1033,"href":"https:\/\/cirurgiaplasticapassofundo.com.br\/index.php?rest_route=\/wp\/v2\/pages\/476\/revisions\/1033"}],"wp:attachment":[{"href":"https:\/\/cirurgiaplasticapassofundo.com.br\/index.php?rest_route=%2Fwp%2Fv2%2Fmedia&parent=476"}],"curies":[{"name":"wp","href":"https:\/\/api.w.org\/{rel}","templated":true}]}}