{"id":424,"date":"2024-03-18T13:46:02","date_gmt":"2024-03-18T16:46:02","guid":{"rendered":"https:\/\/cirurgiaplasticapassofundo.com.br\/?page_id=424"},"modified":"2026-04-07T15:24:05","modified_gmt":"2026-04-07T18:24:05","slug":"queloide","status":"publish","type":"page","link":"https:\/\/cirurgiaplasticapassofundo.com.br\/?page_id=424","title":{"rendered":"Quel\u00f3ide"},"content":{"rendered":"\t\t<div data-elementor-type=\"wp-page\" data-elementor-id=\"424\" class=\"elementor elementor-424\" data-elementor-settings=\"[]\">\n\t\t\t\t\t\t\t<div class=\"elementor-section-wrap\">\n\t\t\t\t\t\t\t<section class=\"elementor-section elementor-top-section elementor-element elementor-element-813e1e9 elementor-section-boxed elementor-section-height-default elementor-section-height-default\" data-id=\"813e1e9\" data-element_type=\"section\" data-settings=\"{&quot;background_background&quot;:&quot;classic&quot;}\">\n\t\t\t\t\t\t<div class=\"elementor-container elementor-column-gap-default\">\n\t\t\t\t\t<div class=\"elementor-column elementor-col-50 elementor-top-column elementor-element elementor-element-efd266f\" data-id=\"efd266f\" data-element_type=\"column\">\n\t\t\t<div class=\"elementor-widget-wrap elementor-element-populated\">\n\t\t\t\t\t\t\t\t<div class=\"elementor-element elementor-element-29c0068 elementor-hidden-phone elementor-invisible elementor-widget elementor-widget-spacer\" data-id=\"29c0068\" data-element_type=\"widget\" data-settings=\"{&quot;_animation&quot;:&quot;fadeInDown&quot;}\" data-widget_type=\"spacer.default\">\n\t\t\t\t<div class=\"elementor-widget-container\">\n\t\t\t\t\t<div class=\"elementor-spacer\">\n\t\t\t<div class=\"elementor-spacer-inner\"><\/div>\n\t\t<\/div>\n\t\t\t\t<\/div>\n\t\t\t\t<\/div>\n\t\t\t\t<div class=\"elementor-element elementor-element-0437818 elementor-invisible elementor-widget elementor-widget-heading\" data-id=\"0437818\" data-element_type=\"widget\" data-settings=\"{&quot;_animation&quot;:&quot;fadeInLeft&quot;}\" data-widget_type=\"heading.default\">\n\t\t\t\t<div class=\"elementor-widget-container\">\n\t\t\t<h1 class=\"elementor-heading-title elementor-size-default\">Quel\u00f3ide<\/h1>\t\t<\/div>\n\t\t\t\t<\/div>\n\t\t\t\t<div class=\"elementor-element elementor-element-7ff956a elementor-align-right elementor-hidden-phone elementor-invisible elementor-widget elementor-widget-button\" data-id=\"7ff956a\" data-element_type=\"widget\" data-settings=\"{&quot;_animation&quot;:&quot;fadeInUp&quot;,&quot;_animation_delay&quot;:800}\" data-widget_type=\"button.default\">\n\t\t\t\t<div class=\"elementor-widget-container\">\n\t\t\t\t\t<div class=\"elementor-button-wrapper\">\n\t\t\t<a href=\"https:\/\/cirurgiaplasticapassofundo.com.br\/?page_id=971\" class=\"elementor-button-link elementor-button elementor-size-md elementor-animation-sink\" role=\"button\">\n\t\t\t\t\t\t<span class=\"elementor-button-content-wrapper\">\n\t\t\t\t\t\t<span class=\"elementor-button-icon elementor-align-icon-right\">\n\t\t\t\t<i aria-hidden=\"true\" class=\"fas fa-angle-right\"><\/i>\t\t\t<\/span>\n\t\t\t\t\t\t<span class=\"elementor-button-text\">tirar d\u00favidas<\/span>\n\t\t<\/span>\n\t\t\t\t\t<\/a>\n\t\t<\/div>\n\t\t\t\t<\/div>\n\t\t\t\t<\/div>\n\t\t\t\t\t<\/div>\n\t\t<\/div>\n\t\t\t\t<div class=\"elementor-column elementor-col-50 elementor-top-column elementor-element elementor-element-b512f39\" data-id=\"b512f39\" data-element_type=\"column\">\n\t\t\t<div class=\"elementor-widget-wrap elementor-element-populated\">\n\t\t\t\t\t\t\t\t<div class=\"elementor-element elementor-element-eb41984 elementor-invisible elementor-widget elementor-widget-heading\" data-id=\"eb41984\" data-element_type=\"widget\" data-settings=\"{&quot;_animation&quot;:&quot;fadeIn&quot;}\" data-widget_type=\"heading.default\">\n\t\t\t\t<div class=\"elementor-widget-container\">\n\t\t\t<h5 class=\"elementor-heading-title elementor-size-medium\">rESUMO<\/h5>\t\t<\/div>\n\t\t\t\t<\/div>\n\t\t\t\t<div class=\"elementor-element elementor-element-bce105c elementor-invisible elementor-widget elementor-widget-text-editor\" data-id=\"bce105c\" data-element_type=\"widget\" data-settings=\"{&quot;_animation&quot;:&quot;fadeIn&quot;}\" data-widget_type=\"text-editor.default\">\n\t\t\t\t<div class=\"elementor-widget-container\">\n\t\t\t\t\t\t\t\t<p>As cicatrizes quel\u00f3ides s\u00e3o cicatrizes que excedem os limites da ferida, crescendo desproporcionalmente. A cicatriz tem uma apar\u00eancia avermelhada, volumosa, dura e muitas vezes apresenta coceira. Quando os tratamentos conservadores do quel\u00f3ide falham, seja o laser, a pr\u00e9-terapia ou a aplica\u00e7\u00e3o intralesional de corticosteroides, sempre temos a braquiterapia.\u00a0<\/p>\t\t\t\t\t\t<\/div>\n\t\t\t\t<\/div>\n\t\t\t\t\t<\/div>\n\t\t<\/div>\n\t\t\t\t\t\t\t<\/div>\n\t\t<\/section>\n\t\t\t\t<section class=\"elementor-section elementor-top-section elementor-element elementor-element-8971c02 elementor-section-boxed elementor-section-height-default elementor-section-height-default\" data-id=\"8971c02\" data-element_type=\"section\">\n\t\t\t\t\t\t<div class=\"elementor-container elementor-column-gap-no\">\n\t\t\t\t\t<div class=\"elementor-column elementor-col-50 elementor-top-column elementor-element elementor-element-76abfa3\" data-id=\"76abfa3\" data-element_type=\"column\">\n\t\t\t<div class=\"elementor-widget-wrap elementor-element-populated\">\n\t\t\t\t\t\t\t\t<div class=\"elementor-element elementor-element-2868cf2 elementor-widget elementor-widget-image\" data-id=\"2868cf2\" data-element_type=\"widget\" data-widget_type=\"image.default\">\n\t\t\t\t<div class=\"elementor-widget-container\">\n\t\t\t\t\t\t\t\t\t\t\t\t\t\t\t<img loading=\"lazy\" decoding=\"async\" width=\"800\" height=\"600\" src=\"https:\/\/cirurgiaplasticapassofundo.com.br\/wp-content\/uploads\/2024\/03\/2e807fa883c37783f6acc70922093ac0.jpg\" class=\"attachment-large size-large\" alt=\"\" srcset=\"https:\/\/cirurgiaplasticapassofundo.com.br\/wp-content\/uploads\/2024\/03\/2e807fa883c37783f6acc70922093ac0.jpg 960w, https:\/\/cirurgiaplasticapassofundo.com.br\/wp-content\/uploads\/2024\/03\/2e807fa883c37783f6acc70922093ac0-300x225.jpg 300w, https:\/\/cirurgiaplasticapassofundo.com.br\/wp-content\/uploads\/2024\/03\/2e807fa883c37783f6acc70922093ac0-768x576.jpg 768w\" sizes=\"auto, (max-width: 800px) 100vw, 800px\" \/>\t\t\t\t\t\t\t\t\t\t\t\t\t\t\t<\/div>\n\t\t\t\t<\/div>\n\t\t\t\t\t<\/div>\n\t\t<\/div>\n\t\t\t\t<div class=\"elementor-column elementor-col-50 elementor-top-column elementor-element elementor-element-fddbae9\" data-id=\"fddbae9\" data-element_type=\"column\">\n\t\t\t<div class=\"elementor-widget-wrap elementor-element-populated\">\n\t\t\t\t\t\t\t\t<section class=\"elementor-section elementor-inner-section elementor-element elementor-element-90b2e28 elementor-section-boxed elementor-section-height-default elementor-section-height-default\" data-id=\"90b2e28\" data-element_type=\"section\">\n\t\t\t\t\t\t<div class=\"elementor-container elementor-column-gap-default\">\n\t\t\t\t\t<div class=\"elementor-column elementor-col-100 elementor-inner-column elementor-element elementor-element-9959ffe\" data-id=\"9959ffe\" data-element_type=\"column\">\n\t\t\t<div class=\"elementor-widget-wrap elementor-element-populated\">\n\t\t\t\t\t\t\t\t<div class=\"elementor-element elementor-element-433548b elementor-invisible elementor-widget elementor-widget-text-editor\" data-id=\"433548b\" data-element_type=\"widget\" data-settings=\"{&quot;_animation&quot;:&quot;fadeIn&quot;}\" data-widget_type=\"text-editor.default\">\n\t\t\t\t<div class=\"elementor-widget-container\">\n\t\t\t\t\t\t\t\t<p><strong>PR\u00c9 OPERAT\u00d3RIO<\/strong><\/p><p>Como em qualquer procedimento m\u00e9dico, uma primeira visita de diagn\u00f3stico ser\u00e1 essencial, onde ser\u00e1 avaliado qual t\u00e9cnica ou tratamento \u00e9 o mais adequado em cada caso.<\/p><p><strong>P\u00d3S OPERAT\u00d3RIO<\/strong><\/p><p>O paciente pode voltar para casa no mesmo dia e n\u00e3o sentir\u00e1 dor.<\/p><p>Os pontos devem ser removidos por semana.<\/p><p><strong>BENEF\u00cdCIOS<\/strong><\/p><p>Atrav\u00e9s do tratamento, a apar\u00eancia, tamanho, dureza, cor e tend\u00eancia expansiva da cicatriz s\u00e3o significativamente melhoradas.<\/p>\t\t\t\t\t\t<\/div>\n\t\t\t\t<\/div>\n\t\t\t\t<div class=\"elementor-element elementor-element-040d58d elementor-align-justify elementor-widget elementor-widget-button\" data-id=\"040d58d\" data-element_type=\"widget\" data-widget_type=\"button.default\">\n\t\t\t\t<div class=\"elementor-widget-container\">\n\t\t\t\t\t<div class=\"elementor-button-wrapper\">\n\t\t\t<a href=\"https:\/\/cirurgiaplasticapassofundo.com.br\/?page_id=971\" class=\"elementor-button-link elementor-button elementor-size-sm\" role=\"button\">\n\t\t\t\t\t\t<span class=\"elementor-button-content-wrapper\">\n\t\t\t\t\t\t<span class=\"elementor-button-text\">D\u00favidas<\/span>\n\t\t<\/span>\n\t\t\t\t\t<\/a>\n\t\t<\/div>\n\t\t\t\t<\/div>\n\t\t\t\t<\/div>\n\t\t\t\t\t<\/div>\n\t\t<\/div>\n\t\t\t\t\t\t\t<\/div>\n\t\t<\/section>\n\t\t\t\t\t<\/div>\n\t\t<\/div>\n\t\t\t\t\t\t\t<\/div>\n\t\t<\/section>\n\t\t\t\t<section class=\"elementor-section elementor-top-section elementor-element elementor-element-ed63a92 elementor-section-boxed elementor-section-height-default elementor-section-height-default\" data-id=\"ed63a92\" data-element_type=\"section\" data-settings=\"{&quot;background_background&quot;:&quot;classic&quot;}\">\n\t\t\t\t\t\t<div class=\"elementor-container elementor-column-gap-default\">\n\t\t\t\t\t<div class=\"elementor-column elementor-col-100 elementor-top-column elementor-element elementor-element-c297d23\" data-id=\"c297d23\" data-element_type=\"column\">\n\t\t\t<div class=\"elementor-widget-wrap elementor-element-populated\">\n\t\t\t\t\t\t\t\t<div class=\"elementor-element elementor-element-8925cf4 elementor-hidden-phone elementor-invisible elementor-widget elementor-widget-heading\" data-id=\"8925cf4\" data-element_type=\"widget\" data-settings=\"{&quot;_animation&quot;:&quot;fadeIn&quot;}\" data-widget_type=\"heading.default\">\n\t\t\t\t<div class=\"elementor-widget-container\">\n\t\t\t<h5 class=\"elementor-heading-title elementor-size-medium\">Procedimento N\u00e3o cir\u00fargico<\/h5>\t\t<\/div>\n\t\t\t\t<\/div>\n\t\t\t\t<div class=\"elementor-element elementor-element-1a65faa elementor-invisible elementor-widget elementor-widget-heading\" data-id=\"1a65faa\" data-element_type=\"widget\" data-settings=\"{&quot;_animation&quot;:&quot;fadeInRight&quot;}\" data-widget_type=\"heading.default\">\n\t\t\t\t<div class=\"elementor-widget-container\">\n\t\t\t<h2 class=\"elementor-heading-title elementor-size-xxl\">Conhe\u00e7a<\/h2>\t\t<\/div>\n\t\t\t\t<\/div>\n\t\t\t\t<div class=\"elementor-element elementor-element-d4e7f08 elementor-widget-divider--view-line elementor-invisible elementor-widget elementor-widget-divider\" data-id=\"d4e7f08\" data-element_type=\"widget\" data-settings=\"{&quot;_animation&quot;:&quot;fadeInUp&quot;}\" data-widget_type=\"divider.default\">\n\t\t\t\t<div class=\"elementor-widget-container\">\n\t\t\t\t\t<div class=\"elementor-divider\">\n\t\t\t<span class=\"elementor-divider-separator\">\n\t\t\t\t\t\t<\/span>\n\t\t<\/div>\n\t\t\t\t<\/div>\n\t\t\t\t<\/div>\n\t\t\t\t<div class=\"elementor-element elementor-element-037f8b9 elementor-invisible elementor-widget elementor-widget-text-editor\" data-id=\"037f8b9\" data-element_type=\"widget\" data-settings=\"{&quot;_animation&quot;:&quot;fadeIn&quot;}\" data-widget_type=\"text-editor.default\">\n\t\t\t\t<div class=\"elementor-widget-container\">\n\t\t\t\t\t\t\t\t<p>A braquiterapia \u00e9 uma t\u00e9cnica com 95% de efic\u00e1cia contra todos os tipos de quel\u00f3ides e resolve-os definitivamente.<\/p><p><strong>QUAL \u00c9 O TRATAMENTO?<\/strong><\/p><p>A braquiterapia consiste na irradia\u00e7\u00e3o desse queloide, por meio de uma fonte de radioterapia, diretamente sobre as cicatrizes quando elas s\u00e3o longas e grandes, ou, se forem pequenas, elas s\u00e3o removidas cirurgicamente deixando um cateter muito fino no interior da ferida, saturando-a novamente; e atrav\u00e9s deste cateter emitem radioterapia, controlada por um computador, para saber em qual \u00e1rea emitir mais ou menos energia. Dessa forma, um tecido hip\u00f3xico, hipovascular e hipocelular ser\u00e1 alcan\u00e7ado, impedindo a migra\u00e7\u00e3o excessiva de fibroblastos para a \u00e1rea, e uma cicatriz correta e mais est\u00e9tica ser\u00e1 obtida. \u00c0s vezes, dependendo do caso, \u00e9 feito sem o cateter.<\/p>\t\t\t\t\t\t<\/div>\n\t\t\t\t<\/div>\n\t\t\t\t<div class=\"elementor-element elementor-element-0c053db elementor-align-left elementor-invisible elementor-widget elementor-widget-button\" data-id=\"0c053db\" data-element_type=\"widget\" data-settings=\"{&quot;_animation&quot;:&quot;fadeInUp&quot;,&quot;_animation_delay&quot;:800}\" data-widget_type=\"button.default\">\n\t\t\t\t<div class=\"elementor-widget-container\">\n\t\t\t\t\t<div class=\"elementor-button-wrapper\">\n\t\t\t<a href=\"https:\/\/cirurgiaplasticapassofundo.com.br\/?page_id=971\" class=\"elementor-button-link elementor-button elementor-size-md elementor-animation-sink\" role=\"button\">\n\t\t\t\t\t\t<span class=\"elementor-button-content-wrapper\">\n\t\t\t\t\t\t<span class=\"elementor-button-icon elementor-align-icon-right\">\n\t\t\t\t<i aria-hidden=\"true\" class=\"fas fa-angle-right\"><\/i>\t\t\t<\/span>\n\t\t\t\t\t\t<span class=\"elementor-button-text\">Agendar Consulta<\/span>\n\t\t<\/span>\n\t\t\t\t\t<\/a>\n\t\t<\/div>\n\t\t\t\t<\/div>\n\t\t\t\t<\/div>\n\t\t\t\t\t<\/div>\n\t\t<\/div>\n\t\t\t\t\t\t\t<\/div>\n\t\t<\/section>\n\t\t\t\t\t\t<\/div>\n\t\t\t\t\t<\/div>\n\t\t","protected":false},"excerpt":{"rendered":"<p>Quel\u00f3ide tirar d\u00favidas rESUMO As cicatrizes quel\u00f3ides s\u00e3o cicatrizes que excedem os limites da ferida, crescendo desproporcionalmente. A cicatriz tem uma apar\u00eancia avermelhada, volumosa, dura e muitas vezes apresenta coceira. Quando os tratamentos conservadores do quel\u00f3ide falham, seja o laser, a pr\u00e9-terapia ou a aplica\u00e7\u00e3o intralesional de corticosteroides, sempre temos a braquiterapia.\u00a0 PR\u00c9 OPERAT\u00d3RIO Como [&hellip;]<\/p>\n","protected":false},"author":1,"featured_media":0,"parent":0,"menu_order":0,"comment_status":"closed","ping_status":"closed","template":"","meta":{"footnotes":""},"class_list":["post-424","page","type-page","status-publish","hentry"],"yoast_head":"<!-- This site is optimized with the Yoast SEO plugin v22.2 - https:\/\/yoast.com\/wordpress\/plugins\/seo\/ -->\n<title>Quel\u00f3ide -<\/title>\n<meta name=\"robots\" content=\"index, follow, max-snippet:-1, max-image-preview:large, max-video-preview:-1\" \/>\n<link rel=\"canonical\" href=\"https:\/\/cirurgiaplasticapassofundo.com.br\/?page_id=424\" \/>\n<meta property=\"og:locale\" content=\"pt_BR\" \/>\n<meta property=\"og:type\" content=\"article\" \/>\n<meta property=\"og:title\" content=\"Quel\u00f3ide -\" \/>\n<meta property=\"og:description\" content=\"Quel\u00f3ide tirar d\u00favidas rESUMO As cicatrizes quel\u00f3ides s\u00e3o cicatrizes que excedem os limites da ferida, crescendo desproporcionalmente. A cicatriz tem uma apar\u00eancia avermelhada, volumosa, dura e muitas vezes apresenta coceira. Quando os tratamentos conservadores do quel\u00f3ide falham, seja o laser, a pr\u00e9-terapia ou a aplica\u00e7\u00e3o intralesional de corticosteroides, sempre temos a braquiterapia.\u00a0 PR\u00c9 OPERAT\u00d3RIO Como [&hellip;]\" \/>\n<meta property=\"og:url\" content=\"https:\/\/cirurgiaplasticapassofundo.com.br\/?page_id=424\" \/>\n<meta property=\"article:modified_time\" content=\"2026-04-07T18:24:05+00:00\" \/>\n<meta property=\"og:image\" content=\"https:\/\/cirurgiaplasticapassofundo.com.br\/wp-content\/uploads\/2024\/03\/2e807fa883c37783f6acc70922093ac0.jpg\" \/>\n<meta name=\"twitter:card\" content=\"summary_large_image\" \/>\n<meta name=\"twitter:label1\" content=\"Est. tempo de leitura\" \/>\n\t<meta name=\"twitter:data1\" content=\"2 minutos\" \/>\n<script type=\"application\/ld+json\" class=\"yoast-schema-graph\">{\"@context\":\"https:\/\/schema.org\",\"@graph\":[{\"@type\":\"WebPage\",\"@id\":\"https:\/\/cirurgiaplasticapassofundo.com.br\/?page_id=424\",\"url\":\"https:\/\/cirurgiaplasticapassofundo.com.br\/?page_id=424\",\"name\":\"Quel\u00f3ide -\",\"isPartOf\":{\"@id\":\"https:\/\/cirurgiaplasticapassofundo.com.br\/#website\"},\"primaryImageOfPage\":{\"@id\":\"https:\/\/cirurgiaplasticapassofundo.com.br\/?page_id=424#primaryimage\"},\"image\":{\"@id\":\"https:\/\/cirurgiaplasticapassofundo.com.br\/?page_id=424#primaryimage\"},\"thumbnailUrl\":\"https:\/\/cirurgiaplasticapassofundo.com.br\/wp-content\/uploads\/2024\/03\/2e807fa883c37783f6acc70922093ac0.jpg\",\"datePublished\":\"2024-03-18T16:46:02+00:00\",\"dateModified\":\"2026-04-07T18:24:05+00:00\",\"breadcrumb\":{\"@id\":\"https:\/\/cirurgiaplasticapassofundo.com.br\/?page_id=424#breadcrumb\"},\"inLanguage\":\"pt-BR\",\"potentialAction\":[{\"@type\":\"ReadAction\",\"target\":[\"https:\/\/cirurgiaplasticapassofundo.com.br\/?page_id=424\"]}]},{\"@type\":\"ImageObject\",\"inLanguage\":\"pt-BR\",\"@id\":\"https:\/\/cirurgiaplasticapassofundo.com.br\/?page_id=424#primaryimage\",\"url\":\"https:\/\/cirurgiaplasticapassofundo.com.br\/wp-content\/uploads\/2024\/03\/2e807fa883c37783f6acc70922093ac0.jpg\",\"contentUrl\":\"https:\/\/cirurgiaplasticapassofundo.com.br\/wp-content\/uploads\/2024\/03\/2e807fa883c37783f6acc70922093ac0.jpg\",\"width\":960,\"height\":720},{\"@type\":\"BreadcrumbList\",\"@id\":\"https:\/\/cirurgiaplasticapassofundo.com.br\/?page_id=424#breadcrumb\",\"itemListElement\":[{\"@type\":\"ListItem\",\"position\":1,\"name\":\"In\u00edcio\",\"item\":\"https:\/\/cirurgiaplasticapassofundo.com.br\/\"},{\"@type\":\"ListItem\",\"position\":2,\"name\":\"Quel\u00f3ide\"}]},{\"@type\":\"WebSite\",\"@id\":\"https:\/\/cirurgiaplasticapassofundo.com.br\/#website\",\"url\":\"https:\/\/cirurgiaplasticapassofundo.com.br\/\",\"name\":\"\",\"description\":\"\",\"potentialAction\":[{\"@type\":\"SearchAction\",\"target\":{\"@type\":\"EntryPoint\",\"urlTemplate\":\"https:\/\/cirurgiaplasticapassofundo.com.br\/?s={search_term_string}\"},\"query-input\":\"required name=search_term_string\"}],\"inLanguage\":\"pt-BR\"}]}<\/script>\n<!-- \/ Yoast SEO plugin. -->","yoast_head_json":{"title":"Quel\u00f3ide -","robots":{"index":"index","follow":"follow","max-snippet":"max-snippet:-1","max-image-preview":"max-image-preview:large","max-video-preview":"max-video-preview:-1"},"canonical":"https:\/\/cirurgiaplasticapassofundo.com.br\/?page_id=424","og_locale":"pt_BR","og_type":"article","og_title":"Quel\u00f3ide -","og_description":"Quel\u00f3ide tirar d\u00favidas rESUMO As cicatrizes quel\u00f3ides s\u00e3o cicatrizes que excedem os limites da ferida, crescendo desproporcionalmente. A cicatriz tem uma apar\u00eancia avermelhada, volumosa, dura e muitas vezes apresenta coceira. Quando os tratamentos conservadores do quel\u00f3ide falham, seja o laser, a pr\u00e9-terapia ou a aplica\u00e7\u00e3o intralesional de corticosteroides, sempre temos a braquiterapia.\u00a0 PR\u00c9 OPERAT\u00d3RIO Como [&hellip;]","og_url":"https:\/\/cirurgiaplasticapassofundo.com.br\/?page_id=424","article_modified_time":"2026-04-07T18:24:05+00:00","og_image":[{"url":"https:\/\/cirurgiaplasticapassofundo.com.br\/wp-content\/uploads\/2024\/03\/2e807fa883c37783f6acc70922093ac0.jpg"}],"twitter_card":"summary_large_image","twitter_misc":{"Est. tempo de leitura":"2 minutos"},"schema":{"@context":"https:\/\/schema.org","@graph":[{"@type":"WebPage","@id":"https:\/\/cirurgiaplasticapassofundo.com.br\/?page_id=424","url":"https:\/\/cirurgiaplasticapassofundo.com.br\/?page_id=424","name":"Quel\u00f3ide -","isPartOf":{"@id":"https:\/\/cirurgiaplasticapassofundo.com.br\/#website"},"primaryImageOfPage":{"@id":"https:\/\/cirurgiaplasticapassofundo.com.br\/?page_id=424#primaryimage"},"image":{"@id":"https:\/\/cirurgiaplasticapassofundo.com.br\/?page_id=424#primaryimage"},"thumbnailUrl":"https:\/\/cirurgiaplasticapassofundo.com.br\/wp-content\/uploads\/2024\/03\/2e807fa883c37783f6acc70922093ac0.jpg","datePublished":"2024-03-18T16:46:02+00:00","dateModified":"2026-04-07T18:24:05+00:00","breadcrumb":{"@id":"https:\/\/cirurgiaplasticapassofundo.com.br\/?page_id=424#breadcrumb"},"inLanguage":"pt-BR","potentialAction":[{"@type":"ReadAction","target":["https:\/\/cirurgiaplasticapassofundo.com.br\/?page_id=424"]}]},{"@type":"ImageObject","inLanguage":"pt-BR","@id":"https:\/\/cirurgiaplasticapassofundo.com.br\/?page_id=424#primaryimage","url":"https:\/\/cirurgiaplasticapassofundo.com.br\/wp-content\/uploads\/2024\/03\/2e807fa883c37783f6acc70922093ac0.jpg","contentUrl":"https:\/\/cirurgiaplasticapassofundo.com.br\/wp-content\/uploads\/2024\/03\/2e807fa883c37783f6acc70922093ac0.jpg","width":960,"height":720},{"@type":"BreadcrumbList","@id":"https:\/\/cirurgiaplasticapassofundo.com.br\/?page_id=424#breadcrumb","itemListElement":[{"@type":"ListItem","position":1,"name":"In\u00edcio","item":"https:\/\/cirurgiaplasticapassofundo.com.br\/"},{"@type":"ListItem","position":2,"name":"Quel\u00f3ide"}]},{"@type":"WebSite","@id":"https:\/\/cirurgiaplasticapassofundo.com.br\/#website","url":"https:\/\/cirurgiaplasticapassofundo.com.br\/","name":"","description":"","potentialAction":[{"@type":"SearchAction","target":{"@type":"EntryPoint","urlTemplate":"https:\/\/cirurgiaplasticapassofundo.com.br\/?s={search_term_string}"},"query-input":"required name=search_term_string"}],"inLanguage":"pt-BR"}]}},"_links":{"self":[{"href":"https:\/\/cirurgiaplasticapassofundo.com.br\/index.php?rest_route=\/wp\/v2\/pages\/424","targetHints":{"allow":["GET"]}}],"collection":[{"href":"https:\/\/cirurgiaplasticapassofundo.com.br\/index.php?rest_route=\/wp\/v2\/pages"}],"about":[{"href":"https:\/\/cirurgiaplasticapassofundo.com.br\/index.php?rest_route=\/wp\/v2\/types\/page"}],"author":[{"embeddable":true,"href":"https:\/\/cirurgiaplasticapassofundo.com.br\/index.php?rest_route=\/wp\/v2\/users\/1"}],"replies":[{"embeddable":true,"href":"https:\/\/cirurgiaplasticapassofundo.com.br\/index.php?rest_route=%2Fwp%2Fv2%2Fcomments&post=424"}],"version-history":[{"count":16,"href":"https:\/\/cirurgiaplasticapassofundo.com.br\/index.php?rest_route=\/wp\/v2\/pages\/424\/revisions"}],"predecessor-version":[{"id":1057,"href":"https:\/\/cirurgiaplasticapassofundo.com.br\/index.php?rest_route=\/wp\/v2\/pages\/424\/revisions\/1057"}],"wp:attachment":[{"href":"https:\/\/cirurgiaplasticapassofundo.com.br\/index.php?rest_route=%2Fwp%2Fv2%2Fmedia&parent=424"}],"curies":[{"name":"wp","href":"https:\/\/api.w.org\/{rel}","templated":true}]}}