{"id":412,"date":"2024-03-18T13:30:24","date_gmt":"2024-03-18T16:30:24","guid":{"rendered":"https:\/\/cirurgiaplasticapassofundo.com.br\/?page_id=412"},"modified":"2026-04-07T15:22:49","modified_gmt":"2026-04-07T18:22:49","slug":"otoplastia","status":"publish","type":"page","link":"https:\/\/cirurgiaplasticapassofundo.com.br\/?page_id=412","title":{"rendered":"Otoplastia"},"content":{"rendered":"\t\t<div data-elementor-type=\"wp-page\" data-elementor-id=\"412\" class=\"elementor elementor-412\" data-elementor-settings=\"[]\">\n\t\t\t\t\t\t\t<div class=\"elementor-section-wrap\">\n\t\t\t\t\t\t\t<section class=\"elementor-section elementor-top-section elementor-element elementor-element-a6c2201 elementor-section-boxed elementor-section-height-default elementor-section-height-default\" data-id=\"a6c2201\" data-element_type=\"section\" data-settings=\"{&quot;background_background&quot;:&quot;classic&quot;}\">\n\t\t\t\t\t\t<div class=\"elementor-container elementor-column-gap-default\">\n\t\t\t\t\t<div class=\"elementor-column elementor-col-50 elementor-top-column elementor-element elementor-element-b5df777\" data-id=\"b5df777\" data-element_type=\"column\">\n\t\t\t<div class=\"elementor-widget-wrap elementor-element-populated\">\n\t\t\t\t\t\t\t\t<div class=\"elementor-element elementor-element-28a8727 elementor-hidden-phone elementor-invisible elementor-widget elementor-widget-spacer\" data-id=\"28a8727\" data-element_type=\"widget\" data-settings=\"{&quot;_animation&quot;:&quot;fadeInDown&quot;}\" data-widget_type=\"spacer.default\">\n\t\t\t\t<div class=\"elementor-widget-container\">\n\t\t\t\t\t<div class=\"elementor-spacer\">\n\t\t\t<div class=\"elementor-spacer-inner\"><\/div>\n\t\t<\/div>\n\t\t\t\t<\/div>\n\t\t\t\t<\/div>\n\t\t\t\t<div class=\"elementor-element elementor-element-4aac41a elementor-invisible elementor-widget elementor-widget-heading\" data-id=\"4aac41a\" data-element_type=\"widget\" data-settings=\"{&quot;_animation&quot;:&quot;fadeInLeft&quot;}\" data-widget_type=\"heading.default\">\n\t\t\t\t<div class=\"elementor-widget-container\">\n\t\t\t<h1 class=\"elementor-heading-title elementor-size-default\">Otoplastia<\/h1>\t\t<\/div>\n\t\t\t\t<\/div>\n\t\t\t\t<div class=\"elementor-element elementor-element-414cde4 elementor-align-right elementor-hidden-phone elementor-invisible elementor-widget elementor-widget-button\" data-id=\"414cde4\" data-element_type=\"widget\" data-settings=\"{&quot;_animation&quot;:&quot;fadeInUp&quot;,&quot;_animation_delay&quot;:800}\" data-widget_type=\"button.default\">\n\t\t\t\t<div class=\"elementor-widget-container\">\n\t\t\t\t\t<div class=\"elementor-button-wrapper\">\n\t\t\t<a href=\"https:\/\/cirurgiaplasticapassofundo.com.br\/?page_id=971\" class=\"elementor-button-link elementor-button elementor-size-md elementor-animation-sink\" role=\"button\">\n\t\t\t\t\t\t<span class=\"elementor-button-content-wrapper\">\n\t\t\t\t\t\t<span class=\"elementor-button-icon elementor-align-icon-right\">\n\t\t\t\t<i aria-hidden=\"true\" class=\"fas fa-angle-right\"><\/i>\t\t\t<\/span>\n\t\t\t\t\t\t<span class=\"elementor-button-text\">fale conosco<\/span>\n\t\t<\/span>\n\t\t\t\t\t<\/a>\n\t\t<\/div>\n\t\t\t\t<\/div>\n\t\t\t\t<\/div>\n\t\t\t\t\t<\/div>\n\t\t<\/div>\n\t\t\t\t<div class=\"elementor-column elementor-col-50 elementor-top-column elementor-element elementor-element-8067d51\" data-id=\"8067d51\" data-element_type=\"column\">\n\t\t\t<div class=\"elementor-widget-wrap elementor-element-populated\">\n\t\t\t\t\t\t\t\t<div class=\"elementor-element elementor-element-2c4e7bd elementor-invisible elementor-widget elementor-widget-heading\" data-id=\"2c4e7bd\" data-element_type=\"widget\" data-settings=\"{&quot;_animation&quot;:&quot;fadeIn&quot;}\" data-widget_type=\"heading.default\">\n\t\t\t\t<div class=\"elementor-widget-container\">\n\t\t\t<h5 class=\"elementor-heading-title elementor-size-medium\">rESUMO<\/h5>\t\t<\/div>\n\t\t\t\t<\/div>\n\t\t\t\t<div class=\"elementor-element elementor-element-ad9edc0 elementor-invisible elementor-widget elementor-widget-text-editor\" data-id=\"ad9edc0\" data-element_type=\"widget\" data-settings=\"{&quot;_animation&quot;:&quot;fadeIn&quot;}\" data-widget_type=\"text-editor.default\">\n\t\t\t\t<div class=\"elementor-widget-container\">\n\t\t\t\t\t\t\t\t<p>Orelhas proeminentes ou orelhas em abano s\u00e3o uma malforma\u00e7\u00e3o cong\u00eanita muito comum. \u00c9 uma anormalidade localizada na cartilagem auricular.<\/p>\t\t\t\t\t\t<\/div>\n\t\t\t\t<\/div>\n\t\t\t\t\t<\/div>\n\t\t<\/div>\n\t\t\t\t\t\t\t<\/div>\n\t\t<\/section>\n\t\t\t\t<section class=\"elementor-section elementor-top-section elementor-element elementor-element-50d7a4b elementor-section-boxed elementor-section-height-default elementor-section-height-default\" data-id=\"50d7a4b\" data-element_type=\"section\">\n\t\t\t\t\t\t<div class=\"elementor-container elementor-column-gap-no\">\n\t\t\t\t\t<div class=\"elementor-column elementor-col-50 elementor-top-column elementor-element elementor-element-3ed3127\" data-id=\"3ed3127\" data-element_type=\"column\">\n\t\t\t<div class=\"elementor-widget-wrap elementor-element-populated\">\n\t\t\t\t\t\t\t\t<div class=\"elementor-element elementor-element-bd2e99a elementor-widget elementor-widget-image\" data-id=\"bd2e99a\" data-element_type=\"widget\" data-widget_type=\"image.default\">\n\t\t\t\t<div class=\"elementor-widget-container\">\n\t\t\t\t\t\t\t\t\t\t\t\t\t\t\t<img loading=\"lazy\" decoding=\"async\" width=\"800\" height=\"600\" src=\"https:\/\/cirurgiaplasticapassofundo.com.br\/wp-content\/uploads\/2024\/03\/4585f0b0f735c2cc62d731ebddcf5ba4.jpg\" class=\"attachment-large size-large\" alt=\"\" srcset=\"https:\/\/cirurgiaplasticapassofundo.com.br\/wp-content\/uploads\/2024\/03\/4585f0b0f735c2cc62d731ebddcf5ba4.jpg 960w, https:\/\/cirurgiaplasticapassofundo.com.br\/wp-content\/uploads\/2024\/03\/4585f0b0f735c2cc62d731ebddcf5ba4-300x225.jpg 300w, https:\/\/cirurgiaplasticapassofundo.com.br\/wp-content\/uploads\/2024\/03\/4585f0b0f735c2cc62d731ebddcf5ba4-768x576.jpg 768w\" sizes=\"auto, (max-width: 800px) 100vw, 800px\" \/>\t\t\t\t\t\t\t\t\t\t\t\t\t\t\t<\/div>\n\t\t\t\t<\/div>\n\t\t\t\t\t<\/div>\n\t\t<\/div>\n\t\t\t\t<div class=\"elementor-column elementor-col-50 elementor-top-column elementor-element elementor-element-2780ab4\" data-id=\"2780ab4\" data-element_type=\"column\">\n\t\t\t<div class=\"elementor-widget-wrap elementor-element-populated\">\n\t\t\t\t\t\t\t\t<section class=\"elementor-section elementor-inner-section elementor-element elementor-element-6d963fe elementor-section-boxed elementor-section-height-default elementor-section-height-default\" data-id=\"6d963fe\" data-element_type=\"section\">\n\t\t\t\t\t\t<div class=\"elementor-container elementor-column-gap-default\">\n\t\t\t\t\t<div class=\"elementor-column elementor-col-100 elementor-inner-column elementor-element elementor-element-331bfaf\" data-id=\"331bfaf\" data-element_type=\"column\">\n\t\t\t<div class=\"elementor-widget-wrap elementor-element-populated\">\n\t\t\t\t\t\t\t\t<div class=\"elementor-element elementor-element-9ceecb8 elementor-invisible elementor-widget elementor-widget-heading\" data-id=\"9ceecb8\" data-element_type=\"widget\" data-settings=\"{&quot;_animation&quot;:&quot;fadeInLeft&quot;}\" data-widget_type=\"heading.default\">\n\t\t\t\t<div class=\"elementor-widget-container\">\n\t\t\t<h1 class=\"elementor-heading-title elementor-size-default\">Itens<\/h1>\t\t<\/div>\n\t\t\t\t<\/div>\n\t\t\t\t<div class=\"elementor-element elementor-element-638c7f9 elementor-icon-list--layout-traditional elementor-list-item-link-full_width elementor-widget elementor-widget-icon-list\" data-id=\"638c7f9\" data-element_type=\"widget\" data-widget_type=\"icon-list.default\">\n\t\t\t\t<div class=\"elementor-widget-container\">\n\t\t\t\t\t<ul class=\"elementor-icon-list-items\">\n\t\t\t\t\t\t\t<li class=\"elementor-icon-list-item\">\n\t\t\t\t\t\t\t\t\t\t\t<span class=\"elementor-icon-list-icon\">\n\t\t\t\t\t\t\t<i aria-hidden=\"true\" class=\"far fa-clock\"><\/i>\t\t\t\t\t\t<\/span>\n\t\t\t\t\t\t\t\t\t\t<span class=\"elementor-icon-list-text\">INTERVEN\u00c7\u00c3O - 1 hora<\/span>\n\t\t\t\t\t\t\t\t\t<\/li>\n\t\t\t\t\t\t\t\t<li class=\"elementor-icon-list-item\">\n\t\t\t\t\t\t\t\t\t\t\t<span class=\"elementor-icon-list-icon\">\n\t\t\t\t\t\t\t<i aria-hidden=\"true\" class=\"far fa-eye-slash\"><\/i>\t\t\t\t\t\t<\/span>\n\t\t\t\t\t\t\t\t\t\t<span class=\"elementor-icon-list-text\">ANESTESIA - local com ou sem seda\u00e7\u00e3o<\/span>\n\t\t\t\t\t\t\t\t\t<\/li>\n\t\t\t\t\t\t\t\t<li class=\"elementor-icon-list-item\">\n\t\t\t\t\t\t\t\t\t\t\t<span class=\"elementor-icon-list-icon\">\n\t\t\t\t\t\t\t<i aria-hidden=\"true\" class=\"fas fa-bed\"><\/i>\t\t\t\t\t\t<\/span>\n\t\t\t\t\t\t\t\t\t\t<span class=\"elementor-icon-list-text\">CAMA - N\u00e3o \u00e9 necess\u00e1rio (local) - 4 hrs de seda\u00e7\u00e3o<\/span>\n\t\t\t\t\t\t\t\t\t<\/li>\n\t\t\t\t\t\t\t\t<li class=\"elementor-icon-list-item\">\n\t\t\t\t\t\t\t\t\t\t\t<span class=\"elementor-icon-list-icon\">\n\t\t\t\t\t\t\t<i aria-hidden=\"true\" class=\"fas fa-check\"><\/i>\t\t\t\t\t\t<\/span>\n\t\t\t\t\t\t\t\t\t\t<span class=\"elementor-icon-list-text\">EFEITO - 1 semana<\/span>\n\t\t\t\t\t\t\t\t\t<\/li>\n\t\t\t\t\t\t\t\t<li class=\"elementor-icon-list-item\">\n\t\t\t\t\t\t\t\t\t\t\t<span class=\"elementor-icon-list-icon\">\n\t\t\t\t\t\t\t<i aria-hidden=\"true\" class=\"fas fa-check-circle\"><\/i>\t\t\t\t\t\t<\/span>\n\t\t\t\t\t\t\t\t\t\t<span class=\"elementor-icon-list-text\">RECUPERA\u00c7\u00c3O - 1 semana<\/span>\n\t\t\t\t\t\t\t\t\t<\/li>\n\t\t\t\t\t\t\t\t<li class=\"elementor-icon-list-item\">\n\t\t\t\t\t\t\t\t\t\t\t<span class=\"elementor-icon-list-icon\">\n\t\t\t\t\t\t\t<i aria-hidden=\"true\" class=\"far fa-heart\"><\/i>\t\t\t\t\t\t<\/span>\n\t\t\t\t\t\t\t\t\t\t<span class=\"elementor-icon-list-text\">RESULTADO - permanente<\/span>\n\t\t\t\t\t\t\t\t\t<\/li>\n\t\t\t\t\t\t<\/ul>\n\t\t\t\t<\/div>\n\t\t\t\t<\/div>\n\t\t\t\t<div class=\"elementor-element elementor-element-8e84c7c elementor-align-justify elementor-widget elementor-widget-button\" data-id=\"8e84c7c\" data-element_type=\"widget\" data-widget_type=\"button.default\">\n\t\t\t\t<div class=\"elementor-widget-container\">\n\t\t\t\t\t<div class=\"elementor-button-wrapper\">\n\t\t\t<a href=\"https:\/\/cirurgiaplasticapassofundo.com.br\/?page_id=894\" class=\"elementor-button-link elementor-button elementor-size-sm\" role=\"button\">\n\t\t\t\t\t\t<span class=\"elementor-button-content-wrapper\">\n\t\t\t\t\t\t<span class=\"elementor-button-text\">D\u00favidas<\/span>\n\t\t<\/span>\n\t\t\t\t\t<\/a>\n\t\t<\/div>\n\t\t\t\t<\/div>\n\t\t\t\t<\/div>\n\t\t\t\t\t<\/div>\n\t\t<\/div>\n\t\t\t\t\t\t\t<\/div>\n\t\t<\/section>\n\t\t\t\t\t<\/div>\n\t\t<\/div>\n\t\t\t\t\t\t\t<\/div>\n\t\t<\/section>\n\t\t\t\t<section class=\"elementor-section elementor-top-section elementor-element elementor-element-69725c6 elementor-section-boxed elementor-section-height-default elementor-section-height-default\" data-id=\"69725c6\" data-element_type=\"section\" data-settings=\"{&quot;background_background&quot;:&quot;classic&quot;}\">\n\t\t\t\t\t\t<div class=\"elementor-container elementor-column-gap-default\">\n\t\t\t\t\t<div class=\"elementor-column elementor-col-100 elementor-top-column elementor-element elementor-element-246aba6\" data-id=\"246aba6\" data-element_type=\"column\">\n\t\t\t<div class=\"elementor-widget-wrap elementor-element-populated\">\n\t\t\t\t\t\t\t\t<div class=\"elementor-element elementor-element-95e1cbb elementor-hidden-phone elementor-invisible elementor-widget elementor-widget-heading\" data-id=\"95e1cbb\" data-element_type=\"widget\" data-settings=\"{&quot;_animation&quot;:&quot;fadeIn&quot;}\" data-widget_type=\"heading.default\">\n\t\t\t\t<div class=\"elementor-widget-container\">\n\t\t\t<h5 class=\"elementor-heading-title elementor-size-medium\">Procedimento cir\u00fargico<\/h5>\t\t<\/div>\n\t\t\t\t<\/div>\n\t\t\t\t<div class=\"elementor-element elementor-element-2b0d013 elementor-invisible elementor-widget elementor-widget-heading\" data-id=\"2b0d013\" data-element_type=\"widget\" data-settings=\"{&quot;_animation&quot;:&quot;fadeInRight&quot;}\" data-widget_type=\"heading.default\">\n\t\t\t\t<div class=\"elementor-widget-container\">\n\t\t\t<h2 class=\"elementor-heading-title elementor-size-xxl\">Conhe\u00e7a<\/h2>\t\t<\/div>\n\t\t\t\t<\/div>\n\t\t\t\t<div class=\"elementor-element elementor-element-c31868f elementor-widget-divider--view-line elementor-invisible elementor-widget elementor-widget-divider\" data-id=\"c31868f\" data-element_type=\"widget\" data-settings=\"{&quot;_animation&quot;:&quot;fadeInUp&quot;}\" data-widget_type=\"divider.default\">\n\t\t\t\t<div class=\"elementor-widget-container\">\n\t\t\t\t\t<div class=\"elementor-divider\">\n\t\t\t<span class=\"elementor-divider-separator\">\n\t\t\t\t\t\t<\/span>\n\t\t<\/div>\n\t\t\t\t<\/div>\n\t\t\t\t<\/div>\n\t\t\t\t<div class=\"elementor-element elementor-element-8db4b8c elementor-invisible elementor-widget elementor-widget-text-editor\" data-id=\"8db4b8c\" data-element_type=\"widget\" data-settings=\"{&quot;_animation&quot;:&quot;fadeIn&quot;}\" data-widget_type=\"text-editor.default\">\n\t\t\t\t<div class=\"elementor-widget-container\">\n\t\t\t\t\t\t\t\t<p>Em alguns casos, este defeito b\u00e1sico \u00e9 devido a uma falta de dobra de cartilagem na \u00e1rea de antihelix, que d\u00e1 a apar\u00eancia de uma orelha extremamente estendida e plana. Outra anomalia comum ocorre quando uma parte da cartilagem auricular \u00e9 excessivamente desenvolvida em sua jun\u00e7\u00e3o com o cr\u00e2nio, o que causa o efeito de que as orelhas est\u00e3o muito longe da cabe\u00e7a e projetadas para os lados.<\/p><p>A otoplastia \u00e9 uma t\u00e9cnica que permite resolver esses casos cirurgicamente. \u00c9 aconselh\u00e1vel realizar este tipo de interven\u00e7\u00e3o a partir dos 6 aos 7 anos de idade, j\u00e1 que nesse momento as orelhas j\u00e1 completaram o seu desenvolvimento.<\/p><p><strong>EM QUE CONSISTE<\/strong><\/p><p>Numerosas t\u00e9cnicas foram descritas para a corre\u00e7\u00e3o das orelhas em abano, mas o m\u00e9todo mais comum \u00e9 fazer uma incis\u00e3o atr\u00e1s da orelha at\u00e9 atingir a \u00e1rea da cartilagem que tem uma falta de curvatura. Aqui vamos colocar alguns pontos de material n\u00e3o absorv\u00edvel que dobram a orelha de forma natural, corrigindo a deformidade.<\/p><p>No caso de pacientes que tamb\u00e9m apresentam um defeito no n\u00edvel da concha, tamb\u00e9m colocaremos outros pontos que flexionam essa parte da cartilagem para tr\u00e1s. Com isso, \u00e9 poss\u00edvel reduzir o \u00e2ngulo formado pela orelha em rela\u00e7\u00e3o ao rosto na parte de tr\u00e1s.<\/p><p>A opera\u00e7\u00e3o mais frequente na cirurgia pl\u00e1stica auricular \u00e9 a corre\u00e7\u00e3o das orelhas em abano ou trauma no l\u00f3bulo da orelha ( rasgo) . No entanto, o l\u00f3bulo da orelha pode ser reduzido e harmonizado e corrigir a ruptura da orelha.<\/p><p>Um dia de hospitaliza\u00e7\u00e3o \u00e9 necess\u00e1rio para este tipo de interven\u00e7\u00e3o.<\/p><p>A interven\u00e7\u00e3o \u00e9 realizada sob anestesia geral em crian\u00e7as. No caso de adultos, \u00e9 realizado com anestesia local e seda\u00e7\u00e3o.<\/p><p><strong>OS BENEF\u00cdCIOS<\/strong><\/p><p>Um importante benef\u00edcio da otoplastia \u00e9 a seguran\u00e7a do procedimento. Poucas cirurgias est\u00e9ticas carregam t\u00e3o pouco risco e um impacto t\u00e3o positivo quanto a cirurgia cosm\u00e9tica da orelha.<\/p><p>Estudos mostraram que a auto-estima daqueles cujos ouvidos s\u00e3o esteticamente diferentes \u00e9 menor e que as crian\u00e7as freq\u00fcentemente enfrentam o problema desenvolvendo personalidades introvertidas. Gra\u00e7as \u00e0 otoplastia, estes problemas podem ser revertidos.<\/p><p><strong>PR\u00c9-OPERAT\u00d3RIO<\/strong><\/p><p>Como em todas as interven\u00e7\u00f5es, o exame m\u00e9dico pr\u00e9vio \u00e9 essencial para detectar qualquer poss\u00edvel anomalia que possa contraindicar a opera\u00e7\u00e3o. No caso das crian\u00e7as, \u00e9 aconselh\u00e1vel realizar a otoplastia ap\u00f3s seis anos.<\/p><p><strong>P\u00d3S-OPERAT\u00d3RIO<\/strong><\/p><p>O paciente usar\u00e1 uma bandagem acolchoada por 48 horas. No momento da remo\u00e7\u00e3o, as orelhas mostrar\u00e3o uma leve inflama\u00e7\u00e3o que diminuir\u00e1 nos dias seguintes. Os pontos s\u00e3o removidos ap\u00f3s 7-8 dias. Enquanto isso, o paciente ser\u00e1 capaz de lavar os cabelos com extremo cuidado para n\u00e3o afetar a ferida.<\/p><p>\u00c0s vezes, h\u00e1 uma diminui\u00e7\u00e3o na sensibilidade das orelhas que se recuperar\u00e1 completamente em pouco tempo.<\/p><p>Durante os primeiros dias ap\u00f3s a cirurgia, \u00e9 aconselh\u00e1vel usar uma pe\u00e7a leve de compress\u00e3o (algod\u00e3o e el\u00e1stico) \u00e0 noite para proteger os ouvidos de solavancos ou gestos s\u00fabitos.<\/p><p><strong>A PARTIR DE QUE IDADE SE RECOMENDA OTOPLASTIA?<\/strong><\/p><p>6 anos<\/p><p><strong>DEPOIS DE QUANTOS DIAS SE PODE VOLTAR A VIDA NORMAL?<\/strong><\/p><p>Alguns dias, com exce\u00e7\u00e3o do exerc\u00edcio f\u00edsico, que ser\u00e1 retomado ap\u00f3s tr\u00eas semanas.<\/p>\t\t\t\t\t\t<\/div>\n\t\t\t\t<\/div>\n\t\t\t\t<div class=\"elementor-element elementor-element-c979690 elementor-align-left elementor-invisible elementor-widget elementor-widget-button\" data-id=\"c979690\" data-element_type=\"widget\" data-settings=\"{&quot;_animation&quot;:&quot;fadeInUp&quot;,&quot;_animation_delay&quot;:800}\" data-widget_type=\"button.default\">\n\t\t\t\t<div class=\"elementor-widget-container\">\n\t\t\t\t\t<div class=\"elementor-button-wrapper\">\n\t\t\t<a href=\"https:\/\/cirurgiaplasticapassofundo.com.br\/?page_id=971\" class=\"elementor-button-link elementor-button elementor-size-md elementor-animation-sink\" role=\"button\">\n\t\t\t\t\t\t<span class=\"elementor-button-content-wrapper\">\n\t\t\t\t\t\t<span class=\"elementor-button-icon elementor-align-icon-right\">\n\t\t\t\t<i aria-hidden=\"true\" class=\"fas fa-angle-right\"><\/i>\t\t\t<\/span>\n\t\t\t\t\t\t<span class=\"elementor-button-text\">Agendar Consulta<\/span>\n\t\t<\/span>\n\t\t\t\t\t<\/a>\n\t\t<\/div>\n\t\t\t\t<\/div>\n\t\t\t\t<\/div>\n\t\t\t\t\t<\/div>\n\t\t<\/div>\n\t\t\t\t\t\t\t<\/div>\n\t\t<\/section>\n\t\t\t\t\t\t<\/div>\n\t\t\t\t\t<\/div>\n\t\t","protected":false},"excerpt":{"rendered":"<p>Otoplastia fale conosco rESUMO Orelhas proeminentes ou orelhas em abano s\u00e3o uma malforma\u00e7\u00e3o cong\u00eanita muito comum. \u00c9 uma anormalidade localizada na cartilagem auricular. Itens INTERVEN\u00c7\u00c3O &#8211; 1 hora ANESTESIA &#8211; local com ou sem seda\u00e7\u00e3o CAMA &#8211; N\u00e3o \u00e9 necess\u00e1rio (local) &#8211; 4 hrs de seda\u00e7\u00e3o EFEITO &#8211; 1 semana RECUPERA\u00c7\u00c3O &#8211; 1 semana RESULTADO [&hellip;]<\/p>\n","protected":false},"author":1,"featured_media":0,"parent":0,"menu_order":0,"comment_status":"closed","ping_status":"closed","template":"","meta":{"footnotes":""},"class_list":["post-412","page","type-page","status-publish","hentry"],"yoast_head":"<!-- This site is optimized with the Yoast SEO plugin v22.2 - https:\/\/yoast.com\/wordpress\/plugins\/seo\/ -->\n<title>Otoplastia -<\/title>\n<meta name=\"robots\" content=\"index, follow, max-snippet:-1, max-image-preview:large, max-video-preview:-1\" \/>\n<link rel=\"canonical\" href=\"https:\/\/cirurgiaplasticapassofundo.com.br\/?page_id=412\" \/>\n<meta property=\"og:locale\" content=\"pt_BR\" \/>\n<meta property=\"og:type\" content=\"article\" \/>\n<meta property=\"og:title\" content=\"Otoplastia -\" \/>\n<meta property=\"og:description\" content=\"Otoplastia fale conosco rESUMO Orelhas proeminentes ou orelhas em abano s\u00e3o uma malforma\u00e7\u00e3o cong\u00eanita muito comum. \u00c9 uma anormalidade localizada na cartilagem auricular. Itens INTERVEN\u00c7\u00c3O &#8211; 1 hora ANESTESIA &#8211; local com ou sem seda\u00e7\u00e3o CAMA &#8211; N\u00e3o \u00e9 necess\u00e1rio (local) &#8211; 4 hrs de seda\u00e7\u00e3o EFEITO &#8211; 1 semana RECUPERA\u00c7\u00c3O &#8211; 1 semana RESULTADO [&hellip;]\" \/>\n<meta property=\"og:url\" content=\"https:\/\/cirurgiaplasticapassofundo.com.br\/?page_id=412\" \/>\n<meta property=\"article:modified_time\" content=\"2026-04-07T18:22:49+00:00\" \/>\n<meta property=\"og:image\" content=\"https:\/\/cirurgiaplasticapassofundo.com.br\/wp-content\/uploads\/2024\/03\/4585f0b0f735c2cc62d731ebddcf5ba4.jpg\" \/>\n<meta name=\"twitter:card\" content=\"summary_large_image\" \/>\n<meta name=\"twitter:label1\" content=\"Est. tempo de leitura\" \/>\n\t<meta name=\"twitter:data1\" content=\"4 minutos\" \/>\n<script type=\"application\/ld+json\" class=\"yoast-schema-graph\">{\"@context\":\"https:\/\/schema.org\",\"@graph\":[{\"@type\":\"WebPage\",\"@id\":\"https:\/\/cirurgiaplasticapassofundo.com.br\/?page_id=412\",\"url\":\"https:\/\/cirurgiaplasticapassofundo.com.br\/?page_id=412\",\"name\":\"Otoplastia -\",\"isPartOf\":{\"@id\":\"https:\/\/cirurgiaplasticapassofundo.com.br\/#website\"},\"primaryImageOfPage\":{\"@id\":\"https:\/\/cirurgiaplasticapassofundo.com.br\/?page_id=412#primaryimage\"},\"image\":{\"@id\":\"https:\/\/cirurgiaplasticapassofundo.com.br\/?page_id=412#primaryimage\"},\"thumbnailUrl\":\"https:\/\/cirurgiaplasticapassofundo.com.br\/wp-content\/uploads\/2024\/03\/4585f0b0f735c2cc62d731ebddcf5ba4.jpg\",\"datePublished\":\"2024-03-18T16:30:24+00:00\",\"dateModified\":\"2026-04-07T18:22:49+00:00\",\"breadcrumb\":{\"@id\":\"https:\/\/cirurgiaplasticapassofundo.com.br\/?page_id=412#breadcrumb\"},\"inLanguage\":\"pt-BR\",\"potentialAction\":[{\"@type\":\"ReadAction\",\"target\":[\"https:\/\/cirurgiaplasticapassofundo.com.br\/?page_id=412\"]}]},{\"@type\":\"ImageObject\",\"inLanguage\":\"pt-BR\",\"@id\":\"https:\/\/cirurgiaplasticapassofundo.com.br\/?page_id=412#primaryimage\",\"url\":\"https:\/\/cirurgiaplasticapassofundo.com.br\/wp-content\/uploads\/2024\/03\/4585f0b0f735c2cc62d731ebddcf5ba4.jpg\",\"contentUrl\":\"https:\/\/cirurgiaplasticapassofundo.com.br\/wp-content\/uploads\/2024\/03\/4585f0b0f735c2cc62d731ebddcf5ba4.jpg\",\"width\":960,\"height\":720},{\"@type\":\"BreadcrumbList\",\"@id\":\"https:\/\/cirurgiaplasticapassofundo.com.br\/?page_id=412#breadcrumb\",\"itemListElement\":[{\"@type\":\"ListItem\",\"position\":1,\"name\":\"In\u00edcio\",\"item\":\"https:\/\/cirurgiaplasticapassofundo.com.br\/\"},{\"@type\":\"ListItem\",\"position\":2,\"name\":\"Otoplastia\"}]},{\"@type\":\"WebSite\",\"@id\":\"https:\/\/cirurgiaplasticapassofundo.com.br\/#website\",\"url\":\"https:\/\/cirurgiaplasticapassofundo.com.br\/\",\"name\":\"\",\"description\":\"\",\"potentialAction\":[{\"@type\":\"SearchAction\",\"target\":{\"@type\":\"EntryPoint\",\"urlTemplate\":\"https:\/\/cirurgiaplasticapassofundo.com.br\/?s={search_term_string}\"},\"query-input\":\"required name=search_term_string\"}],\"inLanguage\":\"pt-BR\"}]}<\/script>\n<!-- \/ Yoast SEO plugin. -->","yoast_head_json":{"title":"Otoplastia -","robots":{"index":"index","follow":"follow","max-snippet":"max-snippet:-1","max-image-preview":"max-image-preview:large","max-video-preview":"max-video-preview:-1"},"canonical":"https:\/\/cirurgiaplasticapassofundo.com.br\/?page_id=412","og_locale":"pt_BR","og_type":"article","og_title":"Otoplastia -","og_description":"Otoplastia fale conosco rESUMO Orelhas proeminentes ou orelhas em abano s\u00e3o uma malforma\u00e7\u00e3o cong\u00eanita muito comum. \u00c9 uma anormalidade localizada na cartilagem auricular. Itens INTERVEN\u00c7\u00c3O &#8211; 1 hora ANESTESIA &#8211; local com ou sem seda\u00e7\u00e3o CAMA &#8211; N\u00e3o \u00e9 necess\u00e1rio (local) &#8211; 4 hrs de seda\u00e7\u00e3o EFEITO &#8211; 1 semana RECUPERA\u00c7\u00c3O &#8211; 1 semana RESULTADO [&hellip;]","og_url":"https:\/\/cirurgiaplasticapassofundo.com.br\/?page_id=412","article_modified_time":"2026-04-07T18:22:49+00:00","og_image":[{"url":"https:\/\/cirurgiaplasticapassofundo.com.br\/wp-content\/uploads\/2024\/03\/4585f0b0f735c2cc62d731ebddcf5ba4.jpg"}],"twitter_card":"summary_large_image","twitter_misc":{"Est. tempo de leitura":"4 minutos"},"schema":{"@context":"https:\/\/schema.org","@graph":[{"@type":"WebPage","@id":"https:\/\/cirurgiaplasticapassofundo.com.br\/?page_id=412","url":"https:\/\/cirurgiaplasticapassofundo.com.br\/?page_id=412","name":"Otoplastia -","isPartOf":{"@id":"https:\/\/cirurgiaplasticapassofundo.com.br\/#website"},"primaryImageOfPage":{"@id":"https:\/\/cirurgiaplasticapassofundo.com.br\/?page_id=412#primaryimage"},"image":{"@id":"https:\/\/cirurgiaplasticapassofundo.com.br\/?page_id=412#primaryimage"},"thumbnailUrl":"https:\/\/cirurgiaplasticapassofundo.com.br\/wp-content\/uploads\/2024\/03\/4585f0b0f735c2cc62d731ebddcf5ba4.jpg","datePublished":"2024-03-18T16:30:24+00:00","dateModified":"2026-04-07T18:22:49+00:00","breadcrumb":{"@id":"https:\/\/cirurgiaplasticapassofundo.com.br\/?page_id=412#breadcrumb"},"inLanguage":"pt-BR","potentialAction":[{"@type":"ReadAction","target":["https:\/\/cirurgiaplasticapassofundo.com.br\/?page_id=412"]}]},{"@type":"ImageObject","inLanguage":"pt-BR","@id":"https:\/\/cirurgiaplasticapassofundo.com.br\/?page_id=412#primaryimage","url":"https:\/\/cirurgiaplasticapassofundo.com.br\/wp-content\/uploads\/2024\/03\/4585f0b0f735c2cc62d731ebddcf5ba4.jpg","contentUrl":"https:\/\/cirurgiaplasticapassofundo.com.br\/wp-content\/uploads\/2024\/03\/4585f0b0f735c2cc62d731ebddcf5ba4.jpg","width":960,"height":720},{"@type":"BreadcrumbList","@id":"https:\/\/cirurgiaplasticapassofundo.com.br\/?page_id=412#breadcrumb","itemListElement":[{"@type":"ListItem","position":1,"name":"In\u00edcio","item":"https:\/\/cirurgiaplasticapassofundo.com.br\/"},{"@type":"ListItem","position":2,"name":"Otoplastia"}]},{"@type":"WebSite","@id":"https:\/\/cirurgiaplasticapassofundo.com.br\/#website","url":"https:\/\/cirurgiaplasticapassofundo.com.br\/","name":"","description":"","potentialAction":[{"@type":"SearchAction","target":{"@type":"EntryPoint","urlTemplate":"https:\/\/cirurgiaplasticapassofundo.com.br\/?s={search_term_string}"},"query-input":"required name=search_term_string"}],"inLanguage":"pt-BR"}]}},"_links":{"self":[{"href":"https:\/\/cirurgiaplasticapassofundo.com.br\/index.php?rest_route=\/wp\/v2\/pages\/412","targetHints":{"allow":["GET"]}}],"collection":[{"href":"https:\/\/cirurgiaplasticapassofundo.com.br\/index.php?rest_route=\/wp\/v2\/pages"}],"about":[{"href":"https:\/\/cirurgiaplasticapassofundo.com.br\/index.php?rest_route=\/wp\/v2\/types\/page"}],"author":[{"embeddable":true,"href":"https:\/\/cirurgiaplasticapassofundo.com.br\/index.php?rest_route=\/wp\/v2\/users\/1"}],"replies":[{"embeddable":true,"href":"https:\/\/cirurgiaplasticapassofundo.com.br\/index.php?rest_route=%2Fwp%2Fv2%2Fcomments&post=412"}],"version-history":[{"count":15,"href":"https:\/\/cirurgiaplasticapassofundo.com.br\/index.php?rest_route=\/wp\/v2\/pages\/412\/revisions"}],"predecessor-version":[{"id":1048,"href":"https:\/\/cirurgiaplasticapassofundo.com.br\/index.php?rest_route=\/wp\/v2\/pages\/412\/revisions\/1048"}],"wp:attachment":[{"href":"https:\/\/cirurgiaplasticapassofundo.com.br\/index.php?rest_route=%2Fwp%2Fv2%2Fmedia&parent=412"}],"curies":[{"name":"wp","href":"https:\/\/api.w.org\/{rel}","templated":true}]}}