{"id":337,"date":"2024-03-18T12:58:13","date_gmt":"2024-03-18T15:58:13","guid":{"rendered":"https:\/\/cirurgiaplasticapassofundo.com.br\/?page_id=337"},"modified":"2026-04-07T15:20:25","modified_gmt":"2026-04-07T18:20:25","slug":"cruroplastia","status":"publish","type":"page","link":"https:\/\/cirurgiaplasticapassofundo.com.br\/?page_id=337","title":{"rendered":"Cruroplastia"},"content":{"rendered":"\t\t<div data-elementor-type=\"wp-page\" data-elementor-id=\"337\" class=\"elementor elementor-337\" data-elementor-settings=\"[]\">\n\t\t\t\t\t\t\t<div class=\"elementor-section-wrap\">\n\t\t\t\t\t\t\t<section class=\"elementor-section elementor-top-section elementor-element elementor-element-17d9bfc elementor-section-boxed elementor-section-height-default elementor-section-height-default\" data-id=\"17d9bfc\" data-element_type=\"section\" data-settings=\"{&quot;background_background&quot;:&quot;classic&quot;}\">\n\t\t\t\t\t\t<div class=\"elementor-container elementor-column-gap-default\">\n\t\t\t\t\t<div class=\"elementor-column elementor-col-50 elementor-top-column elementor-element elementor-element-e88e03f\" data-id=\"e88e03f\" data-element_type=\"column\">\n\t\t\t<div class=\"elementor-widget-wrap elementor-element-populated\">\n\t\t\t\t\t\t\t\t<div class=\"elementor-element elementor-element-d96bea4 elementor-hidden-phone elementor-invisible elementor-widget elementor-widget-spacer\" data-id=\"d96bea4\" data-element_type=\"widget\" data-settings=\"{&quot;_animation&quot;:&quot;fadeInDown&quot;}\" data-widget_type=\"spacer.default\">\n\t\t\t\t<div class=\"elementor-widget-container\">\n\t\t\t\t\t<div class=\"elementor-spacer\">\n\t\t\t<div class=\"elementor-spacer-inner\"><\/div>\n\t\t<\/div>\n\t\t\t\t<\/div>\n\t\t\t\t<\/div>\n\t\t\t\t<div class=\"elementor-element elementor-element-9a66795 elementor-invisible elementor-widget elementor-widget-heading\" data-id=\"9a66795\" data-element_type=\"widget\" data-settings=\"{&quot;_animation&quot;:&quot;fadeInLeft&quot;}\" data-widget_type=\"heading.default\">\n\t\t\t\t<div class=\"elementor-widget-container\">\n\t\t\t<h1 class=\"elementor-heading-title elementor-size-default\">Cruroplastia<\/h1>\t\t<\/div>\n\t\t\t\t<\/div>\n\t\t\t\t\t<\/div>\n\t\t<\/div>\n\t\t\t\t<div class=\"elementor-column elementor-col-50 elementor-top-column elementor-element elementor-element-5199638\" data-id=\"5199638\" data-element_type=\"column\">\n\t\t\t<div class=\"elementor-widget-wrap elementor-element-populated\">\n\t\t\t\t\t\t\t\t<div class=\"elementor-element elementor-element-97bca19 elementor-invisible elementor-widget elementor-widget-heading\" data-id=\"97bca19\" data-element_type=\"widget\" data-settings=\"{&quot;_animation&quot;:&quot;fadeIn&quot;}\" data-widget_type=\"heading.default\">\n\t\t\t\t<div class=\"elementor-widget-container\">\n\t\t\t<h5 class=\"elementor-heading-title elementor-size-medium\">rESUMO<\/h5>\t\t<\/div>\n\t\t\t\t<\/div>\n\t\t\t\t<div class=\"elementor-element elementor-element-48afc31 elementor-invisible elementor-widget elementor-widget-text-editor\" data-id=\"48afc31\" data-element_type=\"widget\" data-settings=\"{&quot;_animation&quot;:&quot;fadeIn&quot;}\" data-widget_type=\"text-editor.default\">\n\t\t\t\t<div class=\"elementor-widget-container\">\n\t\t\t\t\t\t\t\t<p>O Lifting das Coxas, tamb\u00e9m conhecido como Lifting Crural, ou ainda, Cruroplastia \u00e9 o procedimento que remodela as coxas, reduzindo o excesso de pele e gordura, resultando em pernas mais firmes e sinuosas.<\/p>\t\t\t\t\t\t<\/div>\n\t\t\t\t<\/div>\n\t\t\t\t\t<\/div>\n\t\t<\/div>\n\t\t\t\t\t\t\t<\/div>\n\t\t<\/section>\n\t\t\t\t<section class=\"elementor-section elementor-top-section elementor-element elementor-element-11db5c8 elementor-section-boxed elementor-section-height-default elementor-section-height-default\" data-id=\"11db5c8\" data-element_type=\"section\">\n\t\t\t\t\t\t<div class=\"elementor-container elementor-column-gap-no\">\n\t\t\t\t\t<div class=\"elementor-column elementor-col-50 elementor-top-column elementor-element elementor-element-b6f3f08\" data-id=\"b6f3f08\" data-element_type=\"column\">\n\t\t\t<div class=\"elementor-widget-wrap elementor-element-populated\">\n\t\t\t\t\t\t\t\t<div class=\"elementor-element elementor-element-3098d5c elementor-widget elementor-widget-image\" data-id=\"3098d5c\" data-element_type=\"widget\" data-widget_type=\"image.default\">\n\t\t\t\t<div class=\"elementor-widget-container\">\n\t\t\t\t\t\t\t\t\t\t\t\t\t\t\t<img loading=\"lazy\" decoding=\"async\" width=\"800\" height=\"600\" src=\"https:\/\/cirurgiaplasticapassofundo.com.br\/wp-content\/uploads\/2024\/03\/555.jpg\" class=\"attachment-large size-large\" alt=\"\" srcset=\"https:\/\/cirurgiaplasticapassofundo.com.br\/wp-content\/uploads\/2024\/03\/555.jpg 960w, https:\/\/cirurgiaplasticapassofundo.com.br\/wp-content\/uploads\/2024\/03\/555-300x225.jpg 300w, https:\/\/cirurgiaplasticapassofundo.com.br\/wp-content\/uploads\/2024\/03\/555-768x576.jpg 768w\" sizes=\"auto, (max-width: 800px) 100vw, 800px\" \/>\t\t\t\t\t\t\t\t\t\t\t\t\t\t\t<\/div>\n\t\t\t\t<\/div>\n\t\t\t\t\t<\/div>\n\t\t<\/div>\n\t\t\t\t<div class=\"elementor-column elementor-col-50 elementor-top-column elementor-element elementor-element-ef74129\" data-id=\"ef74129\" data-element_type=\"column\">\n\t\t\t<div class=\"elementor-widget-wrap elementor-element-populated\">\n\t\t\t\t\t\t\t\t<section class=\"elementor-section elementor-inner-section elementor-element elementor-element-2302a27 elementor-section-boxed elementor-section-height-default elementor-section-height-default\" data-id=\"2302a27\" data-element_type=\"section\">\n\t\t\t\t\t\t<div class=\"elementor-container elementor-column-gap-default\">\n\t\t\t\t\t<div class=\"elementor-column elementor-col-100 elementor-inner-column elementor-element elementor-element-8df346c\" data-id=\"8df346c\" data-element_type=\"column\">\n\t\t\t<div class=\"elementor-widget-wrap elementor-element-populated\">\n\t\t\t\t\t\t\t\t<div class=\"elementor-element elementor-element-a1e0853 elementor-invisible elementor-widget elementor-widget-heading\" data-id=\"a1e0853\" data-element_type=\"widget\" data-settings=\"{&quot;_animation&quot;:&quot;fadeInLeft&quot;}\" data-widget_type=\"heading.default\">\n\t\t\t\t<div class=\"elementor-widget-container\">\n\t\t\t<h1 class=\"elementor-heading-title elementor-size-default\">Itens<\/h1>\t\t<\/div>\n\t\t\t\t<\/div>\n\t\t\t\t<div class=\"elementor-element elementor-element-3f369b3 elementor-icon-list--layout-traditional elementor-list-item-link-full_width elementor-widget elementor-widget-icon-list\" data-id=\"3f369b3\" data-element_type=\"widget\" data-widget_type=\"icon-list.default\">\n\t\t\t\t<div class=\"elementor-widget-container\">\n\t\t\t\t\t<ul class=\"elementor-icon-list-items\">\n\t\t\t\t\t\t\t<li class=\"elementor-icon-list-item\">\n\t\t\t\t\t\t\t\t\t\t\t<span class=\"elementor-icon-list-icon\">\n\t\t\t\t\t\t\t<i aria-hidden=\"true\" class=\"far fa-clock\"><\/i>\t\t\t\t\t\t<\/span>\n\t\t\t\t\t\t\t\t\t\t<span class=\"elementor-icon-list-text\">INTERVEN\u00c7\u00c3O - 1h a 2hrs<\/span>\n\t\t\t\t\t\t\t\t\t<\/li>\n\t\t\t\t\t\t\t\t<li class=\"elementor-icon-list-item\">\n\t\t\t\t\t\t\t\t\t\t\t<span class=\"elementor-icon-list-icon\">\n\t\t\t\t\t\t\t<i aria-hidden=\"true\" class=\"far fa-eye-slash\"><\/i>\t\t\t\t\t\t<\/span>\n\t\t\t\t\t\t\t\t\t\t<span class=\"elementor-icon-list-text\">ANESTESIA - geral<\/span>\n\t\t\t\t\t\t\t\t\t<\/li>\n\t\t\t\t\t\t\t\t<li class=\"elementor-icon-list-item\">\n\t\t\t\t\t\t\t\t\t\t\t<span class=\"elementor-icon-list-icon\">\n\t\t\t\t\t\t\t<i aria-hidden=\"true\" class=\"fas fa-bed\"><\/i>\t\t\t\t\t\t<\/span>\n\t\t\t\t\t\t\t\t\t\t<span class=\"elementor-icon-list-text\">CAMA - 1 semana com pernas elevadas<\/span>\n\t\t\t\t\t\t\t\t\t<\/li>\n\t\t\t\t\t\t\t\t<li class=\"elementor-icon-list-item\">\n\t\t\t\t\t\t\t\t\t\t\t<span class=\"elementor-icon-list-icon\">\n\t\t\t\t\t\t\t<i aria-hidden=\"true\" class=\"fas fa-check\"><\/i>\t\t\t\t\t\t<\/span>\n\t\t\t\t\t\t\t\t\t\t<span class=\"elementor-icon-list-text\">EFEITO - 3 a 6 meses<\/span>\n\t\t\t\t\t\t\t\t\t<\/li>\n\t\t\t\t\t\t\t\t<li class=\"elementor-icon-list-item\">\n\t\t\t\t\t\t\t\t\t\t\t<span class=\"elementor-icon-list-icon\">\n\t\t\t\t\t\t\t<i aria-hidden=\"true\" class=\"fas fa-check-circle\"><\/i>\t\t\t\t\t\t<\/span>\n\t\t\t\t\t\t\t\t\t\t<span class=\"elementor-icon-list-text\">RECUPERA\u00c7\u00c3O - 1 semana<\/span>\n\t\t\t\t\t\t\t\t\t<\/li>\n\t\t\t\t\t\t\t\t<li class=\"elementor-icon-list-item\">\n\t\t\t\t\t\t\t\t\t\t\t<span class=\"elementor-icon-list-icon\">\n\t\t\t\t\t\t\t<i aria-hidden=\"true\" class=\"far fa-heart\"><\/i>\t\t\t\t\t\t<\/span>\n\t\t\t\t\t\t\t\t\t\t<span class=\"elementor-icon-list-text\">RESULTADO - Duradouro<\/span>\n\t\t\t\t\t\t\t\t\t<\/li>\n\t\t\t\t\t\t<\/ul>\n\t\t\t\t<\/div>\n\t\t\t\t<\/div>\n\t\t\t\t<div class=\"elementor-element elementor-element-4d2dc32 elementor-align-justify elementor-widget elementor-widget-button\" data-id=\"4d2dc32\" data-element_type=\"widget\" data-widget_type=\"button.default\">\n\t\t\t\t<div class=\"elementor-widget-container\">\n\t\t\t\t\t<div class=\"elementor-button-wrapper\">\n\t\t\t<a href=\"https:\/\/cirurgiaplasticapassofundo.com.br\/?page_id=971\" class=\"elementor-button-link elementor-button elementor-size-sm\" role=\"button\">\n\t\t\t\t\t\t<span class=\"elementor-button-content-wrapper\">\n\t\t\t\t\t\t<span class=\"elementor-button-text\">D\u00favidas<\/span>\n\t\t<\/span>\n\t\t\t\t\t<\/a>\n\t\t<\/div>\n\t\t\t\t<\/div>\n\t\t\t\t<\/div>\n\t\t\t\t\t<\/div>\n\t\t<\/div>\n\t\t\t\t\t\t\t<\/div>\n\t\t<\/section>\n\t\t\t\t\t<\/div>\n\t\t<\/div>\n\t\t\t\t\t\t\t<\/div>\n\t\t<\/section>\n\t\t\t\t<section class=\"elementor-section elementor-top-section elementor-element elementor-element-2af242b elementor-section-boxed elementor-section-height-default elementor-section-height-default\" data-id=\"2af242b\" data-element_type=\"section\" data-settings=\"{&quot;background_background&quot;:&quot;classic&quot;}\">\n\t\t\t\t\t\t<div class=\"elementor-container elementor-column-gap-default\">\n\t\t\t\t\t<div class=\"elementor-column elementor-col-100 elementor-top-column elementor-element elementor-element-7afb089\" data-id=\"7afb089\" data-element_type=\"column\">\n\t\t\t<div class=\"elementor-widget-wrap elementor-element-populated\">\n\t\t\t\t\t\t\t\t<div class=\"elementor-element elementor-element-0ea59a2 elementor-hidden-phone elementor-invisible elementor-widget elementor-widget-heading\" data-id=\"0ea59a2\" data-element_type=\"widget\" data-settings=\"{&quot;_animation&quot;:&quot;fadeIn&quot;}\" data-widget_type=\"heading.default\">\n\t\t\t\t<div class=\"elementor-widget-container\">\n\t\t\t<h5 class=\"elementor-heading-title elementor-size-medium\">Procedimento cir\u00fargico<\/h5>\t\t<\/div>\n\t\t\t\t<\/div>\n\t\t\t\t<div class=\"elementor-element elementor-element-28057ab elementor-invisible elementor-widget elementor-widget-heading\" data-id=\"28057ab\" data-element_type=\"widget\" data-settings=\"{&quot;_animation&quot;:&quot;fadeInRight&quot;}\" data-widget_type=\"heading.default\">\n\t\t\t\t<div class=\"elementor-widget-container\">\n\t\t\t<h2 class=\"elementor-heading-title elementor-size-xxl\">Conhe\u00e7a<\/h2>\t\t<\/div>\n\t\t\t\t<\/div>\n\t\t\t\t<div class=\"elementor-element elementor-element-b9eaed3 elementor-widget-divider--view-line elementor-invisible elementor-widget elementor-widget-divider\" data-id=\"b9eaed3\" data-element_type=\"widget\" data-settings=\"{&quot;_animation&quot;:&quot;fadeInUp&quot;}\" data-widget_type=\"divider.default\">\n\t\t\t\t<div class=\"elementor-widget-container\">\n\t\t\t\t\t<div class=\"elementor-divider\">\n\t\t\t<span class=\"elementor-divider-separator\">\n\t\t\t\t\t\t<\/span>\n\t\t<\/div>\n\t\t\t\t<\/div>\n\t\t\t\t<\/div>\n\t\t\t\t<div class=\"elementor-element elementor-element-720199c elementor-invisible elementor-widget elementor-widget-text-editor\" data-id=\"720199c\" data-element_type=\"widget\" data-settings=\"{&quot;_animation&quot;:&quot;fadeIn&quot;}\" data-widget_type=\"text-editor.default\">\n\t\t\t\t<div class=\"elementor-widget-container\">\n\t\t\t\t\t\t\t\t<p>A Cirurgia de Lifting das Coxas acaba por restabelecer o adequado contorno das coxas, principalmente em sua face interna, com essa retirada de excesso de pele e tecido subcut\u00e2neo. A consulta inicial \u00e9 o momento no qual todas as quest\u00f5es t\u00e9cnicas s\u00e3o avaliadas e as d\u00favidas s\u00e3o esclarecidas entre o cirurgi\u00e3o pl\u00e1stico e o paciente para determinar a melhor t\u00e9cnica a ser utilizada e definir quais os resultados devem ser alcan\u00e7ados.<\/p><p><strong>INDICA\u00c7\u00d5ES<\/strong><\/p><p>O paciente pode considerar este procedimento se:<\/p><ul><li>Exerc\u00edcio f\u00edsico e perda de peso n\u00e3o foram suficientes para as expectativas do paciente;<\/li><li>Deseja ter pernas com apar\u00eancia mais jovem e com a pele mais firme;<\/li><li>Possui vontade de real\u00e7ar a silhueta das pernas.<\/li><\/ul><p>O melhor candidato para o Lifting das Coxas \u00e9 o paciente que j\u00e1 leva uma vida saud\u00e1vel e mant\u00e9m um peso est\u00e1vel ou ainda se seu peso n\u00e3o sofreu oscila\u00e7\u00f5es dr\u00e1sticas por pelo menos seis meses antes da cirurgia.<\/p><p><strong>A Cirurgia de Lifting das Coxas<\/strong><\/p><p>Durante o procedimento, o paciente ser\u00e1 sedado com medicamentos intravenosos que ser\u00e3o discutidos com o m\u00e9dico antes da cirurgia.<\/p><p>Para o Lifting das Coxas, h\u00e1 v\u00e1rios padr\u00f5es de incis\u00f5es que variam de acordo com as \u00e1reas que o paciente deseja melhorar.<\/p><p>Podem ser feitas incis\u00f5es que se estendem desde a virilha at\u00e9 o entorno do quadril. O cirurgi\u00e3o pl\u00e1stico ent\u00e3o, atrav\u00e9s destas incis\u00f5es, firma os tecidos para que o contorno das coxas fique firme e tonificado; talvez a incis\u00e3o seja feita na parte medial da coxa. Esta e quaisquer outras decis\u00f5es ser\u00e3o sempre tomadas em conjunto com o cirurgi\u00e3o pl\u00e1stico.<\/p><p>Suturas profundas podem ser realizadas para fechar estas incis\u00f5es.<\/p><p>Hoje em dia, as incis\u00f5es ocorrem em lugares estrat\u00e9gicos para que as cicatrizes n\u00e3o apare\u00e7am.<\/p><p>Entretanto, algumas incis\u00f5es podem ser mais extensas.<\/p><p><strong>A RECUPERA\u00c7\u00c3O<\/strong><\/p><p>Seu cirurgi\u00e3o ir\u00e1 determinar quanto tempo voc\u00ea deve ficar em repouso e quando ser\u00e1 seguro retomar suas atividades normais.<\/p><p>Curativos ser\u00e3o aplicados nas incis\u00f5es e um dreno poder\u00e1 ser colocado para coletar flu\u00eddos sob a pele ap\u00f3s a cirurgia.<\/p><p>Durante a primeira semana o paciente deve manter os membros inferiores elevados. As atividades di\u00e1rias poder\u00e3o ser retomadas entre 1 a 2 semanas, enquanto as atividades f\u00edsicas, entre 4 a 6 semanas.<\/p><p>A utiliza\u00e7\u00e3o de malha de compress\u00e3o, tipo bermuda , \u00e9 indicada pelo per\u00edodo de 3 a 6 meses.<\/p>\t\t\t\t\t\t<\/div>\n\t\t\t\t<\/div>\n\t\t\t\t<div class=\"elementor-element elementor-element-e6b4fe5 elementor-align-left elementor-invisible elementor-widget elementor-widget-button\" data-id=\"e6b4fe5\" data-element_type=\"widget\" data-settings=\"{&quot;_animation&quot;:&quot;fadeInUp&quot;,&quot;_animation_delay&quot;:800}\" data-widget_type=\"button.default\">\n\t\t\t\t<div class=\"elementor-widget-container\">\n\t\t\t\t\t<div class=\"elementor-button-wrapper\">\n\t\t\t<a href=\"https:\/\/cirurgiaplasticapassofundo.com.br\/?page_id=971\" class=\"elementor-button-link elementor-button elementor-size-md elementor-animation-sink\" role=\"button\">\n\t\t\t\t\t\t<span class=\"elementor-button-content-wrapper\">\n\t\t\t\t\t\t<span class=\"elementor-button-icon elementor-align-icon-right\">\n\t\t\t\t<i aria-hidden=\"true\" class=\"fas fa-angle-right\"><\/i>\t\t\t<\/span>\n\t\t\t\t\t\t<span class=\"elementor-button-text\">Agendar Consulta<\/span>\n\t\t<\/span>\n\t\t\t\t\t<\/a>\n\t\t<\/div>\n\t\t\t\t<\/div>\n\t\t\t\t<\/div>\n\t\t\t\t\t<\/div>\n\t\t<\/div>\n\t\t\t\t\t\t\t<\/div>\n\t\t<\/section>\n\t\t\t\t\t\t<\/div>\n\t\t\t\t\t<\/div>\n\t\t","protected":false},"excerpt":{"rendered":"<p>Cruroplastia rESUMO O Lifting das Coxas, tamb\u00e9m conhecido como Lifting Crural, ou ainda, Cruroplastia \u00e9 o procedimento que remodela as coxas, reduzindo o excesso de pele e gordura, resultando em pernas mais firmes e sinuosas. Itens INTERVEN\u00c7\u00c3O &#8211; 1h a 2hrs ANESTESIA &#8211; geral CAMA &#8211; 1 semana com pernas elevadas EFEITO &#8211; 3 a [&hellip;]<\/p>\n","protected":false},"author":1,"featured_media":0,"parent":0,"menu_order":0,"comment_status":"closed","ping_status":"closed","template":"","meta":{"footnotes":""},"class_list":["post-337","page","type-page","status-publish","hentry"],"yoast_head":"<!-- This site is optimized with the Yoast SEO plugin v22.2 - https:\/\/yoast.com\/wordpress\/plugins\/seo\/ -->\n<title>Cirurgia de Cruroplastia em Passo Fundo, Rio Grande do Sul com Dr. Willian Segalin<\/title>\n<meta name=\"description\" content=\"Cirurgia de Cruroplastia em Passo Fundo, Rio Grande do Sul com Dr. Willian Segalin, Conhe\u00e7a Tudo Sobre Esse Procedimento, Como Funciona Todo o Processo.\" \/>\n<meta name=\"robots\" content=\"index, follow, max-snippet:-1, max-image-preview:large, max-video-preview:-1\" \/>\n<link rel=\"canonical\" href=\"https:\/\/cirurgiaplasticapassofundo.com.br\/?page_id=337\" \/>\n<meta property=\"og:locale\" content=\"pt_BR\" \/>\n<meta property=\"og:type\" content=\"article\" \/>\n<meta property=\"og:title\" content=\"Cirurgia de Cruroplastia em Passo Fundo, Rio Grande do Sul com Dr. Willian Segalin\" \/>\n<meta property=\"og:description\" content=\"Cirurgia de Cruroplastia em Passo Fundo, Rio Grande do Sul com Dr. Willian Segalin, Conhe\u00e7a Tudo Sobre Esse Procedimento, Como Funciona Todo o Processo.\" \/>\n<meta property=\"og:url\" content=\"https:\/\/cirurgiaplasticapassofundo.com.br\/?page_id=337\" \/>\n<meta property=\"article:modified_time\" content=\"2026-04-07T18:20:25+00:00\" \/>\n<meta property=\"og:image\" content=\"https:\/\/cirurgiaplasticapassofundo.com.br\/wp-content\/uploads\/2024\/03\/555.jpg\" \/>\n<meta name=\"twitter:card\" content=\"summary_large_image\" \/>\n<meta name=\"twitter:label1\" content=\"Est. tempo de leitura\" \/>\n\t<meta name=\"twitter:data1\" content=\"3 minutos\" \/>\n<script type=\"application\/ld+json\" class=\"yoast-schema-graph\">{\"@context\":\"https:\/\/schema.org\",\"@graph\":[{\"@type\":\"WebPage\",\"@id\":\"https:\/\/cirurgiaplasticapassofundo.com.br\/?page_id=337\",\"url\":\"https:\/\/cirurgiaplasticapassofundo.com.br\/?page_id=337\",\"name\":\"Cirurgia de Cruroplastia em Passo Fundo, Rio Grande do Sul com Dr. Willian Segalin\",\"isPartOf\":{\"@id\":\"https:\/\/cirurgiaplasticapassofundo.com.br\/#website\"},\"primaryImageOfPage\":{\"@id\":\"https:\/\/cirurgiaplasticapassofundo.com.br\/?page_id=337#primaryimage\"},\"image\":{\"@id\":\"https:\/\/cirurgiaplasticapassofundo.com.br\/?page_id=337#primaryimage\"},\"thumbnailUrl\":\"https:\/\/cirurgiaplasticapassofundo.com.br\/wp-content\/uploads\/2024\/03\/555.jpg\",\"datePublished\":\"2024-03-18T15:58:13+00:00\",\"dateModified\":\"2026-04-07T18:20:25+00:00\",\"description\":\"Cirurgia de Cruroplastia em Passo Fundo, Rio Grande do Sul com Dr. Willian Segalin, Conhe\u00e7a Tudo Sobre Esse Procedimento, Como Funciona Todo o Processo.\",\"breadcrumb\":{\"@id\":\"https:\/\/cirurgiaplasticapassofundo.com.br\/?page_id=337#breadcrumb\"},\"inLanguage\":\"pt-BR\",\"potentialAction\":[{\"@type\":\"ReadAction\",\"target\":[\"https:\/\/cirurgiaplasticapassofundo.com.br\/?page_id=337\"]}]},{\"@type\":\"ImageObject\",\"inLanguage\":\"pt-BR\",\"@id\":\"https:\/\/cirurgiaplasticapassofundo.com.br\/?page_id=337#primaryimage\",\"url\":\"https:\/\/cirurgiaplasticapassofundo.com.br\/wp-content\/uploads\/2024\/03\/555.jpg\",\"contentUrl\":\"https:\/\/cirurgiaplasticapassofundo.com.br\/wp-content\/uploads\/2024\/03\/555.jpg\",\"width\":960,\"height\":720},{\"@type\":\"BreadcrumbList\",\"@id\":\"https:\/\/cirurgiaplasticapassofundo.com.br\/?page_id=337#breadcrumb\",\"itemListElement\":[{\"@type\":\"ListItem\",\"position\":1,\"name\":\"In\u00edcio\",\"item\":\"https:\/\/cirurgiaplasticapassofundo.com.br\/\"},{\"@type\":\"ListItem\",\"position\":2,\"name\":\"Cruroplastia\"}]},{\"@type\":\"WebSite\",\"@id\":\"https:\/\/cirurgiaplasticapassofundo.com.br\/#website\",\"url\":\"https:\/\/cirurgiaplasticapassofundo.com.br\/\",\"name\":\"\",\"description\":\"\",\"potentialAction\":[{\"@type\":\"SearchAction\",\"target\":{\"@type\":\"EntryPoint\",\"urlTemplate\":\"https:\/\/cirurgiaplasticapassofundo.com.br\/?s={search_term_string}\"},\"query-input\":\"required name=search_term_string\"}],\"inLanguage\":\"pt-BR\"}]}<\/script>\n<!-- \/ Yoast SEO plugin. -->","yoast_head_json":{"title":"Cirurgia de Cruroplastia em Passo Fundo, Rio Grande do Sul com Dr. Willian Segalin","description":"Cirurgia de Cruroplastia em Passo Fundo, Rio Grande do Sul com Dr. Willian Segalin, Conhe\u00e7a Tudo Sobre Esse Procedimento, Como Funciona Todo o Processo.","robots":{"index":"index","follow":"follow","max-snippet":"max-snippet:-1","max-image-preview":"max-image-preview:large","max-video-preview":"max-video-preview:-1"},"canonical":"https:\/\/cirurgiaplasticapassofundo.com.br\/?page_id=337","og_locale":"pt_BR","og_type":"article","og_title":"Cirurgia de Cruroplastia em Passo Fundo, Rio Grande do Sul com Dr. Willian Segalin","og_description":"Cirurgia de Cruroplastia em Passo Fundo, Rio Grande do Sul com Dr. Willian Segalin, Conhe\u00e7a Tudo Sobre Esse Procedimento, Como Funciona Todo o Processo.","og_url":"https:\/\/cirurgiaplasticapassofundo.com.br\/?page_id=337","article_modified_time":"2026-04-07T18:20:25+00:00","og_image":[{"url":"https:\/\/cirurgiaplasticapassofundo.com.br\/wp-content\/uploads\/2024\/03\/555.jpg"}],"twitter_card":"summary_large_image","twitter_misc":{"Est. tempo de leitura":"3 minutos"},"schema":{"@context":"https:\/\/schema.org","@graph":[{"@type":"WebPage","@id":"https:\/\/cirurgiaplasticapassofundo.com.br\/?page_id=337","url":"https:\/\/cirurgiaplasticapassofundo.com.br\/?page_id=337","name":"Cirurgia de Cruroplastia em Passo Fundo, Rio Grande do Sul com Dr. Willian Segalin","isPartOf":{"@id":"https:\/\/cirurgiaplasticapassofundo.com.br\/#website"},"primaryImageOfPage":{"@id":"https:\/\/cirurgiaplasticapassofundo.com.br\/?page_id=337#primaryimage"},"image":{"@id":"https:\/\/cirurgiaplasticapassofundo.com.br\/?page_id=337#primaryimage"},"thumbnailUrl":"https:\/\/cirurgiaplasticapassofundo.com.br\/wp-content\/uploads\/2024\/03\/555.jpg","datePublished":"2024-03-18T15:58:13+00:00","dateModified":"2026-04-07T18:20:25+00:00","description":"Cirurgia de Cruroplastia em Passo Fundo, Rio Grande do Sul com Dr. Willian Segalin, Conhe\u00e7a Tudo Sobre Esse Procedimento, Como Funciona Todo o Processo.","breadcrumb":{"@id":"https:\/\/cirurgiaplasticapassofundo.com.br\/?page_id=337#breadcrumb"},"inLanguage":"pt-BR","potentialAction":[{"@type":"ReadAction","target":["https:\/\/cirurgiaplasticapassofundo.com.br\/?page_id=337"]}]},{"@type":"ImageObject","inLanguage":"pt-BR","@id":"https:\/\/cirurgiaplasticapassofundo.com.br\/?page_id=337#primaryimage","url":"https:\/\/cirurgiaplasticapassofundo.com.br\/wp-content\/uploads\/2024\/03\/555.jpg","contentUrl":"https:\/\/cirurgiaplasticapassofundo.com.br\/wp-content\/uploads\/2024\/03\/555.jpg","width":960,"height":720},{"@type":"BreadcrumbList","@id":"https:\/\/cirurgiaplasticapassofundo.com.br\/?page_id=337#breadcrumb","itemListElement":[{"@type":"ListItem","position":1,"name":"In\u00edcio","item":"https:\/\/cirurgiaplasticapassofundo.com.br\/"},{"@type":"ListItem","position":2,"name":"Cruroplastia"}]},{"@type":"WebSite","@id":"https:\/\/cirurgiaplasticapassofundo.com.br\/#website","url":"https:\/\/cirurgiaplasticapassofundo.com.br\/","name":"","description":"","potentialAction":[{"@type":"SearchAction","target":{"@type":"EntryPoint","urlTemplate":"https:\/\/cirurgiaplasticapassofundo.com.br\/?s={search_term_string}"},"query-input":"required name=search_term_string"}],"inLanguage":"pt-BR"}]}},"_links":{"self":[{"href":"https:\/\/cirurgiaplasticapassofundo.com.br\/index.php?rest_route=\/wp\/v2\/pages\/337","targetHints":{"allow":["GET"]}}],"collection":[{"href":"https:\/\/cirurgiaplasticapassofundo.com.br\/index.php?rest_route=\/wp\/v2\/pages"}],"about":[{"href":"https:\/\/cirurgiaplasticapassofundo.com.br\/index.php?rest_route=\/wp\/v2\/types\/page"}],"author":[{"embeddable":true,"href":"https:\/\/cirurgiaplasticapassofundo.com.br\/index.php?rest_route=\/wp\/v2\/users\/1"}],"replies":[{"embeddable":true,"href":"https:\/\/cirurgiaplasticapassofundo.com.br\/index.php?rest_route=%2Fwp%2Fv2%2Fcomments&post=337"}],"version-history":[{"count":23,"href":"https:\/\/cirurgiaplasticapassofundo.com.br\/index.php?rest_route=\/wp\/v2\/pages\/337\/revisions"}],"predecessor-version":[{"id":1021,"href":"https:\/\/cirurgiaplasticapassofundo.com.br\/index.php?rest_route=\/wp\/v2\/pages\/337\/revisions\/1021"}],"wp:attachment":[{"href":"https:\/\/cirurgiaplasticapassofundo.com.br\/index.php?rest_route=%2Fwp%2Fv2%2Fmedia&parent=337"}],"curies":[{"name":"wp","href":"https:\/\/api.w.org\/{rel}","templated":true}]}}